{"id":1842,"date":"2018-03-06T15:39:27","date_gmt":"2018-03-06T15:39:27","guid":{"rendered":"http:\/\/m-interijer.hr\/site\/?page_id=1842"},"modified":"2018-03-12T12:44:00","modified_gmt":"2018-03-12T12:44:00","slug":"beschlaege-und-griffe","status":"publish","type":"page","link":"https:\/\/m-interijer.hr\/site\/materialmuster\/beschlaege-und-griffe\/?lang=de","title":{"rendered":"Beschl\u00e4ge und Griffe"},"content":{"rendered":"<p>[et_pb_section bb_built=&#8220;1&#8243; background_color=&#8220;#ffffff&#8220; _builder_version=&#8220;3.0.105&#8243;][et_pb_row][et_pb_column type=&#8220;4_4&#8243;][et_pb_blurb title=&#8220;Beschl\u00e4ge und Griffe&#8220; background_layout=&#8220;light&#8220; _builder_version=&#8220;3.0.106&#8243; header_level=&#8220;h3&#8243; header_font=&#8220;|700|||||||&#8220; use_icon=&#8220;off&#8220; url_new_window=&#8220;off&#8220; use_circle=&#8220;off&#8220; use_circle_border=&#8220;off&#8220; icon_placement=&#8220;top&#8220; use_icon_font_size=&#8220;off&#8220; content_max_width=&#8220;800px&#8220; image=&#8220;http:\/\/m-interijer.hr\/site\/wp-content\/uploads\/2018\/03\/ruckice-1.jpg&#8220;]<\/p>\n<p>M- INTERIJER verwendet in seiner K\u00fcchenproduktion vor allem das Programm der Firmen SCHACHERMAYER und \u00a0SIGMA PLUS , bei dem Sie unter mehr als 1000 Arten von Griffen w\u00e4hlen k\u00f6nnen, \u00fcber zehn verschiedene\u00a0 Einbauk\u00f6rbe, Besteckf\u00e4cher, Einbauwannen und Beh\u00e4lter, F\u00fchrungssysteme der Marke GRASS und andere, Beine, spezielle Befestigungen f\u00fcr Fronten, verschiedene Konsolen und Frontenheber.<\/p>\n<p>&#8230; w\u00e4hlen Sie!<\/p>\n<p>[\/et_pb_blurb][\/et_pb_column][\/et_pb_row][et_pb_row _builder_version=&#8220;3.0.106&#8243; use_custom_width=&#8220;on&#8220; custom_width_px=&#8220;800px&#8220;][et_pb_column type=&#8220;1_3&#8243;][et_pb_image _builder_version=&#8220;3.0.105&#8243; show_in_lightbox=&#8220;off&#8220; url=&#8220;http:\/\/www.rujzdesign.com\/en\/&#8220; url_new_window=&#8220;on&#8220; src=&#8220;http:\/\/m-interijer.hr\/site\/wp-content\/uploads\/2018\/03\/logo-rd.png&#8220; always_center_on_mobile=&#8220;on&#8220; use_overlay=&#8220;off&#8220; force_fullwidth=&#8220;off&#8220; show_bottom_space=&#8220;on&#8220; \/][\/et_pb_column][et_pb_column type=&#8220;1_3&#8243;][et_pb_image _builder_version=&#8220;3.0.105&#8243; show_in_lightbox=&#8220;off&#8220; url=&#8220;https:\/\/webshop.schachermayer.com\/cat\/hr-HR&#8220; url_new_window=&#8220;on&#8220; src=&#8220;http:\/\/m-interijer.hr\/site\/wp-content\/uploads\/2018\/03\/logo-sch.png&#8220; always_center_on_mobile=&#8220;on&#8220; use_overlay=&#8220;off&#8220; force_fullwidth=&#8220;off&#8220; show_bottom_space=&#8220;on&#8220; \/][\/et_pb_column][et_pb_column type=&#8220;1_3&#8243;][et_pb_image _builder_version=&#8220;3.0.105&#8243; show_in_lightbox=&#8220;off&#8220; url=&#8220;http:\/\/www.sigma-plus.hr\/index.php&#8220; url_new_window=&#8220;on&#8220; src=&#8220;http:\/\/m-interijer.hr\/site\/wp-content\/uploads\/2018\/03\/logo-sigmaplus.png&#8220; always_center_on_mobile=&#8220;on&#8220; use_overlay=&#8220;off&#8220; force_fullwidth=&#8220;off&#8220; show_bottom_space=&#8220;on&#8220; \/][\/et_pb_column][\/et_pb_row][\/et_pb_section]<\/p>\n","protected":false},"excerpt":{"rendered":"<p>[et_pb_section bb_built=&#8220;1&#8243; background_color=&#8220;#ffffff&#8220; _builder_version=&#8220;3.0.105&#8243;][et_pb_row][et_pb_column type=&#8220;4_4&#8243;][et_pb_blurb title=&#8220;Beschl\u00e4ge und Griffe&#8220; background_layout=&#8220;light&#8220; _builder_version=&#8220;3.0.106&#8243; header_level=&#8220;h3&#8243; header_font=&#8220;|700|||||||&#8220; use_icon=&#8220;off&#8220; url_new_window=&#8220;off&#8220; use_circle=&#8220;off&#8220; use_circle_border=&#8220;off&#8220; icon_placement=&#8220;top&#8220; use_icon_font_size=&#8220;off&#8220; content_max_width=&#8220;800px&#8220; image=&#8220;http:\/\/m-interijer.hr\/site\/wp-content\/uploads\/2018\/03\/ruckice-1.jpg&#8220;] M- INTERIJER verwendet in seiner K\u00fcchenproduktion vor allem das Programm der Firmen SCHACHERMAYER und \u00a0SIGMA PLUS , bei dem Sie unter mehr als 1000 Arten von Griffen w\u00e4hlen k\u00f6nnen, \u00fcber zehn verschiedene\u00a0 Einbauk\u00f6rbe, Besteckf\u00e4cher, Einbauwannen [&hellip;]<\/p>\n","protected":false},"author":1,"featured_media":0,"parent":1816,"menu_order":0,"comment_status":"closed","ping_status":"closed","template":"","meta":{"_et_pb_use_builder":"on","_et_pb_old_content":"","footnotes":""},"class_list":["post-1842","page","type-page","status-publish","hentry"],"yoast_head":"<!-- This site is optimized with the Yoast SEO plugin v24.6 - https:\/\/yoast.com\/wordpress\/plugins\/seo\/ -->\n<title>Beschl\u00e4ge und Griffe - M-interijer<\/title>\n<meta name=\"robots\" content=\"index, follow, max-snippet:-1, max-image-preview:large, max-video-preview:-1\" \/>\n<link rel=\"canonical\" href=\"https:\/\/m-interijer.hr\/site\/materialmuster\/beschlaege-und-griffe\/?lang=de\" \/>\n<meta property=\"og:locale\" content=\"de_DE\" \/>\n<meta property=\"og:type\" content=\"article\" \/>\n<meta property=\"og:title\" content=\"Beschl\u00e4ge und Griffe - M-interijer\" \/>\n<meta property=\"og:description\" content=\"[et_pb_section bb_built=&#8220;1&#8243; background_color=&#8220;#ffffff&#8220; _builder_version=&#8220;3.0.105&#8243;][et_pb_row][et_pb_column type=&#8220;4_4&#8243;][et_pb_blurb title=&#8220;Beschl\u00e4ge und Griffe&#8220; background_layout=&#8220;light&#8220; _builder_version=&#8220;3.0.106&#8243; header_level=&#8220;h3&#8243; header_font=&#8220;|700|||||||&#8220; use_icon=&#8220;off&#8220; url_new_window=&#8220;off&#8220; use_circle=&#8220;off&#8220; use_circle_border=&#8220;off&#8220; icon_placement=&#8220;top&#8220; use_icon_font_size=&#8220;off&#8220; content_max_width=&#8220;800px&#8220; image=&#8220;http:\/\/m-interijer.hr\/site\/wp-content\/uploads\/2018\/03\/ruckice-1.jpg&#8220;] M- INTERIJER verwendet in seiner K\u00fcchenproduktion vor allem das Programm der Firmen SCHACHERMAYER und \u00a0SIGMA PLUS , bei dem Sie unter mehr als 1000 Arten von Griffen w\u00e4hlen k\u00f6nnen, \u00fcber zehn verschiedene\u00a0 Einbauk\u00f6rbe, Besteckf\u00e4cher, Einbauwannen [&hellip;]\" \/>\n<meta property=\"og:url\" content=\"https:\/\/m-interijer.hr\/site\/materialmuster\/beschlaege-und-griffe\/?lang=de\" \/>\n<meta property=\"og:site_name\" content=\"M-interijer\" \/>\n<meta property=\"article:modified_time\" content=\"2018-03-12T12:44:00+00:00\" \/>\n<meta name=\"twitter:card\" content=\"summary_large_image\" \/>\n<meta name=\"twitter:label1\" content=\"Gesch\u00e4tzte Lesezeit\" \/>\n\t<meta name=\"twitter:data1\" content=\"2\u00a0Minuten\" \/>\n<script type=\"application\/ld+json\" class=\"yoast-schema-graph\">{\"@context\":\"https:\/\/schema.org\",\"@graph\":[{\"@type\":\"WebPage\",\"@id\":\"https:\/\/m-interijer.hr\/site\/materialmuster\/beschlaege-und-griffe\/?lang=de\",\"url\":\"https:\/\/m-interijer.hr\/site\/materialmuster\/beschlaege-und-griffe\/?lang=de\",\"name\":\"Beschl\u00e4ge und Griffe - M-interijer\",\"isPartOf\":{\"@id\":\"https:\/\/m-interijer.hr\/site\/#website\"},\"datePublished\":\"2018-03-06T15:39:27+00:00\",\"dateModified\":\"2018-03-12T12:44:00+00:00\",\"breadcrumb\":{\"@id\":\"https:\/\/m-interijer.hr\/site\/materialmuster\/beschlaege-und-griffe\/?lang=de#breadcrumb\"},\"inLanguage\":\"de\",\"potentialAction\":[{\"@type\":\"ReadAction\",\"target\":[\"https:\/\/m-interijer.hr\/site\/materialmuster\/beschlaege-und-griffe\/?lang=de\"]}]},{\"@type\":\"BreadcrumbList\",\"@id\":\"https:\/\/m-interijer.hr\/site\/materialmuster\/beschlaege-und-griffe\/?lang=de#breadcrumb\",\"itemListElement\":[{\"@type\":\"ListItem\",\"position\":1,\"name\":\"Po\u010detna stranica\",\"item\":\"https:\/\/m-interijer.hr\/site\/?lang=de\"},{\"@type\":\"ListItem\",\"position\":2,\"name\":\"Materialmuster\",\"item\":\"https:\/\/m-interijer.hr\/site\/materialmuster\/?lang=de\"},{\"@type\":\"ListItem\",\"position\":3,\"name\":\"Beschl\u00e4ge und Griffe\"}]},{\"@type\":\"WebSite\",\"@id\":\"https:\/\/m-interijer.hr\/site\/#website\",\"url\":\"https:\/\/m-interijer.hr\/site\/\",\"name\":\"M-interijer\",\"description\":\"Namje\u0161taj po mjeri\",\"publisher\":{\"@id\":\"https:\/\/m-interijer.hr\/site\/#organization\"},\"inLanguage\":\"de\"},{\"@type\":\"Organization\",\"@id\":\"https:\/\/m-interijer.hr\/site\/#organization\",\"name\":\"M interijer\",\"url\":\"https:\/\/m-interijer.hr\/site\/\",\"logo\":{\"@type\":\"ImageObject\",\"inLanguage\":\"de\",\"@id\":\"https:\/\/m-interijer.hr\/site\/#\/schema\/logo\/image\/\",\"url\":\"https:\/\/m-interijer.hr\/site\/wp-content\/uploads\/2018\/02\/logo_final.jpg\",\"contentUrl\":\"https:\/\/m-interijer.hr\/site\/wp-content\/uploads\/2018\/02\/logo_final.jpg\",\"width\":864,\"height\":262,\"caption\":\"M interijer\"},\"image\":{\"@id\":\"https:\/\/m-interijer.hr\/site\/#\/schema\/logo\/image\/\"}}]}<\/script>\n<!-- \/ Yoast SEO plugin. -->","yoast_head_json":{"title":"Beschl\u00e4ge und Griffe - M-interijer","robots":{"index":"index","follow":"follow","max-snippet":"max-snippet:-1","max-image-preview":"max-image-preview:large","max-video-preview":"max-video-preview:-1"},"canonical":"https:\/\/m-interijer.hr\/site\/materialmuster\/beschlaege-und-griffe\/?lang=de","og_locale":"de_DE","og_type":"article","og_title":"Beschl\u00e4ge und Griffe - M-interijer","og_description":"[et_pb_section bb_built=&#8220;1&#8243; background_color=&#8220;#ffffff&#8220; _builder_version=&#8220;3.0.105&#8243;][et_pb_row][et_pb_column type=&#8220;4_4&#8243;][et_pb_blurb title=&#8220;Beschl\u00e4ge und Griffe&#8220; background_layout=&#8220;light&#8220; _builder_version=&#8220;3.0.106&#8243; header_level=&#8220;h3&#8243; header_font=&#8220;|700|||||||&#8220; use_icon=&#8220;off&#8220; url_new_window=&#8220;off&#8220; use_circle=&#8220;off&#8220; use_circle_border=&#8220;off&#8220; icon_placement=&#8220;top&#8220; use_icon_font_size=&#8220;off&#8220; content_max_width=&#8220;800px&#8220; image=&#8220;http:\/\/m-interijer.hr\/site\/wp-content\/uploads\/2018\/03\/ruckice-1.jpg&#8220;] M- INTERIJER verwendet in seiner K\u00fcchenproduktion vor allem das Programm der Firmen SCHACHERMAYER und \u00a0SIGMA PLUS , bei dem Sie unter mehr als 1000 Arten von Griffen w\u00e4hlen k\u00f6nnen, \u00fcber zehn verschiedene\u00a0 Einbauk\u00f6rbe, Besteckf\u00e4cher, Einbauwannen [&hellip;]","og_url":"https:\/\/m-interijer.hr\/site\/materialmuster\/beschlaege-und-griffe\/?lang=de","og_site_name":"M-interijer","article_modified_time":"2018-03-12T12:44:00+00:00","twitter_card":"summary_large_image","twitter_misc":{"Gesch\u00e4tzte Lesezeit":"2\u00a0Minuten"},"schema":{"@context":"https:\/\/schema.org","@graph":[{"@type":"WebPage","@id":"https:\/\/m-interijer.hr\/site\/materialmuster\/beschlaege-und-griffe\/?lang=de","url":"https:\/\/m-interijer.hr\/site\/materialmuster\/beschlaege-und-griffe\/?lang=de","name":"Beschl\u00e4ge und Griffe - M-interijer","isPartOf":{"@id":"https:\/\/m-interijer.hr\/site\/#website"},"datePublished":"2018-03-06T15:39:27+00:00","dateModified":"2018-03-12T12:44:00+00:00","breadcrumb":{"@id":"https:\/\/m-interijer.hr\/site\/materialmuster\/beschlaege-und-griffe\/?lang=de#breadcrumb"},"inLanguage":"de","potentialAction":[{"@type":"ReadAction","target":["https:\/\/m-interijer.hr\/site\/materialmuster\/beschlaege-und-griffe\/?lang=de"]}]},{"@type":"BreadcrumbList","@id":"https:\/\/m-interijer.hr\/site\/materialmuster\/beschlaege-und-griffe\/?lang=de#breadcrumb","itemListElement":[{"@type":"ListItem","position":1,"name":"Po\u010detna stranica","item":"https:\/\/m-interijer.hr\/site\/?lang=de"},{"@type":"ListItem","position":2,"name":"Materialmuster","item":"https:\/\/m-interijer.hr\/site\/materialmuster\/?lang=de"},{"@type":"ListItem","position":3,"name":"Beschl\u00e4ge und Griffe"}]},{"@type":"WebSite","@id":"https:\/\/m-interijer.hr\/site\/#website","url":"https:\/\/m-interijer.hr\/site\/","name":"M-interijer","description":"Namje\u0161taj po mjeri","publisher":{"@id":"https:\/\/m-interijer.hr\/site\/#organization"},"inLanguage":"de"},{"@type":"Organization","@id":"https:\/\/m-interijer.hr\/site\/#organization","name":"M interijer","url":"https:\/\/m-interijer.hr\/site\/","logo":{"@type":"ImageObject","inLanguage":"de","@id":"https:\/\/m-interijer.hr\/site\/#\/schema\/logo\/image\/","url":"https:\/\/m-interijer.hr\/site\/wp-content\/uploads\/2018\/02\/logo_final.jpg","contentUrl":"https:\/\/m-interijer.hr\/site\/wp-content\/uploads\/2018\/02\/logo_final.jpg","width":864,"height":262,"caption":"M interijer"},"image":{"@id":"https:\/\/m-interijer.hr\/site\/#\/schema\/logo\/image\/"}}]}},"_links":{"self":[{"href":"https:\/\/m-interijer.hr\/site\/wp-json\/wp\/v2\/pages\/1842\/?lang=de"}],"collection":[{"href":"https:\/\/m-interijer.hr\/site\/wp-json\/wp\/v2\/pages\/?lang=de"}],"about":[{"href":"https:\/\/m-interijer.hr\/site\/wp-json\/wp\/v2\/types\/page\/?lang=de"}],"author":[{"embeddable":true,"href":"https:\/\/m-interijer.hr\/site\/wp-json\/wp\/v2\/users\/1\/?lang=de"}],"replies":[{"embeddable":true,"href":"https:\/\/m-interijer.hr\/site\/wp-json\/wp\/v2\/comments\/?lang=de&post=1842"}],"version-history":[{"count":4,"href":"https:\/\/m-interijer.hr\/site\/wp-json\/wp\/v2\/pages\/1842\/revisions\/?lang=de"}],"predecessor-version":[{"id":2242,"href":"https:\/\/m-interijer.hr\/site\/wp-json\/wp\/v2\/pages\/1842\/revisions\/2242\/?lang=de"}],"up":[{"embeddable":true,"href":"https:\/\/m-interijer.hr\/site\/wp-json\/wp\/v2\/pages\/1816\/?lang=de"}],"wp:attachment":[{"href":"https:\/\/m-interijer.hr\/site\/wp-json\/wp\/v2\/media\/?lang=de&parent=1842"}],"curies":[{"name":"wp","href":"https:\/\/api.w.org\/{rel}","templated":true}]}}