{"id":1820,"date":"2018-02-28T10:55:07","date_gmt":"2018-02-28T10:55:07","guid":{"rendered":"http:\/\/m-interijer.hr\/site\/?page_id=1820"},"modified":"2018-03-06T21:03:36","modified_gmt":"2018-03-06T21:03:36","slug":"fronts","status":"publish","type":"page","link":"https:\/\/m-interijer.hr\/site\/materials\/fronts\/?lang=en","title":{"rendered":"Fronts"},"content":{"rendered":"<p>[et_pb_section bb_built=&#8221;1&#8243; background_color=&#8221;#ffffff&#8221; _builder_version=&#8221;3.0.105&#8243;][et_pb_row _builder_version=&#8221;3.0.47&#8243; background_size=&#8221;initial&#8221; background_position=&#8221;top_left&#8221; background_repeat=&#8221;repeat&#8221;][et_pb_column type=&#8221;4_4&#8243;][et_pb_blurb title=&#8221;Fronts&#8221; background_layout=&#8221;light&#8221; _builder_version=&#8221;3.0.105&#8243; header_level=&#8221;h3&#8243; header_font=&#8221;|700|||||||&#8221; use_icon=&#8221;off&#8221; url_new_window=&#8221;off&#8221; use_circle=&#8221;off&#8221; use_circle_border=&#8221;off&#8221; icon_placement=&#8221;top&#8221; use_icon_font_size=&#8221;off&#8221; content_max_width=&#8221;800px&#8221;]<\/p>\n<p>We make all fronts by ourselves.<\/p>\n<p>Customers have very big selection of colors and front designs which can be adapted to match any taste, that is, we can make any front exactly as buyer wants it. Off course, we also tailor corpuses by measure and in different sizes, depths and shapes.<\/p>\n<p>Fronts are divided in:<\/p>\n<p>CHIPBOARD (3 groups)<\/p>\n<p>Chipboard fronts can be canted with 0,5 and 2 mm ABS or colored with top layer pigmented PU varnish. You can choose among 90 front designs made of chipboard and lined with ABS tape by your choice and all from established Austrian manufacturers (Kaindl, Egger).<\/p>\n<p>MDF (10 groups)<\/p>\n<p>We divided MDF fronts in ten groups and they differ in number and type of canals they have, for example, if they have patina and canals on doors or not, are they in high shine or structure effect. Today MDF is the most popular material in kitchen manufacturing. We have selection of 2500 colors in two shine effects. You can even bring your own sample and we will scan it and use it to paint your kitchen and adopt fronts according to your desires by using different canal shapes. We have in our offer 12 different front shapes and they can fit perfectly into your kitchen. New in our offer is MDF front with patina that looks like solid wood because it has rings or MDF front with super shine varnish in 2500 colors.<\/p>\n<p>SOLID WOOD (5 groups)<\/p>\n<p>Irreplaceable material in classical kitchen manufacturing. We in M &#8211; INTERIJER prefer hard types of wood for kitchen manufacturing such as oak, beech, ash wood, cherry tree and walnut tree. According to your desires we can apply on fronts patina, varnish and off course four layers of PU spray. It is important to emphasize our special offer &#8211; front with patina, product of company SAYERLACK. Colors for solid wood fronts are made on demand.<\/p>\n<p>VENEERED CHIPBOARD (5 groups)<\/p>\n<p>We make it from oak, beech, cherry tree and ash wood&#8230; According to your plans we varnish it in desired tone. We line them with solid wood lath around and on the surface, with and without pores and in multiple varnish layers.<\/p>\n<p>PANEL BOARD (5 groups)<\/p>\n<p>They are also made from oak, beech, cherry tree and ash wood&#8230; According to your plans we varnish it in desired tone and line them with solid wood lath around and on the surface.<\/p>\n<p>In our salon you can always find displayed about 60 fronts made of veneered chipboard, MDF or solid wood and 90 chipboard panels.<\/p>\n<p>[\/et_pb_blurb][et_pb_gallery admin_label=&#8221;Gallery Fronts&#8221; _builder_version=&#8221;3.0.105&#8243; show_title_and_caption=&#8221;off&#8221; show_pagination=&#8221;on&#8221; posts_number=&#8221;28&#8243; gallery_ids=&#8221;2038,2037,2018,2013,2036,2035,2034,2033,2032,2031,2030,2029,2028,2027,2026,2025,2024,2023,2022,2021,2020,2019,2017,2016,2015,2014,2012,2011,2010,2009,2008,2007,2006,2005,2004,2003,2002,2001,2000,1999,1998,1997,1996,1995,1994,1993,1992,1991,1990,1989,1988,1987,1986,1985,1984,1983,1982,1981,1980,1979,1978,1977,1976,1975,1974,1973,1972,1971,1970,1969,1968,1967,1966,1965,1964,1963,1962,1961,1960,1959,1958,1957,1956,1955,1954,1953,1952,1951,1950,1949,1948,1947,1946,1945,1944,1943,1942,1941,1940,1939,1938,1937,1936,1935,1934,1933,1932,1931,1930,1929,1928,1927,1926,1925,1924,1923,1922,1921,1920,1919,1918,1917,1916,1915,1914,1913,1912,1911,1910,1909,1908,1907,1906,1905,1904,1903,1902,1901,1900,1899,1898,1897,1896,1895,1894,1893,1892,1891,1890,1889,1888,1887,1886,1885,1884,1883,1882,1881,1880,1879,1878,1877,1876,1875,1874,1873&#8243; zoom_icon_color=&#8221;#e02b20&#8243; hover_overlay_color=&#8221;rgba(255,255,255,0.9)&#8221; fullwidth=&#8221;off&#8221; orientation=&#8221;landscape&#8221; box_shadow_style_image=&#8221;preset2&#8243; background_layout=&#8221;light&#8221; pagination_font_size_tablet=&#8221;51&#8243; pagination_line_height_tablet=&#8221;2&#8243; saved_tabs=&#8221;all&#8221; global_module=&#8221;2040&#8243; \/][\/et_pb_column][\/et_pb_row][\/et_pb_section]<\/p>\n","protected":false},"excerpt":{"rendered":"<p>[et_pb_section bb_built=&#8221;1&#8243; background_color=&#8221;#ffffff&#8221; _builder_version=&#8221;3.0.105&#8243;][et_pb_row _builder_version=&#8221;3.0.47&#8243; background_size=&#8221;initial&#8221; background_position=&#8221;top_left&#8221; background_repeat=&#8221;repeat&#8221;][et_pb_column type=&#8221;4_4&#8243;][et_pb_blurb title=&#8221;Fronts&#8221; background_layout=&#8221;light&#8221; _builder_version=&#8221;3.0.105&#8243; header_level=&#8221;h3&#8243; header_font=&#8221;|700|||||||&#8221; use_icon=&#8221;off&#8221; url_new_window=&#8221;off&#8221; use_circle=&#8221;off&#8221; use_circle_border=&#8221;off&#8221; icon_placement=&#8221;top&#8221; use_icon_font_size=&#8221;off&#8221; content_max_width=&#8221;800px&#8221;] We make all fronts by ourselves. Customers have very big selection of colors and front designs which can be adapted to match any taste, that is, we can make any front exactly as buyer [&hellip;]<\/p>\n","protected":false},"author":1,"featured_media":0,"parent":1814,"menu_order":0,"comment_status":"closed","ping_status":"closed","template":"","meta":{"_et_pb_use_builder":"on","_et_pb_old_content":"","footnotes":""},"class_list":["post-1820","page","type-page","status-publish","hentry"],"yoast_head":"<!-- This site is optimized with the Yoast SEO plugin v24.6 - https:\/\/yoast.com\/wordpress\/plugins\/seo\/ -->\n<title>Fronts - M-interijer<\/title>\n<meta name=\"description\" content=\"Materijali - Fronte SVE FRONTE KOJE VIDITE NA WEBU IZRA\u0110UJEMO I DIZAJNIRAMO SAMI ! Kupac ima jako veliki izbor boja i dezena fronti koje mo\u017eemo prilagoditi po sva\u010dijem ukusu tj. neku frontu mo\u017eemo uzraditi po kup\u010devoj \u017eelji.\" \/>\n<meta name=\"robots\" content=\"index, follow, max-snippet:-1, max-image-preview:large, max-video-preview:-1\" \/>\n<link rel=\"canonical\" href=\"https:\/\/m-interijer.hr\/site\/materials\/fronts\/?lang=en\" \/>\n<meta property=\"og:locale\" content=\"en_US\" \/>\n<meta property=\"og:type\" content=\"article\" \/>\n<meta property=\"og:title\" content=\"Fronts - M-interijer\" \/>\n<meta property=\"og:description\" content=\"Materijali - Fronte SVE FRONTE KOJE VIDITE NA WEBU IZRA\u0110UJEMO I DIZAJNIRAMO SAMI ! Kupac ima jako veliki izbor boja i dezena fronti koje mo\u017eemo prilagoditi po sva\u010dijem ukusu tj. neku frontu mo\u017eemo uzraditi po kup\u010devoj \u017eelji.\" \/>\n<meta property=\"og:url\" content=\"https:\/\/m-interijer.hr\/site\/materials\/fronts\/?lang=en\" \/>\n<meta property=\"og:site_name\" content=\"M-interijer\" \/>\n<meta property=\"article:modified_time\" content=\"2018-03-06T21:03:36+00:00\" \/>\n<meta name=\"twitter:card\" content=\"summary_large_image\" \/>\n<meta name=\"twitter:label1\" content=\"Est. reading time\" \/>\n\t<meta name=\"twitter:data1\" content=\"3 minutes\" \/>\n<script type=\"application\/ld+json\" class=\"yoast-schema-graph\">{\"@context\":\"https:\/\/schema.org\",\"@graph\":[{\"@type\":\"WebPage\",\"@id\":\"https:\/\/m-interijer.hr\/site\/materials\/fronts\/?lang=en\",\"url\":\"https:\/\/m-interijer.hr\/site\/materials\/fronts\/?lang=en\",\"name\":\"Fronts - M-interijer\",\"isPartOf\":{\"@id\":\"https:\/\/m-interijer.hr\/site\/#website\"},\"datePublished\":\"2018-02-28T10:55:07+00:00\",\"dateModified\":\"2018-03-06T21:03:36+00:00\",\"description\":\"Materijali - Fronte SVE FRONTE KOJE VIDITE NA WEBU IZRA\u0110UJEMO I DIZAJNIRAMO SAMI ! Kupac ima jako veliki izbor boja i dezena fronti koje mo\u017eemo prilagoditi po sva\u010dijem ukusu tj. neku frontu mo\u017eemo uzraditi po kup\u010devoj \u017eelji.\",\"breadcrumb\":{\"@id\":\"https:\/\/m-interijer.hr\/site\/materials\/fronts\/?lang=en#breadcrumb\"},\"inLanguage\":\"en-US\",\"potentialAction\":[{\"@type\":\"ReadAction\",\"target\":[\"https:\/\/m-interijer.hr\/site\/materials\/fronts\/?lang=en\"]}]},{\"@type\":\"BreadcrumbList\",\"@id\":\"https:\/\/m-interijer.hr\/site\/materials\/fronts\/?lang=en#breadcrumb\",\"itemListElement\":[{\"@type\":\"ListItem\",\"position\":1,\"name\":\"Po\u010detna stranica\",\"item\":\"https:\/\/m-interijer.hr\/site\/?lang=en\"},{\"@type\":\"ListItem\",\"position\":2,\"name\":\"Materials\",\"item\":\"https:\/\/m-interijer.hr\/site\/materials\/?lang=en\"},{\"@type\":\"ListItem\",\"position\":3,\"name\":\"Fronts\"}]},{\"@type\":\"WebSite\",\"@id\":\"https:\/\/m-interijer.hr\/site\/#website\",\"url\":\"https:\/\/m-interijer.hr\/site\/\",\"name\":\"M-interijer\",\"description\":\"Namje\u0161taj po mjeri\",\"publisher\":{\"@id\":\"https:\/\/m-interijer.hr\/site\/#organization\"},\"inLanguage\":\"en-US\"},{\"@type\":\"Organization\",\"@id\":\"https:\/\/m-interijer.hr\/site\/#organization\",\"name\":\"M interijer\",\"url\":\"https:\/\/m-interijer.hr\/site\/\",\"logo\":{\"@type\":\"ImageObject\",\"inLanguage\":\"en-US\",\"@id\":\"https:\/\/m-interijer.hr\/site\/#\/schema\/logo\/image\/\",\"url\":\"https:\/\/m-interijer.hr\/site\/wp-content\/uploads\/2018\/02\/logo_final.jpg\",\"contentUrl\":\"https:\/\/m-interijer.hr\/site\/wp-content\/uploads\/2018\/02\/logo_final.jpg\",\"width\":864,\"height\":262,\"caption\":\"M interijer\"},\"image\":{\"@id\":\"https:\/\/m-interijer.hr\/site\/#\/schema\/logo\/image\/\"}}]}<\/script>\n<!-- \/ Yoast SEO plugin. -->","yoast_head_json":{"title":"Fronts - M-interijer","description":"Materijali - Fronte SVE FRONTE KOJE VIDITE NA WEBU IZRA\u0110UJEMO I DIZAJNIRAMO SAMI ! Kupac ima jako veliki izbor boja i dezena fronti koje mo\u017eemo prilagoditi po sva\u010dijem ukusu tj. neku frontu mo\u017eemo uzraditi po kup\u010devoj \u017eelji.","robots":{"index":"index","follow":"follow","max-snippet":"max-snippet:-1","max-image-preview":"max-image-preview:large","max-video-preview":"max-video-preview:-1"},"canonical":"https:\/\/m-interijer.hr\/site\/materials\/fronts\/?lang=en","og_locale":"en_US","og_type":"article","og_title":"Fronts - M-interijer","og_description":"Materijali - Fronte SVE FRONTE KOJE VIDITE NA WEBU IZRA\u0110UJEMO I DIZAJNIRAMO SAMI ! Kupac ima jako veliki izbor boja i dezena fronti koje mo\u017eemo prilagoditi po sva\u010dijem ukusu tj. neku frontu mo\u017eemo uzraditi po kup\u010devoj \u017eelji.","og_url":"https:\/\/m-interijer.hr\/site\/materials\/fronts\/?lang=en","og_site_name":"M-interijer","article_modified_time":"2018-03-06T21:03:36+00:00","twitter_card":"summary_large_image","twitter_misc":{"Est. reading time":"3 minutes"},"schema":{"@context":"https:\/\/schema.org","@graph":[{"@type":"WebPage","@id":"https:\/\/m-interijer.hr\/site\/materials\/fronts\/?lang=en","url":"https:\/\/m-interijer.hr\/site\/materials\/fronts\/?lang=en","name":"Fronts - M-interijer","isPartOf":{"@id":"https:\/\/m-interijer.hr\/site\/#website"},"datePublished":"2018-02-28T10:55:07+00:00","dateModified":"2018-03-06T21:03:36+00:00","description":"Materijali - Fronte SVE FRONTE KOJE VIDITE NA WEBU IZRA\u0110UJEMO I DIZAJNIRAMO SAMI ! Kupac ima jako veliki izbor boja i dezena fronti koje mo\u017eemo prilagoditi po sva\u010dijem ukusu tj. neku frontu mo\u017eemo uzraditi po kup\u010devoj \u017eelji.","breadcrumb":{"@id":"https:\/\/m-interijer.hr\/site\/materials\/fronts\/?lang=en#breadcrumb"},"inLanguage":"en-US","potentialAction":[{"@type":"ReadAction","target":["https:\/\/m-interijer.hr\/site\/materials\/fronts\/?lang=en"]}]},{"@type":"BreadcrumbList","@id":"https:\/\/m-interijer.hr\/site\/materials\/fronts\/?lang=en#breadcrumb","itemListElement":[{"@type":"ListItem","position":1,"name":"Po\u010detna stranica","item":"https:\/\/m-interijer.hr\/site\/?lang=en"},{"@type":"ListItem","position":2,"name":"Materials","item":"https:\/\/m-interijer.hr\/site\/materials\/?lang=en"},{"@type":"ListItem","position":3,"name":"Fronts"}]},{"@type":"WebSite","@id":"https:\/\/m-interijer.hr\/site\/#website","url":"https:\/\/m-interijer.hr\/site\/","name":"M-interijer","description":"Namje\u0161taj po mjeri","publisher":{"@id":"https:\/\/m-interijer.hr\/site\/#organization"},"inLanguage":"en-US"},{"@type":"Organization","@id":"https:\/\/m-interijer.hr\/site\/#organization","name":"M interijer","url":"https:\/\/m-interijer.hr\/site\/","logo":{"@type":"ImageObject","inLanguage":"en-US","@id":"https:\/\/m-interijer.hr\/site\/#\/schema\/logo\/image\/","url":"https:\/\/m-interijer.hr\/site\/wp-content\/uploads\/2018\/02\/logo_final.jpg","contentUrl":"https:\/\/m-interijer.hr\/site\/wp-content\/uploads\/2018\/02\/logo_final.jpg","width":864,"height":262,"caption":"M interijer"},"image":{"@id":"https:\/\/m-interijer.hr\/site\/#\/schema\/logo\/image\/"}}]}},"_links":{"self":[{"href":"https:\/\/m-interijer.hr\/site\/wp-json\/wp\/v2\/pages\/1820\/?lang=en"}],"collection":[{"href":"https:\/\/m-interijer.hr\/site\/wp-json\/wp\/v2\/pages\/?lang=en"}],"about":[{"href":"https:\/\/m-interijer.hr\/site\/wp-json\/wp\/v2\/types\/page\/?lang=en"}],"author":[{"embeddable":true,"href":"https:\/\/m-interijer.hr\/site\/wp-json\/wp\/v2\/users\/1\/?lang=en"}],"replies":[{"embeddable":true,"href":"https:\/\/m-interijer.hr\/site\/wp-json\/wp\/v2\/comments\/?lang=en&post=1820"}],"version-history":[{"count":4,"href":"https:\/\/m-interijer.hr\/site\/wp-json\/wp\/v2\/pages\/1820\/revisions\/?lang=en"}],"predecessor-version":[{"id":2042,"href":"https:\/\/m-interijer.hr\/site\/wp-json\/wp\/v2\/pages\/1820\/revisions\/2042\/?lang=en"}],"up":[{"embeddable":true,"href":"https:\/\/m-interijer.hr\/site\/wp-json\/wp\/v2\/pages\/1814\/?lang=en"}],"wp:attachment":[{"href":"https:\/\/m-interijer.hr\/site\/wp-json\/wp\/v2\/media\/?lang=en&parent=1820"}],"curies":[{"name":"wp","href":"https:\/\/api.w.org\/{rel}","templated":true}]}}