{"id":1816,"date":"2018-03-06T13:34:21","date_gmt":"2018-03-06T13:34:21","guid":{"rendered":"http:\/\/m-interijer.hr\/site\/?page_id=1816"},"modified":"2018-03-06T13:34:21","modified_gmt":"2018-03-06T13:34:21","slug":"materialmuster","status":"publish","type":"page","link":"https:\/\/m-interijer.hr\/site\/materialmuster\/?lang=de","title":{"rendered":"Materialmuster"},"content":{"rendered":"<p>[et_pb_section bb_built=&#8220;1&#8243; background_color=&#8220;#ffffff&#8220; _builder_version=&#8220;3.0.105&#8243; next_background_color=&#8220;#000000&#8243;][et_pb_row][et_pb_column type=&#8220;4_4&#8243;][et_pb_blurb title=&#8220;Materialmuster&#8220; background_layout=&#8220;light&#8220; _builder_version=&#8220;3.0.105&#8243; header_level=&#8220;h3&#8243; header_font=&#8220;|700|||||||&#8220; use_icon=&#8220;off&#8220; url_new_window=&#8220;off&#8220; use_circle=&#8220;off&#8220; use_circle_border=&#8220;off&#8220; icon_placement=&#8220;top&#8220; use_icon_font_size=&#8220;off&#8220; image=&#8220;http:\/\/m-interijer.hr\/site\/wp-content\/uploads\/2018\/02\/materijali.jpg&#8220; box_shadow_style_image=&#8220;preset2&#8243; content_max_width=&#8220;800px&#8220;]<\/p>\n<p>F\u00fcr die Anfertigung von Korpus und Seiten Ihrer K\u00fcchenelemente bietet Ihnen\u00a0 M- INTERIJER ca. 150 verschiedene Muster von Spanplatten der renomierten europ\u00e4ischen Unternehmen EGGER und KAINDL.<\/p>\n<p>In solch einem Angebot finden Sie sicher die ideale Kombination von Farbe und Muster, die perfekt in Ihr Zuhause passen werden.<\/p>\n<p>F\u00fcr Ihre K\u00fcche empfehlen wir um die 80 Arbeitsplattenmuster der Firmen\u00a0\u00a0 EGGER und\u00a0 KAINDL.<\/p>\n<p>In der modernen K\u00fcchenproduktion \u00fcbernimmt Kerrock die f\u00fchrende Position der Anfertigung von Arbeitsplatten. Nach seinen Eigenschaften und dem Aussehen ist er mit anderen Materialien unvergleichbar. M- INTERIJER bietet Ihnen 100 verschiedene Muster und St\u00e4rken . Mit diesem Material wird Ihre Arbeitsplatte mit unsichtbarer Klebeverbindung ohne Begrenzung in\u00a0 Dimensionen und Form hergestellt.<\/p>\n<p>M- INTERIJER benutzt bei der K\u00fcchenherstellung vor allem das Programm der Firmen SCHACHERMAYER und \u00a0SIGMA PLUS, bei dem Sie unter mehr als 1000 Arten von Griffen w\u00e4hlen k\u00f6nnen, \u00fcber zehn verschiedene\u00a0 Einbauk\u00f6rbe, Besteckf\u00e4cher, Einbauwannen und Beh\u00e4lter, F\u00fchrungssysteme der Marke GRASS und andere, Beine, spezielle Befestigungen f\u00fcr Fronten, verschiedene Konsolen und Frontenheber.<\/p>\n<p>CORIAN \/ GETACORE \/ MONTELLI sind ebenfalls Verbundwerkstoffe, die wir f\u00fcr die Ausarbeitung von Arbeitsplatten und anderen Fl\u00e4chen anzubieten haben.<\/p>\n<p>[\/et_pb_blurb][\/et_pb_column][\/et_pb_row][\/et_pb_section][et_pb_section bb_built=&#8220;1&#8243; _builder_version=&#8220;3.0.105&#8243; prev_background_color=&#8220;#000000&#8243;][et_pb_row _builder_version=&#8220;3.0.105&#8243; module_alignment=&#8220;center&#8220; use_custom_width=&#8220;on&#8220; custom_width_px=&#8220;800px&#8220;][et_pb_column type=&#8220;1_3&#8243;][et_pb_image admin_label=&#8220;Elgrad&#8220; _builder_version=&#8220;3.0.105&#8243; show_in_lightbox=&#8220;off&#8220; url=&#8220;http:\/\/www.elgrad.hr\/kategorija-proizvoda\/materijali\/&#8220; url_new_window=&#8220;on&#8220; src=&#8220;http:\/\/m-interijer.hr\/site\/wp-content\/uploads\/2018\/03\/logo-elgrad.png&#8220; always_center_on_mobile=&#8220;on&#8220; use_overlay=&#8220;off&#8220; force_fullwidth=&#8220;off&#8220; show_bottom_space=&#8220;on&#8220; \/][\/et_pb_column][et_pb_column type=&#8220;1_3&#8243;][et_pb_image admin_label=&#8220;Elektrometal&#8220; _builder_version=&#8220;3.0.105&#8243; show_in_lightbox=&#8220;off&#8220; url=&#8220;http:\/\/www.elektrometal-porec.hr\/Elektrometal%20drvni%20centar\/index.html&#8220; url_new_window=&#8220;on&#8220; src=&#8220;http:\/\/m-interijer.hr\/site\/wp-content\/uploads\/2018\/03\/logo-emp.png&#8220; always_center_on_mobile=&#8220;on&#8220; use_overlay=&#8220;off&#8220; force_fullwidth=&#8220;off&#8220; show_bottom_space=&#8220;on&#8220; \/][\/et_pb_column][et_pb_column type=&#8220;1_3&#8243;][et_pb_image admin_label=&#8220;Iverpan&#8220; _builder_version=&#8220;3.0.105&#8243; show_in_lightbox=&#8220;off&#8220; url=&#8220;https:\/\/iverpan.hr\/&#8220; url_new_window=&#8220;on&#8220; src=&#8220;http:\/\/m-interijer.hr\/site\/wp-content\/uploads\/2018\/03\/logo-iverpan.png&#8220; always_center_on_mobile=&#8220;on&#8220; use_overlay=&#8220;off&#8220; force_fullwidth=&#8220;off&#8220; show_bottom_space=&#8220;on&#8220; \/][\/et_pb_column][\/et_pb_row][et_pb_row _builder_version=&#8220;3.0.105&#8243; use_custom_width=&#8220;on&#8220; custom_width_px=&#8220;800px&#8220;][et_pb_column type=&#8220;1_4&#8243;][et_pb_image admin_label=&#8220;SCH&#8220; _builder_version=&#8220;3.0.105&#8243; show_in_lightbox=&#8220;off&#8220; url=&#8220;https:\/\/webshop.schachermayer.com\/cat\/hr-HR&#8220; url_new_window=&#8220;on&#8220; src=&#8220;http:\/\/m-interijer.hr\/site\/wp-content\/uploads\/2018\/03\/logo-sch.png&#8220; always_center_on_mobile=&#8220;on&#8220; use_overlay=&#8220;off&#8220; force_fullwidth=&#8220;off&#8220; show_bottom_space=&#8220;on&#8220; \/][\/et_pb_column][et_pb_column type=&#8220;1_4&#8243;][et_pb_image admin_label=&#8220;Blum&#8220; _builder_version=&#8220;3.0.105&#8243; show_in_lightbox=&#8220;off&#8220; url=&#8220;https:\/\/www.blum.com\/hr\/hr\/&#8220; url_new_window=&#8220;on&#8220; src=&#8220;http:\/\/m-interijer.hr\/site\/wp-content\/uploads\/2018\/03\/logo-blum.png&#8220; always_center_on_mobile=&#8220;on&#8220; use_overlay=&#8220;off&#8220; force_fullwidth=&#8220;off&#8220; show_bottom_space=&#8220;on&#8220; \/][\/et_pb_column][et_pb_column type=&#8220;1_4&#8243;][et_pb_image admin_label=&#8220;SigmaPlus&#8220; _builder_version=&#8220;3.0.105&#8243; show_in_lightbox=&#8220;off&#8220; url=&#8220;http:\/\/www.sigma-plus.hr\/index.php&#8220; url_new_window=&#8220;on&#8220; src=&#8220;http:\/\/m-interijer.hr\/site\/wp-content\/uploads\/2018\/03\/logo-sigmaplus.png&#8220; always_center_on_mobile=&#8220;on&#8220; use_overlay=&#8220;off&#8220; force_fullwidth=&#8220;off&#8220; show_bottom_space=&#8220;on&#8220; \/][\/et_pb_column][et_pb_column type=&#8220;1_4&#8243;][et_pb_image admin_label=&#8220;Hafele&#8220; _builder_version=&#8220;3.0.105&#8243; show_in_lightbox=&#8220;off&#8220; url=&#8220;https:\/\/www.haefele.de\/en\/&#8220; url_new_window=&#8220;on&#8220; src=&#8220;http:\/\/m-interijer.hr\/site\/wp-content\/uploads\/2018\/03\/logo-hafele.png&#8220; always_center_on_mobile=&#8220;on&#8220; use_overlay=&#8220;off&#8220; force_fullwidth=&#8220;off&#8220; show_bottom_space=&#8220;on&#8220; \/][\/et_pb_column][\/et_pb_row][et_pb_row _builder_version=&#8220;3.0.105&#8243; use_custom_width=&#8220;on&#8220; custom_width_px=&#8220;800px&#8220;][et_pb_column type=&#8220;1_4&#8243;][et_pb_image _builder_version=&#8220;3.0.105&#8243; show_in_lightbox=&#8220;off&#8220; url=&#8220;http:\/\/www.kerrock.hr\/hr\/boje-i-strukture&#8220; url_new_window=&#8220;on&#8220; src=&#8220;http:\/\/m-interijer.hr\/site\/wp-content\/uploads\/2018\/03\/logo-kerrock.png&#8220; always_center_on_mobile=&#8220;on&#8220; use_overlay=&#8220;off&#8220; force_fullwidth=&#8220;off&#8220; show_bottom_space=&#8220;on&#8220; \/][\/et_pb_column][et_pb_column type=&#8220;1_4&#8243;][et_pb_image _builder_version=&#8220;3.0.105&#8243; show_in_lightbox=&#8220;off&#8220; url=&#8220;http:\/\/www.kolpa.si\/\/hr?redirected=true&#8220; url_new_window=&#8220;on&#8220; src=&#8220;http:\/\/m-interijer.hr\/site\/wp-content\/uploads\/2018\/03\/logo-kolpa.png&#8220; always_center_on_mobile=&#8220;on&#8220; use_overlay=&#8220;off&#8220; force_fullwidth=&#8220;off&#8220; show_bottom_space=&#8220;on&#8220; \/][\/et_pb_column][et_pb_column type=&#8220;1_4&#8243;][et_pb_image _builder_version=&#8220;3.0.105&#8243; show_in_lightbox=&#8220;off&#8220; url=&#8220;http:\/\/www.spina.hr\/&#8220; url_new_window=&#8220;on&#8220; src=&#8220;http:\/\/m-interijer.hr\/site\/wp-content\/uploads\/2018\/03\/logo-spina.png&#8220; always_center_on_mobile=&#8220;on&#8220; use_overlay=&#8220;off&#8220; force_fullwidth=&#8220;off&#8220; show_bottom_space=&#8220;on&#8220; \/][\/et_pb_column][et_pb_column type=&#8220;1_4&#8243;][et_pb_image _builder_version=&#8220;3.0.105&#8243; show_in_lightbox=&#8220;off&#8220; url=&#8220;https:\/\/www.blazic.hr\/&#8220; url_new_window=&#8220;off&#8220; src=&#8220;http:\/\/m-interijer.hr\/site\/wp-content\/uploads\/2018\/03\/logo-blazic.png&#8220; always_center_on_mobile=&#8220;on&#8220; use_overlay=&#8220;off&#8220; force_fullwidth=&#8220;off&#8220; show_bottom_space=&#8220;on&#8220; \/][\/et_pb_column][\/et_pb_row][\/et_pb_section]<\/p>\n","protected":false},"excerpt":{"rendered":"<p>[et_pb_section bb_built=&#8220;1&#8243; background_color=&#8220;#ffffff&#8220; _builder_version=&#8220;3.0.105&#8243; next_background_color=&#8220;#000000&#8243;][et_pb_row][et_pb_column type=&#8220;4_4&#8243;][et_pb_blurb title=&#8220;Materialmuster&#8220; background_layout=&#8220;light&#8220; _builder_version=&#8220;3.0.105&#8243; header_level=&#8220;h3&#8243; header_font=&#8220;|700|||||||&#8220; use_icon=&#8220;off&#8220; url_new_window=&#8220;off&#8220; use_circle=&#8220;off&#8220; use_circle_border=&#8220;off&#8220; icon_placement=&#8220;top&#8220; use_icon_font_size=&#8220;off&#8220; image=&#8220;http:\/\/m-interijer.hr\/site\/wp-content\/uploads\/2018\/02\/materijali.jpg&#8220; box_shadow_style_image=&#8220;preset2&#8243; content_max_width=&#8220;800px&#8220;] F\u00fcr die Anfertigung von Korpus und Seiten Ihrer K\u00fcchenelemente bietet Ihnen\u00a0 M- INTERIJER ca. 150 verschiedene Muster von Spanplatten der renomierten europ\u00e4ischen Unternehmen EGGER und KAINDL. In solch einem Angebot finden Sie sicher die ideale [&hellip;]<\/p>\n","protected":false},"author":1,"featured_media":0,"parent":0,"menu_order":0,"comment_status":"closed","ping_status":"closed","template":"","meta":{"_et_pb_use_builder":"on","_et_pb_old_content":"","footnotes":""},"class_list":["post-1816","page","type-page","status-publish","hentry"],"yoast_head":"<!-- This site is optimized with the Yoast SEO plugin v24.6 - https:\/\/yoast.com\/wordpress\/plugins\/seo\/ -->\n<title>Materialmuster - M-interijer<\/title>\n<meta name=\"robots\" content=\"index, follow, max-snippet:-1, max-image-preview:large, max-video-preview:-1\" \/>\n<link rel=\"canonical\" href=\"https:\/\/m-interijer.hr\/site\/materialmuster\/?lang=de\" \/>\n<meta property=\"og:locale\" content=\"de_DE\" \/>\n<meta property=\"og:type\" content=\"article\" \/>\n<meta property=\"og:title\" content=\"Materialmuster - M-interijer\" \/>\n<meta property=\"og:description\" content=\"[et_pb_section bb_built=&#8220;1&#8243; background_color=&#8220;#ffffff&#8220; _builder_version=&#8220;3.0.105&#8243; next_background_color=&#8220;#000000&#8243;][et_pb_row][et_pb_column type=&#8220;4_4&#8243;][et_pb_blurb title=&#8220;Materialmuster&#8220; background_layout=&#8220;light&#8220; _builder_version=&#8220;3.0.105&#8243; header_level=&#8220;h3&#8243; header_font=&#8220;|700|||||||&#8220; use_icon=&#8220;off&#8220; url_new_window=&#8220;off&#8220; use_circle=&#8220;off&#8220; use_circle_border=&#8220;off&#8220; icon_placement=&#8220;top&#8220; use_icon_font_size=&#8220;off&#8220; image=&#8220;http:\/\/m-interijer.hr\/site\/wp-content\/uploads\/2018\/02\/materijali.jpg&#8220; box_shadow_style_image=&#8220;preset2&#8243; content_max_width=&#8220;800px&#8220;] F\u00fcr die Anfertigung von Korpus und Seiten Ihrer K\u00fcchenelemente bietet Ihnen\u00a0 M- INTERIJER ca. 150 verschiedene Muster von Spanplatten der renomierten europ\u00e4ischen Unternehmen EGGER und KAINDL. In solch einem Angebot finden Sie sicher die ideale [&hellip;]\" \/>\n<meta property=\"og:url\" content=\"https:\/\/m-interijer.hr\/site\/materialmuster\/?lang=de\" \/>\n<meta property=\"og:site_name\" content=\"M-interijer\" \/>\n<meta name=\"twitter:card\" content=\"summary_large_image\" \/>\n<meta name=\"twitter:label1\" content=\"Gesch\u00e4tzte Lesezeit\" \/>\n\t<meta name=\"twitter:data1\" content=\"5\u00a0Minuten\" \/>\n<script type=\"application\/ld+json\" class=\"yoast-schema-graph\">{\"@context\":\"https:\/\/schema.org\",\"@graph\":[{\"@type\":\"WebPage\",\"@id\":\"https:\/\/m-interijer.hr\/site\/materialmuster\/?lang=de\",\"url\":\"https:\/\/m-interijer.hr\/site\/materialmuster\/?lang=de\",\"name\":\"Materialmuster - M-interijer\",\"isPartOf\":{\"@id\":\"https:\/\/m-interijer.hr\/site\/#website\"},\"datePublished\":\"2018-03-06T13:34:21+00:00\",\"breadcrumb\":{\"@id\":\"https:\/\/m-interijer.hr\/site\/materialmuster\/?lang=de#breadcrumb\"},\"inLanguage\":\"de\",\"potentialAction\":[{\"@type\":\"ReadAction\",\"target\":[\"https:\/\/m-interijer.hr\/site\/materialmuster\/?lang=de\"]}]},{\"@type\":\"BreadcrumbList\",\"@id\":\"https:\/\/m-interijer.hr\/site\/materialmuster\/?lang=de#breadcrumb\",\"itemListElement\":[{\"@type\":\"ListItem\",\"position\":1,\"name\":\"Po\u010detna stranica\",\"item\":\"https:\/\/m-interijer.hr\/site\/?lang=de\"},{\"@type\":\"ListItem\",\"position\":2,\"name\":\"Materialmuster\"}]},{\"@type\":\"WebSite\",\"@id\":\"https:\/\/m-interijer.hr\/site\/#website\",\"url\":\"https:\/\/m-interijer.hr\/site\/\",\"name\":\"M-interijer\",\"description\":\"Namje\u0161taj po mjeri\",\"publisher\":{\"@id\":\"https:\/\/m-interijer.hr\/site\/#organization\"},\"inLanguage\":\"de\"},{\"@type\":\"Organization\",\"@id\":\"https:\/\/m-interijer.hr\/site\/#organization\",\"name\":\"M interijer\",\"url\":\"https:\/\/m-interijer.hr\/site\/\",\"logo\":{\"@type\":\"ImageObject\",\"inLanguage\":\"de\",\"@id\":\"https:\/\/m-interijer.hr\/site\/#\/schema\/logo\/image\/\",\"url\":\"https:\/\/m-interijer.hr\/site\/wp-content\/uploads\/2018\/02\/logo_final.jpg\",\"contentUrl\":\"https:\/\/m-interijer.hr\/site\/wp-content\/uploads\/2018\/02\/logo_final.jpg\",\"width\":864,\"height\":262,\"caption\":\"M interijer\"},\"image\":{\"@id\":\"https:\/\/m-interijer.hr\/site\/#\/schema\/logo\/image\/\"}}]}<\/script>\n<!-- \/ Yoast SEO plugin. -->","yoast_head_json":{"title":"Materialmuster - M-interijer","robots":{"index":"index","follow":"follow","max-snippet":"max-snippet:-1","max-image-preview":"max-image-preview:large","max-video-preview":"max-video-preview:-1"},"canonical":"https:\/\/m-interijer.hr\/site\/materialmuster\/?lang=de","og_locale":"de_DE","og_type":"article","og_title":"Materialmuster - M-interijer","og_description":"[et_pb_section bb_built=&#8220;1&#8243; background_color=&#8220;#ffffff&#8220; _builder_version=&#8220;3.0.105&#8243; next_background_color=&#8220;#000000&#8243;][et_pb_row][et_pb_column type=&#8220;4_4&#8243;][et_pb_blurb title=&#8220;Materialmuster&#8220; background_layout=&#8220;light&#8220; _builder_version=&#8220;3.0.105&#8243; header_level=&#8220;h3&#8243; header_font=&#8220;|700|||||||&#8220; use_icon=&#8220;off&#8220; url_new_window=&#8220;off&#8220; use_circle=&#8220;off&#8220; use_circle_border=&#8220;off&#8220; icon_placement=&#8220;top&#8220; use_icon_font_size=&#8220;off&#8220; image=&#8220;http:\/\/m-interijer.hr\/site\/wp-content\/uploads\/2018\/02\/materijali.jpg&#8220; box_shadow_style_image=&#8220;preset2&#8243; content_max_width=&#8220;800px&#8220;] F\u00fcr die Anfertigung von Korpus und Seiten Ihrer K\u00fcchenelemente bietet Ihnen\u00a0 M- INTERIJER ca. 150 verschiedene Muster von Spanplatten der renomierten europ\u00e4ischen Unternehmen EGGER und KAINDL. In solch einem Angebot finden Sie sicher die ideale [&hellip;]","og_url":"https:\/\/m-interijer.hr\/site\/materialmuster\/?lang=de","og_site_name":"M-interijer","twitter_card":"summary_large_image","twitter_misc":{"Gesch\u00e4tzte Lesezeit":"5\u00a0Minuten"},"schema":{"@context":"https:\/\/schema.org","@graph":[{"@type":"WebPage","@id":"https:\/\/m-interijer.hr\/site\/materialmuster\/?lang=de","url":"https:\/\/m-interijer.hr\/site\/materialmuster\/?lang=de","name":"Materialmuster - M-interijer","isPartOf":{"@id":"https:\/\/m-interijer.hr\/site\/#website"},"datePublished":"2018-03-06T13:34:21+00:00","breadcrumb":{"@id":"https:\/\/m-interijer.hr\/site\/materialmuster\/?lang=de#breadcrumb"},"inLanguage":"de","potentialAction":[{"@type":"ReadAction","target":["https:\/\/m-interijer.hr\/site\/materialmuster\/?lang=de"]}]},{"@type":"BreadcrumbList","@id":"https:\/\/m-interijer.hr\/site\/materialmuster\/?lang=de#breadcrumb","itemListElement":[{"@type":"ListItem","position":1,"name":"Po\u010detna stranica","item":"https:\/\/m-interijer.hr\/site\/?lang=de"},{"@type":"ListItem","position":2,"name":"Materialmuster"}]},{"@type":"WebSite","@id":"https:\/\/m-interijer.hr\/site\/#website","url":"https:\/\/m-interijer.hr\/site\/","name":"M-interijer","description":"Namje\u0161taj po mjeri","publisher":{"@id":"https:\/\/m-interijer.hr\/site\/#organization"},"inLanguage":"de"},{"@type":"Organization","@id":"https:\/\/m-interijer.hr\/site\/#organization","name":"M interijer","url":"https:\/\/m-interijer.hr\/site\/","logo":{"@type":"ImageObject","inLanguage":"de","@id":"https:\/\/m-interijer.hr\/site\/#\/schema\/logo\/image\/","url":"https:\/\/m-interijer.hr\/site\/wp-content\/uploads\/2018\/02\/logo_final.jpg","contentUrl":"https:\/\/m-interijer.hr\/site\/wp-content\/uploads\/2018\/02\/logo_final.jpg","width":864,"height":262,"caption":"M interijer"},"image":{"@id":"https:\/\/m-interijer.hr\/site\/#\/schema\/logo\/image\/"}}]}},"_links":{"self":[{"href":"https:\/\/m-interijer.hr\/site\/wp-json\/wp\/v2\/pages\/1816\/?lang=de"}],"collection":[{"href":"https:\/\/m-interijer.hr\/site\/wp-json\/wp\/v2\/pages\/?lang=de"}],"about":[{"href":"https:\/\/m-interijer.hr\/site\/wp-json\/wp\/v2\/types\/page\/?lang=de"}],"author":[{"embeddable":true,"href":"https:\/\/m-interijer.hr\/site\/wp-json\/wp\/v2\/users\/1\/?lang=de"}],"replies":[{"embeddable":true,"href":"https:\/\/m-interijer.hr\/site\/wp-json\/wp\/v2\/comments\/?lang=de&post=1816"}],"version-history":[{"count":1,"href":"https:\/\/m-interijer.hr\/site\/wp-json\/wp\/v2\/pages\/1816\/revisions\/?lang=de"}],"predecessor-version":[{"id":1817,"href":"https:\/\/m-interijer.hr\/site\/wp-json\/wp\/v2\/pages\/1816\/revisions\/1817\/?lang=de"}],"wp:attachment":[{"href":"https:\/\/m-interijer.hr\/site\/wp-json\/wp\/v2\/media\/?lang=de&parent=1816"}],"curies":[{"name":"wp","href":"https:\/\/api.w.org\/{rel}","templated":true}]}}