{"id":1734,"date":"2018-03-06T12:30:05","date_gmt":"2018-03-06T12:30:05","guid":{"rendered":"http:\/\/m-interijer.hr\/site\/?page_id=1734"},"modified":"2018-03-06T12:30:05","modified_gmt":"2018-03-06T12:30:05","slug":"moebel","status":"publish","type":"page","link":"https:\/\/m-interijer.hr\/site\/moebel\/?lang=de","title":{"rendered":"M\u00f6bel"},"content":{"rendered":"<p>[et_pb_section bb_built=&#8220;1&#8243; background_color=&#8220;#ffffff&#8220; _builder_version=&#8220;3.0.105&#8243;][et_pb_row][et_pb_column type=&#8220;4_4&#8243;][et_pb_blurb title=&#8220;M\u00f6bel &#8220; background_layout=&#8220;light&#8220; _builder_version=&#8220;3.0.105&#8243; header_level=&#8220;h3&#8243; header_font=&#8220;|700|||||||&#8220; use_icon=&#8220;off&#8220; url_new_window=&#8220;off&#8220; use_circle=&#8220;off&#8220; use_circle_border=&#8220;off&#8220; icon_placement=&#8220;top&#8220; use_icon_font_size=&#8220;off&#8220; image=&#8220;http:\/\/m-interijer.hr\/site\/wp-content\/uploads\/2018\/02\/namjestaj.jpg&#8220; content_max_width=&#8220;800px&#8220;]<\/p>\n<p>Wir stellen auch andere M\u00f6bel her wie Badezimmer, Kinderzimmer, Schr\u00e4nke, Wohnzimmer, B\u00fcrom\u00f6bel und \u00e4hnliche Produkte aus Holzwerkstoffplatten.<\/p>\n<p>Der Vorteil bei der Ausarbeitung anderer M\u00f6belst\u00fccke liegt darin, dass Sie sich im M- INTERIJER\u00a0 Ihre ganze Wohnung wirklich vorstellen k\u00f6nnen und zwar in einem Software mit allen Texturen und Farben und im realen Verh\u00e4ltnis zu\u00a0 Ihrer R\u00e4umlichkeit. Ein weiterer Vorteil w\u00e4re, wenn Sie Ihre M\u00f6bel an einem Ort anfertigen lassen, dass Sie die ganzen M\u00f6bel Ihren W\u00fcnschen \u00a0nach Farbe und Design anpassen k\u00f6nnen.<\/p>\n<p>Seit \u00a02005 haben wir ein au\u00dferordentlich erfolgreiches Projekt laufen &#8222;Stan u M &#8222;- schl\u00fcsselfertig was die M\u00f6bel angeht, von der Idee \u00fcbers\u00a0 3D Projekt bis hin zur Montage und dem Einbau\u00a0 der Haushalts-Apparate.<\/p>\n<p>Das einzige Limit f\u00fcr die Herstellung solcher M\u00f6bel ist Ihre Phantasie und die Dimensionen des Raumes, den Sie ausstatten m\u00f6chten&#8230;<\/p>\n<p>&#8230;f\u00fcr alles andere steht Ihnen \u00a0M- INTERIJER gerne zur Verf\u00fcgung!<\/p>\n<p>[\/et_pb_blurb][\/et_pb_column][\/et_pb_row][\/et_pb_section]<\/p>\n","protected":false},"excerpt":{"rendered":"<p>[et_pb_section bb_built=&#8220;1&#8243; background_color=&#8220;#ffffff&#8220; _builder_version=&#8220;3.0.105&#8243;][et_pb_row][et_pb_column type=&#8220;4_4&#8243;][et_pb_blurb title=&#8220;M\u00f6bel &#8220; background_layout=&#8220;light&#8220; _builder_version=&#8220;3.0.105&#8243; header_level=&#8220;h3&#8243; header_font=&#8220;|700|||||||&#8220; use_icon=&#8220;off&#8220; url_new_window=&#8220;off&#8220; use_circle=&#8220;off&#8220; use_circle_border=&#8220;off&#8220; icon_placement=&#8220;top&#8220; use_icon_font_size=&#8220;off&#8220; image=&#8220;http:\/\/m-interijer.hr\/site\/wp-content\/uploads\/2018\/02\/namjestaj.jpg&#8220; content_max_width=&#8220;800px&#8220;] Wir stellen auch andere M\u00f6bel her wie Badezimmer, Kinderzimmer, Schr\u00e4nke, Wohnzimmer, B\u00fcrom\u00f6bel und \u00e4hnliche Produkte aus Holzwerkstoffplatten. Der Vorteil bei der Ausarbeitung anderer M\u00f6belst\u00fccke liegt darin, dass Sie sich im M- INTERIJER\u00a0 Ihre ganze Wohnung wirklich [&hellip;]<\/p>\n","protected":false},"author":1,"featured_media":0,"parent":0,"menu_order":0,"comment_status":"closed","ping_status":"closed","template":"","meta":{"_et_pb_use_builder":"on","_et_pb_old_content":"","footnotes":""},"class_list":["post-1734","page","type-page","status-publish","hentry"],"yoast_head":"<!-- This site is optimized with the Yoast SEO plugin v24.6 - https:\/\/yoast.com\/wordpress\/plugins\/seo\/ -->\n<title>M\u00f6bel - M-interijer<\/title>\n<meta name=\"robots\" content=\"index, follow, max-snippet:-1, max-image-preview:large, max-video-preview:-1\" \/>\n<link rel=\"canonical\" href=\"https:\/\/m-interijer.hr\/site\/moebel\/?lang=de\" \/>\n<meta property=\"og:locale\" content=\"de_DE\" \/>\n<meta property=\"og:type\" content=\"article\" \/>\n<meta property=\"og:title\" content=\"M\u00f6bel - M-interijer\" \/>\n<meta property=\"og:description\" content=\"[et_pb_section bb_built=&#8220;1&#8243; background_color=&#8220;#ffffff&#8220; _builder_version=&#8220;3.0.105&#8243;][et_pb_row][et_pb_column type=&#8220;4_4&#8243;][et_pb_blurb title=&#8220;M\u00f6bel &#8220; background_layout=&#8220;light&#8220; _builder_version=&#8220;3.0.105&#8243; header_level=&#8220;h3&#8243; header_font=&#8220;|700|||||||&#8220; use_icon=&#8220;off&#8220; url_new_window=&#8220;off&#8220; use_circle=&#8220;off&#8220; use_circle_border=&#8220;off&#8220; icon_placement=&#8220;top&#8220; use_icon_font_size=&#8220;off&#8220; image=&#8220;http:\/\/m-interijer.hr\/site\/wp-content\/uploads\/2018\/02\/namjestaj.jpg&#8220; content_max_width=&#8220;800px&#8220;] Wir stellen auch andere M\u00f6bel her wie Badezimmer, Kinderzimmer, Schr\u00e4nke, Wohnzimmer, B\u00fcrom\u00f6bel und \u00e4hnliche Produkte aus Holzwerkstoffplatten. Der Vorteil bei der Ausarbeitung anderer M\u00f6belst\u00fccke liegt darin, dass Sie sich im M- INTERIJER\u00a0 Ihre ganze Wohnung wirklich [&hellip;]\" \/>\n<meta property=\"og:url\" content=\"https:\/\/m-interijer.hr\/site\/moebel\/?lang=de\" \/>\n<meta property=\"og:site_name\" content=\"M-interijer\" \/>\n<meta name=\"twitter:card\" content=\"summary_large_image\" \/>\n<meta name=\"twitter:label1\" content=\"Gesch\u00e4tzte Lesezeit\" \/>\n\t<meta name=\"twitter:data1\" content=\"1\u00a0Minute\" \/>\n<script type=\"application\/ld+json\" class=\"yoast-schema-graph\">{\"@context\":\"https:\/\/schema.org\",\"@graph\":[{\"@type\":\"WebPage\",\"@id\":\"https:\/\/m-interijer.hr\/site\/moebel\/?lang=de\",\"url\":\"https:\/\/m-interijer.hr\/site\/moebel\/?lang=de\",\"name\":\"M\u00f6bel - M-interijer\",\"isPartOf\":{\"@id\":\"https:\/\/m-interijer.hr\/site\/#website\"},\"datePublished\":\"2018-03-06T12:30:05+00:00\",\"breadcrumb\":{\"@id\":\"https:\/\/m-interijer.hr\/site\/moebel\/?lang=de#breadcrumb\"},\"inLanguage\":\"de\",\"potentialAction\":[{\"@type\":\"ReadAction\",\"target\":[\"https:\/\/m-interijer.hr\/site\/moebel\/?lang=de\"]}]},{\"@type\":\"BreadcrumbList\",\"@id\":\"https:\/\/m-interijer.hr\/site\/moebel\/?lang=de#breadcrumb\",\"itemListElement\":[{\"@type\":\"ListItem\",\"position\":1,\"name\":\"Po\u010detna stranica\",\"item\":\"https:\/\/m-interijer.hr\/site\/?lang=de\"},{\"@type\":\"ListItem\",\"position\":2,\"name\":\"M\u00f6bel\"}]},{\"@type\":\"WebSite\",\"@id\":\"https:\/\/m-interijer.hr\/site\/#website\",\"url\":\"https:\/\/m-interijer.hr\/site\/\",\"name\":\"M-interijer\",\"description\":\"Namje\u0161taj po mjeri\",\"publisher\":{\"@id\":\"https:\/\/m-interijer.hr\/site\/#organization\"},\"inLanguage\":\"de\"},{\"@type\":\"Organization\",\"@id\":\"https:\/\/m-interijer.hr\/site\/#organization\",\"name\":\"M interijer\",\"url\":\"https:\/\/m-interijer.hr\/site\/\",\"logo\":{\"@type\":\"ImageObject\",\"inLanguage\":\"de\",\"@id\":\"https:\/\/m-interijer.hr\/site\/#\/schema\/logo\/image\/\",\"url\":\"https:\/\/m-interijer.hr\/site\/wp-content\/uploads\/2018\/02\/logo_final.jpg\",\"contentUrl\":\"https:\/\/m-interijer.hr\/site\/wp-content\/uploads\/2018\/02\/logo_final.jpg\",\"width\":864,\"height\":262,\"caption\":\"M interijer\"},\"image\":{\"@id\":\"https:\/\/m-interijer.hr\/site\/#\/schema\/logo\/image\/\"}}]}<\/script>\n<!-- \/ Yoast SEO plugin. -->","yoast_head_json":{"title":"M\u00f6bel - M-interijer","robots":{"index":"index","follow":"follow","max-snippet":"max-snippet:-1","max-image-preview":"max-image-preview:large","max-video-preview":"max-video-preview:-1"},"canonical":"https:\/\/m-interijer.hr\/site\/moebel\/?lang=de","og_locale":"de_DE","og_type":"article","og_title":"M\u00f6bel - M-interijer","og_description":"[et_pb_section bb_built=&#8220;1&#8243; background_color=&#8220;#ffffff&#8220; _builder_version=&#8220;3.0.105&#8243;][et_pb_row][et_pb_column type=&#8220;4_4&#8243;][et_pb_blurb title=&#8220;M\u00f6bel &#8220; background_layout=&#8220;light&#8220; _builder_version=&#8220;3.0.105&#8243; header_level=&#8220;h3&#8243; header_font=&#8220;|700|||||||&#8220; use_icon=&#8220;off&#8220; url_new_window=&#8220;off&#8220; use_circle=&#8220;off&#8220; use_circle_border=&#8220;off&#8220; icon_placement=&#8220;top&#8220; use_icon_font_size=&#8220;off&#8220; image=&#8220;http:\/\/m-interijer.hr\/site\/wp-content\/uploads\/2018\/02\/namjestaj.jpg&#8220; content_max_width=&#8220;800px&#8220;] Wir stellen auch andere M\u00f6bel her wie Badezimmer, Kinderzimmer, Schr\u00e4nke, Wohnzimmer, B\u00fcrom\u00f6bel und \u00e4hnliche Produkte aus Holzwerkstoffplatten. Der Vorteil bei der Ausarbeitung anderer M\u00f6belst\u00fccke liegt darin, dass Sie sich im M- INTERIJER\u00a0 Ihre ganze Wohnung wirklich [&hellip;]","og_url":"https:\/\/m-interijer.hr\/site\/moebel\/?lang=de","og_site_name":"M-interijer","twitter_card":"summary_large_image","twitter_misc":{"Gesch\u00e4tzte Lesezeit":"1\u00a0Minute"},"schema":{"@context":"https:\/\/schema.org","@graph":[{"@type":"WebPage","@id":"https:\/\/m-interijer.hr\/site\/moebel\/?lang=de","url":"https:\/\/m-interijer.hr\/site\/moebel\/?lang=de","name":"M\u00f6bel - M-interijer","isPartOf":{"@id":"https:\/\/m-interijer.hr\/site\/#website"},"datePublished":"2018-03-06T12:30:05+00:00","breadcrumb":{"@id":"https:\/\/m-interijer.hr\/site\/moebel\/?lang=de#breadcrumb"},"inLanguage":"de","potentialAction":[{"@type":"ReadAction","target":["https:\/\/m-interijer.hr\/site\/moebel\/?lang=de"]}]},{"@type":"BreadcrumbList","@id":"https:\/\/m-interijer.hr\/site\/moebel\/?lang=de#breadcrumb","itemListElement":[{"@type":"ListItem","position":1,"name":"Po\u010detna stranica","item":"https:\/\/m-interijer.hr\/site\/?lang=de"},{"@type":"ListItem","position":2,"name":"M\u00f6bel"}]},{"@type":"WebSite","@id":"https:\/\/m-interijer.hr\/site\/#website","url":"https:\/\/m-interijer.hr\/site\/","name":"M-interijer","description":"Namje\u0161taj po mjeri","publisher":{"@id":"https:\/\/m-interijer.hr\/site\/#organization"},"inLanguage":"de"},{"@type":"Organization","@id":"https:\/\/m-interijer.hr\/site\/#organization","name":"M interijer","url":"https:\/\/m-interijer.hr\/site\/","logo":{"@type":"ImageObject","inLanguage":"de","@id":"https:\/\/m-interijer.hr\/site\/#\/schema\/logo\/image\/","url":"https:\/\/m-interijer.hr\/site\/wp-content\/uploads\/2018\/02\/logo_final.jpg","contentUrl":"https:\/\/m-interijer.hr\/site\/wp-content\/uploads\/2018\/02\/logo_final.jpg","width":864,"height":262,"caption":"M interijer"},"image":{"@id":"https:\/\/m-interijer.hr\/site\/#\/schema\/logo\/image\/"}}]}},"_links":{"self":[{"href":"https:\/\/m-interijer.hr\/site\/wp-json\/wp\/v2\/pages\/1734\/?lang=de"}],"collection":[{"href":"https:\/\/m-interijer.hr\/site\/wp-json\/wp\/v2\/pages\/?lang=de"}],"about":[{"href":"https:\/\/m-interijer.hr\/site\/wp-json\/wp\/v2\/types\/page\/?lang=de"}],"author":[{"embeddable":true,"href":"https:\/\/m-interijer.hr\/site\/wp-json\/wp\/v2\/users\/1\/?lang=de"}],"replies":[{"embeddable":true,"href":"https:\/\/m-interijer.hr\/site\/wp-json\/wp\/v2\/comments\/?lang=de&post=1734"}],"version-history":[{"count":1,"href":"https:\/\/m-interijer.hr\/site\/wp-json\/wp\/v2\/pages\/1734\/revisions\/?lang=de"}],"predecessor-version":[{"id":1735,"href":"https:\/\/m-interijer.hr\/site\/wp-json\/wp\/v2\/pages\/1734\/revisions\/1735\/?lang=de"}],"wp:attachment":[{"href":"https:\/\/m-interijer.hr\/site\/wp-json\/wp\/v2\/media\/?lang=de&parent=1734"}],"curies":[{"name":"wp","href":"https:\/\/api.w.org\/{rel}","templated":true}]}}