{"id":1716,"date":"2018-03-06T12:21:30","date_gmt":"2018-03-06T12:21:30","guid":{"rendered":"http:\/\/m-interijer.hr\/site\/?page_id=1716"},"modified":"2018-03-06T12:21:30","modified_gmt":"2018-03-06T12:21:30","slug":"kerrock","status":"publish","type":"page","link":"https:\/\/m-interijer.hr\/site\/kerrock\/?lang=it","title":{"rendered":"Kerrock"},"content":{"rendered":"<p>[et_pb_section bb_built=&#8221;1&#8243; background_color=&#8221;#ffffff&#8221; _builder_version=&#8221;3.0.105&#8243;][et_pb_row][et_pb_column type=&#8221;4_4&#8243;][et_pb_blurb title=&#8221;Kerrock&#8221; background_layout=&#8221;light&#8221; _builder_version=&#8221;3.0.105&#8243; header_level=&#8221;h3&#8243; header_font=&#8221;|700|||||||&#8221; use_icon=&#8221;off&#8221; url_new_window=&#8221;off&#8221; use_circle=&#8221;off&#8221; use_circle_border=&#8221;off&#8221; icon_placement=&#8221;top&#8221; use_icon_font_size=&#8221;off&#8221; image=&#8221;http:\/\/m-interijer.hr\/site\/wp-content\/uploads\/2018\/03\/Kerrock-title.jpg&#8221; content_max_width=&#8221;800px&#8221;]<\/p>\n<p>Il KERROCK \u00e8 un materiale composito i cui componenti principali sono idrossido di alluminio e sostanza vincolante polimero sulla base di acrilico: combina la durezza della pietra naturale e la bellezza della ceramica ed eccelle per durabilit\u00e0. Durante gli ultimi anni gode di una sempre pi\u00f9 crescente popolarit\u00e0 nell&#8217;industria dell&#8217;arredamento ed assicura un&#8217;elevata versatilit\u00e0 di utilizzo e durata nel tempo.<\/p>\n<p>Questo materiale eccelle nella produzione di:<\/p>\n<p>&#8211; Piani di lavoro di cucine, bagni, laboratori e ambulatori<br \/>\n&#8211; Tavolati esterni e bordi di finestre e balconi<br \/>\n&#8211; Banchi di reception, negozi e di ufficio di ufficio<br \/>\n&#8211; Banchi di bar, superfici di appoggio<br \/>\n&#8211; Bordi di piscine, saloni e guardaroba<br \/>\n&#8211; Lavelli e scodelle termoformati<br \/>\n&#8211; Oggetti piccoli, gallerie per mobili<br \/>\n&#8211; Grafiche pubblicitarie per muri<\/p>\n<p>7 caratteristiche del KERROCK per il massimo della qualit\u00e0:<\/p>\n<p>&#8211; Materiale piacevole, caldo, non poroso, senza odore e gusto<br \/>\n&#8211; Manutenzione semplice, aspetto fresco che dura nel tempo<br \/>\n&#8211; Eccezionale durezza, compattezza e resistenza agli attachi chimici<br \/>\n&#8211; Termostabilit\u00e0 fino ai 160C, resistenza agli effetti atmosferici<br \/>\n&#8211; Lavorazione semplice, incollatura non visibile<br \/>\n&#8211; Gamma cromatica (100) di effeto monocromatico, granito ed effetto teraco<br \/>\n&#8211; Possibilt\u00e0 illimitate di progettazione fino agli ultimi dettagli e la combinazione con altri materiali (legno,vetro,metallo)<\/p>\n<p>Nel 1997. Siamo i primi in Istria ad iniziare a lavorare con questo materiale. I nostri grandi progetti di Kerrock sono stati fatti in circa 80 diversi ambienti in Istria e non solo tra i quali:<\/p>\n<p>&#8211; ALBERGO FORTUNA, Parenzo<br \/>\n&#8211; ALBERGO PORE\u010c, Parenzo<br \/>\n&#8211; ALBERGO MAESTRAL, Cittanova<br \/>\n&#8211; ALBERGO HOSTIN, Parenzo<br \/>\n&#8211; ALBERGO EDEN, Rovigno<br \/>\n&#8211; ALBERGO PARK, Rovigno<br \/>\n&#8211; ALBERGO TAMARIS ,Rovigno<br \/>\n&#8211; MARINA DI POLA<br \/>\n&#8211; MARINA DI \u010cERVAR, Parenzo<br \/>\n&#8211; CAMPEGGIO LANTERNA, Parenzo<br \/>\n&#8211; BANCA ISTRIANA, Pola<br \/>\n&#8211; VILLAGGIO TURISTICO, Fontane<br \/>\n&#8211; CAMPEGGIO SOLARIS, Parenzo<br \/>\n&#8211; BIBILOTECA CIVICA, Pola<br \/>\n&#8211; MARINA ISOLA DI CHERSO<br \/>\n&#8211; MARINA DI CITTANOVA<br \/>\n&#8211; MARINA DI UMAGO<br \/>\n&#8211; INTERSPAR, Osijek<br \/>\n&#8211; KZC VODICE, Sebenicco<br \/>\n&#8211; ALBERGO ALBATROS, Parenzo<br \/>\n&#8211; CAMPEGGIO POLARI, Rovigno<br \/>\n&#8211; CAMPEGGIO VE\u0160TAR, Rovigno<br \/>\n&#8211; MARINA DI VERUDA , Pola<br \/>\n&#8211; VILLA MATERADA, Parenzo<br \/>\n&#8211; ALBERGO ISTRA, Isola rossa Rovigno<br \/>\n&#8211; AVENUE MALL, Zagabria<br \/>\n&#8211; ALBERGO LOTOS PLAVI, Parenzo<br \/>\n&#8211; MERCATOR CENTAR, Fiume<br \/>\n&#8211; CAMPEGGIO VALALTA, Rovigno<br \/>\nE molti altri&#8230;<\/p>\n<p>[\/et_pb_blurb][\/et_pb_column][\/et_pb_row][\/et_pb_section]<\/p>\n","protected":false},"excerpt":{"rendered":"<p>[et_pb_section bb_built=&#8221;1&#8243; background_color=&#8221;#ffffff&#8221; _builder_version=&#8221;3.0.105&#8243;][et_pb_row][et_pb_column type=&#8221;4_4&#8243;][et_pb_blurb title=&#8221;Kerrock&#8221; background_layout=&#8221;light&#8221; _builder_version=&#8221;3.0.105&#8243; header_level=&#8221;h3&#8243; header_font=&#8221;|700|||||||&#8221; use_icon=&#8221;off&#8221; url_new_window=&#8221;off&#8221; use_circle=&#8221;off&#8221; use_circle_border=&#8221;off&#8221; icon_placement=&#8221;top&#8221; use_icon_font_size=&#8221;off&#8221; image=&#8221;http:\/\/m-interijer.hr\/site\/wp-content\/uploads\/2018\/03\/Kerrock-title.jpg&#8221; content_max_width=&#8221;800px&#8221;] Il KERROCK \u00e8 un materiale composito i cui componenti principali sono idrossido di alluminio e sostanza vincolante polimero sulla base di acrilico: combina la durezza della pietra naturale e la bellezza della ceramica ed eccelle per durabilit\u00e0. [&hellip;]<\/p>\n","protected":false},"author":1,"featured_media":0,"parent":0,"menu_order":0,"comment_status":"closed","ping_status":"closed","template":"","meta":{"_et_pb_use_builder":"on","_et_pb_old_content":"","footnotes":""},"class_list":["post-1716","page","type-page","status-publish","hentry"],"yoast_head":"<!-- This site is optimized with the Yoast SEO plugin v24.6 - https:\/\/yoast.com\/wordpress\/plugins\/seo\/ -->\n<title>Kerrock - M-interijer<\/title>\n<meta name=\"robots\" content=\"index, follow, max-snippet:-1, max-image-preview:large, max-video-preview:-1\" \/>\n<link rel=\"canonical\" href=\"https:\/\/m-interijer.hr\/site\/kerrock\/?lang=it\" \/>\n<meta property=\"og:locale\" content=\"it_IT\" \/>\n<meta property=\"og:type\" content=\"article\" \/>\n<meta property=\"og:title\" content=\"Kerrock - M-interijer\" \/>\n<meta property=\"og:description\" content=\"[et_pb_section bb_built=&#8221;1&#8243; background_color=&#8221;#ffffff&#8221; _builder_version=&#8221;3.0.105&#8243;][et_pb_row][et_pb_column type=&#8221;4_4&#8243;][et_pb_blurb title=&#8221;Kerrock&#8221; background_layout=&#8221;light&#8221; _builder_version=&#8221;3.0.105&#8243; header_level=&#8221;h3&#8243; header_font=&#8221;|700|||||||&#8221; use_icon=&#8221;off&#8221; url_new_window=&#8221;off&#8221; use_circle=&#8221;off&#8221; use_circle_border=&#8221;off&#8221; icon_placement=&#8221;top&#8221; use_icon_font_size=&#8221;off&#8221; image=&#8221;http:\/\/m-interijer.hr\/site\/wp-content\/uploads\/2018\/03\/Kerrock-title.jpg&#8221; content_max_width=&#8221;800px&#8221;] Il KERROCK \u00e8 un materiale composito i cui componenti principali sono idrossido di alluminio e sostanza vincolante polimero sulla base di acrilico: combina la durezza della pietra naturale e la bellezza della ceramica ed eccelle per durabilit\u00e0. [&hellip;]\" \/>\n<meta property=\"og:url\" content=\"https:\/\/m-interijer.hr\/site\/kerrock\/?lang=it\" \/>\n<meta property=\"og:site_name\" content=\"M-interijer\" \/>\n<meta name=\"twitter:card\" content=\"summary_large_image\" \/>\n<meta name=\"twitter:label1\" content=\"Tempo di lettura stimato\" \/>\n\t<meta name=\"twitter:data1\" content=\"2 minuti\" \/>\n<script type=\"application\/ld+json\" class=\"yoast-schema-graph\">{\"@context\":\"https:\/\/schema.org\",\"@graph\":[{\"@type\":\"WebPage\",\"@id\":\"https:\/\/m-interijer.hr\/site\/kerrock\/?lang=it\",\"url\":\"https:\/\/m-interijer.hr\/site\/kerrock\/?lang=it\",\"name\":\"Kerrock - M-interijer\",\"isPartOf\":{\"@id\":\"https:\/\/m-interijer.hr\/site\/#website\"},\"datePublished\":\"2018-03-06T12:21:30+00:00\",\"breadcrumb\":{\"@id\":\"https:\/\/m-interijer.hr\/site\/kerrock\/?lang=it#breadcrumb\"},\"inLanguage\":\"it-IT\",\"potentialAction\":[{\"@type\":\"ReadAction\",\"target\":[\"https:\/\/m-interijer.hr\/site\/kerrock\/?lang=it\"]}]},{\"@type\":\"BreadcrumbList\",\"@id\":\"https:\/\/m-interijer.hr\/site\/kerrock\/?lang=it#breadcrumb\",\"itemListElement\":[{\"@type\":\"ListItem\",\"position\":1,\"name\":\"Po\u010detna stranica\",\"item\":\"https:\/\/m-interijer.hr\/site\/?lang=it\"},{\"@type\":\"ListItem\",\"position\":2,\"name\":\"Kerrock\"}]},{\"@type\":\"WebSite\",\"@id\":\"https:\/\/m-interijer.hr\/site\/#website\",\"url\":\"https:\/\/m-interijer.hr\/site\/\",\"name\":\"M-interijer\",\"description\":\"Namje\u0161taj po mjeri\",\"publisher\":{\"@id\":\"https:\/\/m-interijer.hr\/site\/#organization\"},\"inLanguage\":\"it-IT\"},{\"@type\":\"Organization\",\"@id\":\"https:\/\/m-interijer.hr\/site\/#organization\",\"name\":\"M interijer\",\"url\":\"https:\/\/m-interijer.hr\/site\/\",\"logo\":{\"@type\":\"ImageObject\",\"inLanguage\":\"it-IT\",\"@id\":\"https:\/\/m-interijer.hr\/site\/#\/schema\/logo\/image\/\",\"url\":\"https:\/\/m-interijer.hr\/site\/wp-content\/uploads\/2018\/02\/logo_final.jpg\",\"contentUrl\":\"https:\/\/m-interijer.hr\/site\/wp-content\/uploads\/2018\/02\/logo_final.jpg\",\"width\":864,\"height\":262,\"caption\":\"M interijer\"},\"image\":{\"@id\":\"https:\/\/m-interijer.hr\/site\/#\/schema\/logo\/image\/\"}}]}<\/script>\n<!-- \/ Yoast SEO plugin. -->","yoast_head_json":{"title":"Kerrock - M-interijer","robots":{"index":"index","follow":"follow","max-snippet":"max-snippet:-1","max-image-preview":"max-image-preview:large","max-video-preview":"max-video-preview:-1"},"canonical":"https:\/\/m-interijer.hr\/site\/kerrock\/?lang=it","og_locale":"it_IT","og_type":"article","og_title":"Kerrock - M-interijer","og_description":"[et_pb_section bb_built=&#8221;1&#8243; background_color=&#8221;#ffffff&#8221; _builder_version=&#8221;3.0.105&#8243;][et_pb_row][et_pb_column type=&#8221;4_4&#8243;][et_pb_blurb title=&#8221;Kerrock&#8221; background_layout=&#8221;light&#8221; _builder_version=&#8221;3.0.105&#8243; header_level=&#8221;h3&#8243; header_font=&#8221;|700|||||||&#8221; use_icon=&#8221;off&#8221; url_new_window=&#8221;off&#8221; use_circle=&#8221;off&#8221; use_circle_border=&#8221;off&#8221; icon_placement=&#8221;top&#8221; use_icon_font_size=&#8221;off&#8221; image=&#8221;http:\/\/m-interijer.hr\/site\/wp-content\/uploads\/2018\/03\/Kerrock-title.jpg&#8221; content_max_width=&#8221;800px&#8221;] Il KERROCK \u00e8 un materiale composito i cui componenti principali sono idrossido di alluminio e sostanza vincolante polimero sulla base di acrilico: combina la durezza della pietra naturale e la bellezza della ceramica ed eccelle per durabilit\u00e0. [&hellip;]","og_url":"https:\/\/m-interijer.hr\/site\/kerrock\/?lang=it","og_site_name":"M-interijer","twitter_card":"summary_large_image","twitter_misc":{"Tempo di lettura stimato":"2 minuti"},"schema":{"@context":"https:\/\/schema.org","@graph":[{"@type":"WebPage","@id":"https:\/\/m-interijer.hr\/site\/kerrock\/?lang=it","url":"https:\/\/m-interijer.hr\/site\/kerrock\/?lang=it","name":"Kerrock - M-interijer","isPartOf":{"@id":"https:\/\/m-interijer.hr\/site\/#website"},"datePublished":"2018-03-06T12:21:30+00:00","breadcrumb":{"@id":"https:\/\/m-interijer.hr\/site\/kerrock\/?lang=it#breadcrumb"},"inLanguage":"it-IT","potentialAction":[{"@type":"ReadAction","target":["https:\/\/m-interijer.hr\/site\/kerrock\/?lang=it"]}]},{"@type":"BreadcrumbList","@id":"https:\/\/m-interijer.hr\/site\/kerrock\/?lang=it#breadcrumb","itemListElement":[{"@type":"ListItem","position":1,"name":"Po\u010detna stranica","item":"https:\/\/m-interijer.hr\/site\/?lang=it"},{"@type":"ListItem","position":2,"name":"Kerrock"}]},{"@type":"WebSite","@id":"https:\/\/m-interijer.hr\/site\/#website","url":"https:\/\/m-interijer.hr\/site\/","name":"M-interijer","description":"Namje\u0161taj po mjeri","publisher":{"@id":"https:\/\/m-interijer.hr\/site\/#organization"},"inLanguage":"it-IT"},{"@type":"Organization","@id":"https:\/\/m-interijer.hr\/site\/#organization","name":"M interijer","url":"https:\/\/m-interijer.hr\/site\/","logo":{"@type":"ImageObject","inLanguage":"it-IT","@id":"https:\/\/m-interijer.hr\/site\/#\/schema\/logo\/image\/","url":"https:\/\/m-interijer.hr\/site\/wp-content\/uploads\/2018\/02\/logo_final.jpg","contentUrl":"https:\/\/m-interijer.hr\/site\/wp-content\/uploads\/2018\/02\/logo_final.jpg","width":864,"height":262,"caption":"M interijer"},"image":{"@id":"https:\/\/m-interijer.hr\/site\/#\/schema\/logo\/image\/"}}]}},"_links":{"self":[{"href":"https:\/\/m-interijer.hr\/site\/wp-json\/wp\/v2\/pages\/1716\/?lang=it"}],"collection":[{"href":"https:\/\/m-interijer.hr\/site\/wp-json\/wp\/v2\/pages\/?lang=it"}],"about":[{"href":"https:\/\/m-interijer.hr\/site\/wp-json\/wp\/v2\/types\/page\/?lang=it"}],"author":[{"embeddable":true,"href":"https:\/\/m-interijer.hr\/site\/wp-json\/wp\/v2\/users\/1\/?lang=it"}],"replies":[{"embeddable":true,"href":"https:\/\/m-interijer.hr\/site\/wp-json\/wp\/v2\/comments\/?lang=it&post=1716"}],"version-history":[{"count":1,"href":"https:\/\/m-interijer.hr\/site\/wp-json\/wp\/v2\/pages\/1716\/revisions\/?lang=it"}],"predecessor-version":[{"id":1717,"href":"https:\/\/m-interijer.hr\/site\/wp-json\/wp\/v2\/pages\/1716\/revisions\/1717\/?lang=it"}],"wp:attachment":[{"href":"https:\/\/m-interijer.hr\/site\/wp-json\/wp\/v2\/media\/?lang=it&parent=1716"}],"curies":[{"name":"wp","href":"https:\/\/api.w.org\/{rel}","templated":true}]}}