{"id":1714,"date":"2018-03-06T12:20:56","date_gmt":"2018-03-06T12:20:56","guid":{"rendered":"http:\/\/m-interijer.hr\/site\/?page_id=1714"},"modified":"2018-03-06T12:20:56","modified_gmt":"2018-03-06T12:20:56","slug":"kerrock","status":"publish","type":"page","link":"https:\/\/m-interijer.hr\/site\/kerrock\/?lang=de","title":{"rendered":"Kerrock"},"content":{"rendered":"<p>[et_pb_section bb_built=&#8220;1&#8243; background_color=&#8220;#ffffff&#8220; _builder_version=&#8220;3.0.105&#8243;][et_pb_row][et_pb_column type=&#8220;4_4&#8243;][et_pb_blurb title=&#8220;Kerrock&#8220; background_layout=&#8220;light&#8220; _builder_version=&#8220;3.0.105&#8243; header_level=&#8220;h3&#8243; header_font=&#8220;|700|||||||&#8220; use_icon=&#8220;off&#8220; url_new_window=&#8220;off&#8220; use_circle=&#8220;off&#8220; use_circle_border=&#8220;off&#8220; icon_placement=&#8220;top&#8220; use_icon_font_size=&#8220;off&#8220; image=&#8220;http:\/\/m-interijer.hr\/site\/wp-content\/uploads\/2018\/03\/Kerrock-title.jpg&#8220; content_max_width=&#8220;800px&#8220;]<\/p>\n<p>M- INTERIJER ist ein befugter Kerrock-Bearbeiter in Kroatien.<\/p>\n<p>Kerrock ist ein k\u00fcnstliches Material, eine auf Kunststoffbasis hergestellte Masse, die Stein imitiert. In den letzten Jahren hat dieses Material einen wichtigen Platz in der Industrie der Innenausstattung gefunden. Das ist das Material der Zukunft: anpassungsf\u00e4hig, funktional, qualit\u00e4tvoll, widerstandsf\u00e4hig, tolles Aussehen und besonders unbegrenzte Modellierungsm\u00f6glichkeiten, also \u00fcberall zu verwenden.<\/p>\n<p>Das ist ein Material, das durch seine finale Qualit\u00e4t und sein Aussehen unvergleichbar in der Bearbeitung ist:<\/p>\n<ul>\n<li>&#8211; Arbeitsplatten in K\u00fcchen, Badezimmern, im Labor un in der Arztpraxis;<\/li>\n<li>&#8211;\u00a0Fassaden-und Wandplanken, Umrandungen f\u00fcr Fenster und Balkons;<\/li>\n<li>&#8211; Empfangstheken \u00a0an Rezeptionen und in Gesch\u00e4ften, f\u00fcr B\u00fcrom\u00f6bel;<\/li>\n<li>&#8211; Theken, Fl\u00e4chen zum Verkleiden in \u00f6ffentlichen St\u00e4tten und Restaurants;<\/li>\n<li>&#8211; Blenden f\u00fcr Schwimmb\u00e4der, Wohnzimmer und Garderoben;<\/li>\n<li>&#8211; w\u00e4rmegeformte Sch\u00fcsseln und Waschbecken;<\/li>\n<li>&#8211; kleine Gegenst\u00e4nde, M\u00f6belgalerie;<\/li>\n<li>&#8211; Werbung \u2013 Wandgrafiken.<\/li>\n<li><\/li>\n<\/ul>\n<p>7 KERROCK MERKMALE F\u00dcR TOP QUALIT\u00c4T:<\/p>\n<ul>\n<li>&#8211; das Material ist angenehm, warm, nonpor\u00f6s,\u00a0 geschmack-und geruchlos;<\/li>\n<li>&#8211; einfache Reinigung und Pflege , st\u00e4ndige Farbenfrische der Fl\u00e4chen;<\/li>\n<li>&#8211; auserordentlich fest und robust, chemische Widerstandsf\u00e4higkeit;<\/li>\n<li>&#8211; \u00a0w\u00e4rmebest\u00e4ndig bis 160 C, selbstl\u00f6schend, widerstandsf\u00e4hig gegen Atmosph\u00e4reneinfluss;<\/li>\n<li>&#8211; einfache Bearbeitung, unsichtbare Klebeverbindungen;<\/li>\n<li>&#8211; reiche Farbenauswahl (100) in einfarbigem,\u00a0 Granit und Teraco-Effekt;<\/li>\n<li>&#8211; unbegrenzte Projektierungsfreiheit, ebenso was die Details und Kombinierung mit anderen Materialien angeht (Holz, Glas, Metall&#8230;)<\/li>\n<\/ul>\n<p>Kerrock verwenden wir seit 1997 und wir sind das erste Unternehmen im Landkreis Istrien, das mit der Bearbeitung dieses Materials begonnen hat.<\/p>\n<p>Anfertigung und Montage von Kerrock an Objekten:<\/p>\n<p>&#8211; HOTEL FORTUNA Porec<br \/>\n&#8211; HOTEL Porec Porec<br \/>\n&#8211; HOTEL MAESTRAL Novigrad<br \/>\n&#8211; HOTEL HOSTIN Porec<br \/>\n&#8211; HOTEL EDEN Rovinj<br \/>\n&#8211; HOTEL PARK Rovinj<br \/>\n&#8211; HOTEL TAMARIS Rovinj<br \/>\n&#8211; MARINA PULA<br \/>\n&#8211; MARINA CERVAR Porec<br \/>\n&#8211; A\/C LANTERNA Porec<br \/>\n&#8211; ISTARSKA BANKA Pula<br \/>\n&#8211; TURISTICKO NASELJE FUNTANA<br \/>\n&#8211; A\/C SOLARIS Porec<br \/>\n&#8211; GRADSKA KNJI\u017dNICA Pula<br \/>\n&#8211; A\/C VALKANELA, Vrsar<br \/>\n&#8211; HOTEL PULA, Pula<br \/>\n&#8211; MARINA OTOK Cres<br \/>\n&#8211; MARINA Novigrad<br \/>\n&#8211; MARINA Umag<br \/>\n&#8211; INTERSPAR Osijek<br \/>\n&#8211; KZC Vodice, \u0160ibenik<br \/>\n&#8211; HOTEL ALBATROS Porec<br \/>\n&#8211; A\/C Polari, Rovinj<br \/>\n&#8211; A\/C Ve\u0161tar, Rovinj<br \/>\n&#8211; MARINA VERUDA, Pula<br \/>\n&#8211; VILA MATERADA, Porec<br \/>\n&#8211; HOTEL ISTRA, Crveni otok, Rovinj<br \/>\n&#8211; AVENUE MALL, Zagreb<\/p>\n<p>Und in vielen, vielen K\u00fcchen und Badezimmern.<\/p>\n<p>[\/et_pb_blurb][\/et_pb_column][\/et_pb_row][\/et_pb_section]<\/p>\n","protected":false},"excerpt":{"rendered":"<p>[et_pb_section bb_built=&#8220;1&#8243; background_color=&#8220;#ffffff&#8220; _builder_version=&#8220;3.0.105&#8243;][et_pb_row][et_pb_column type=&#8220;4_4&#8243;][et_pb_blurb title=&#8220;Kerrock&#8220; background_layout=&#8220;light&#8220; _builder_version=&#8220;3.0.105&#8243; header_level=&#8220;h3&#8243; header_font=&#8220;|700|||||||&#8220; use_icon=&#8220;off&#8220; url_new_window=&#8220;off&#8220; use_circle=&#8220;off&#8220; use_circle_border=&#8220;off&#8220; icon_placement=&#8220;top&#8220; use_icon_font_size=&#8220;off&#8220; image=&#8220;http:\/\/m-interijer.hr\/site\/wp-content\/uploads\/2018\/03\/Kerrock-title.jpg&#8220; content_max_width=&#8220;800px&#8220;] M- INTERIJER ist ein befugter Kerrock-Bearbeiter in Kroatien. Kerrock ist ein k\u00fcnstliches Material, eine auf Kunststoffbasis hergestellte Masse, die Stein imitiert. In den letzten Jahren hat dieses Material einen wichtigen Platz in der Industrie der Innenausstattung gefunden. [&hellip;]<\/p>\n","protected":false},"author":1,"featured_media":0,"parent":0,"menu_order":0,"comment_status":"closed","ping_status":"closed","template":"","meta":{"_et_pb_use_builder":"on","_et_pb_old_content":"","footnotes":""},"class_list":["post-1714","page","type-page","status-publish","hentry"],"yoast_head":"<!-- This site is optimized with the Yoast SEO plugin v24.6 - https:\/\/yoast.com\/wordpress\/plugins\/seo\/ -->\n<title>Kerrock - M-interijer<\/title>\n<meta name=\"robots\" content=\"index, follow, max-snippet:-1, max-image-preview:large, max-video-preview:-1\" \/>\n<link rel=\"canonical\" href=\"https:\/\/m-interijer.hr\/site\/kerrock\/?lang=de\" \/>\n<meta property=\"og:locale\" content=\"de_DE\" \/>\n<meta property=\"og:type\" content=\"article\" \/>\n<meta property=\"og:title\" content=\"Kerrock - M-interijer\" \/>\n<meta property=\"og:description\" content=\"[et_pb_section bb_built=&#8220;1&#8243; background_color=&#8220;#ffffff&#8220; _builder_version=&#8220;3.0.105&#8243;][et_pb_row][et_pb_column type=&#8220;4_4&#8243;][et_pb_blurb title=&#8220;Kerrock&#8220; background_layout=&#8220;light&#8220; _builder_version=&#8220;3.0.105&#8243; header_level=&#8220;h3&#8243; header_font=&#8220;|700|||||||&#8220; use_icon=&#8220;off&#8220; url_new_window=&#8220;off&#8220; use_circle=&#8220;off&#8220; use_circle_border=&#8220;off&#8220; icon_placement=&#8220;top&#8220; use_icon_font_size=&#8220;off&#8220; image=&#8220;http:\/\/m-interijer.hr\/site\/wp-content\/uploads\/2018\/03\/Kerrock-title.jpg&#8220; content_max_width=&#8220;800px&#8220;] M- INTERIJER ist ein befugter Kerrock-Bearbeiter in Kroatien. Kerrock ist ein k\u00fcnstliches Material, eine auf Kunststoffbasis hergestellte Masse, die Stein imitiert. In den letzten Jahren hat dieses Material einen wichtigen Platz in der Industrie der Innenausstattung gefunden. [&hellip;]\" \/>\n<meta property=\"og:url\" content=\"https:\/\/m-interijer.hr\/site\/kerrock\/?lang=de\" \/>\n<meta property=\"og:site_name\" content=\"M-interijer\" \/>\n<meta name=\"twitter:card\" content=\"summary_large_image\" \/>\n<meta name=\"twitter:label1\" content=\"Gesch\u00e4tzte Lesezeit\" \/>\n\t<meta name=\"twitter:data1\" content=\"2\u00a0Minuten\" \/>\n<script type=\"application\/ld+json\" class=\"yoast-schema-graph\">{\"@context\":\"https:\/\/schema.org\",\"@graph\":[{\"@type\":\"WebPage\",\"@id\":\"https:\/\/m-interijer.hr\/site\/kerrock\/?lang=de\",\"url\":\"https:\/\/m-interijer.hr\/site\/kerrock\/?lang=de\",\"name\":\"Kerrock - M-interijer\",\"isPartOf\":{\"@id\":\"https:\/\/m-interijer.hr\/site\/#website\"},\"datePublished\":\"2018-03-06T12:20:56+00:00\",\"breadcrumb\":{\"@id\":\"https:\/\/m-interijer.hr\/site\/kerrock\/?lang=de#breadcrumb\"},\"inLanguage\":\"de\",\"potentialAction\":[{\"@type\":\"ReadAction\",\"target\":[\"https:\/\/m-interijer.hr\/site\/kerrock\/?lang=de\"]}]},{\"@type\":\"BreadcrumbList\",\"@id\":\"https:\/\/m-interijer.hr\/site\/kerrock\/?lang=de#breadcrumb\",\"itemListElement\":[{\"@type\":\"ListItem\",\"position\":1,\"name\":\"Po\u010detna stranica\",\"item\":\"https:\/\/m-interijer.hr\/site\/?lang=de\"},{\"@type\":\"ListItem\",\"position\":2,\"name\":\"Kerrock\"}]},{\"@type\":\"WebSite\",\"@id\":\"https:\/\/m-interijer.hr\/site\/#website\",\"url\":\"https:\/\/m-interijer.hr\/site\/\",\"name\":\"M-interijer\",\"description\":\"Namje\u0161taj po mjeri\",\"publisher\":{\"@id\":\"https:\/\/m-interijer.hr\/site\/#organization\"},\"inLanguage\":\"de\"},{\"@type\":\"Organization\",\"@id\":\"https:\/\/m-interijer.hr\/site\/#organization\",\"name\":\"M interijer\",\"url\":\"https:\/\/m-interijer.hr\/site\/\",\"logo\":{\"@type\":\"ImageObject\",\"inLanguage\":\"de\",\"@id\":\"https:\/\/m-interijer.hr\/site\/#\/schema\/logo\/image\/\",\"url\":\"https:\/\/m-interijer.hr\/site\/wp-content\/uploads\/2018\/02\/logo_final.jpg\",\"contentUrl\":\"https:\/\/m-interijer.hr\/site\/wp-content\/uploads\/2018\/02\/logo_final.jpg\",\"width\":864,\"height\":262,\"caption\":\"M interijer\"},\"image\":{\"@id\":\"https:\/\/m-interijer.hr\/site\/#\/schema\/logo\/image\/\"}}]}<\/script>\n<!-- \/ Yoast SEO plugin. -->","yoast_head_json":{"title":"Kerrock - M-interijer","robots":{"index":"index","follow":"follow","max-snippet":"max-snippet:-1","max-image-preview":"max-image-preview:large","max-video-preview":"max-video-preview:-1"},"canonical":"https:\/\/m-interijer.hr\/site\/kerrock\/?lang=de","og_locale":"de_DE","og_type":"article","og_title":"Kerrock - M-interijer","og_description":"[et_pb_section bb_built=&#8220;1&#8243; background_color=&#8220;#ffffff&#8220; _builder_version=&#8220;3.0.105&#8243;][et_pb_row][et_pb_column type=&#8220;4_4&#8243;][et_pb_blurb title=&#8220;Kerrock&#8220; background_layout=&#8220;light&#8220; _builder_version=&#8220;3.0.105&#8243; header_level=&#8220;h3&#8243; header_font=&#8220;|700|||||||&#8220; use_icon=&#8220;off&#8220; url_new_window=&#8220;off&#8220; use_circle=&#8220;off&#8220; use_circle_border=&#8220;off&#8220; icon_placement=&#8220;top&#8220; use_icon_font_size=&#8220;off&#8220; image=&#8220;http:\/\/m-interijer.hr\/site\/wp-content\/uploads\/2018\/03\/Kerrock-title.jpg&#8220; content_max_width=&#8220;800px&#8220;] M- INTERIJER ist ein befugter Kerrock-Bearbeiter in Kroatien. Kerrock ist ein k\u00fcnstliches Material, eine auf Kunststoffbasis hergestellte Masse, die Stein imitiert. In den letzten Jahren hat dieses Material einen wichtigen Platz in der Industrie der Innenausstattung gefunden. [&hellip;]","og_url":"https:\/\/m-interijer.hr\/site\/kerrock\/?lang=de","og_site_name":"M-interijer","twitter_card":"summary_large_image","twitter_misc":{"Gesch\u00e4tzte Lesezeit":"2\u00a0Minuten"},"schema":{"@context":"https:\/\/schema.org","@graph":[{"@type":"WebPage","@id":"https:\/\/m-interijer.hr\/site\/kerrock\/?lang=de","url":"https:\/\/m-interijer.hr\/site\/kerrock\/?lang=de","name":"Kerrock - M-interijer","isPartOf":{"@id":"https:\/\/m-interijer.hr\/site\/#website"},"datePublished":"2018-03-06T12:20:56+00:00","breadcrumb":{"@id":"https:\/\/m-interijer.hr\/site\/kerrock\/?lang=de#breadcrumb"},"inLanguage":"de","potentialAction":[{"@type":"ReadAction","target":["https:\/\/m-interijer.hr\/site\/kerrock\/?lang=de"]}]},{"@type":"BreadcrumbList","@id":"https:\/\/m-interijer.hr\/site\/kerrock\/?lang=de#breadcrumb","itemListElement":[{"@type":"ListItem","position":1,"name":"Po\u010detna stranica","item":"https:\/\/m-interijer.hr\/site\/?lang=de"},{"@type":"ListItem","position":2,"name":"Kerrock"}]},{"@type":"WebSite","@id":"https:\/\/m-interijer.hr\/site\/#website","url":"https:\/\/m-interijer.hr\/site\/","name":"M-interijer","description":"Namje\u0161taj po mjeri","publisher":{"@id":"https:\/\/m-interijer.hr\/site\/#organization"},"inLanguage":"de"},{"@type":"Organization","@id":"https:\/\/m-interijer.hr\/site\/#organization","name":"M interijer","url":"https:\/\/m-interijer.hr\/site\/","logo":{"@type":"ImageObject","inLanguage":"de","@id":"https:\/\/m-interijer.hr\/site\/#\/schema\/logo\/image\/","url":"https:\/\/m-interijer.hr\/site\/wp-content\/uploads\/2018\/02\/logo_final.jpg","contentUrl":"https:\/\/m-interijer.hr\/site\/wp-content\/uploads\/2018\/02\/logo_final.jpg","width":864,"height":262,"caption":"M interijer"},"image":{"@id":"https:\/\/m-interijer.hr\/site\/#\/schema\/logo\/image\/"}}]}},"_links":{"self":[{"href":"https:\/\/m-interijer.hr\/site\/wp-json\/wp\/v2\/pages\/1714\/?lang=de"}],"collection":[{"href":"https:\/\/m-interijer.hr\/site\/wp-json\/wp\/v2\/pages\/?lang=de"}],"about":[{"href":"https:\/\/m-interijer.hr\/site\/wp-json\/wp\/v2\/types\/page\/?lang=de"}],"author":[{"embeddable":true,"href":"https:\/\/m-interijer.hr\/site\/wp-json\/wp\/v2\/users\/1\/?lang=de"}],"replies":[{"embeddable":true,"href":"https:\/\/m-interijer.hr\/site\/wp-json\/wp\/v2\/comments\/?lang=de&post=1714"}],"version-history":[{"count":1,"href":"https:\/\/m-interijer.hr\/site\/wp-json\/wp\/v2\/pages\/1714\/revisions\/?lang=de"}],"predecessor-version":[{"id":1715,"href":"https:\/\/m-interijer.hr\/site\/wp-json\/wp\/v2\/pages\/1714\/revisions\/1715\/?lang=de"}],"wp:attachment":[{"href":"https:\/\/m-interijer.hr\/site\/wp-json\/wp\/v2\/media\/?lang=de&parent=1714"}],"curies":[{"name":"wp","href":"https:\/\/api.w.org\/{rel}","templated":true}]}}