{"id":1705,"date":"2018-03-05T15:52:13","date_gmt":"2018-03-05T15:52:13","guid":{"rendered":"http:\/\/m-interijer.hr\/site\/?page_id=1705"},"modified":"2018-03-05T15:52:13","modified_gmt":"2018-03-05T15:52:13","slug":"kuechen","status":"publish","type":"page","link":"https:\/\/m-interijer.hr\/site\/kuechen\/?lang=de","title":{"rendered":"K\u00fcchen"},"content":{"rendered":"<p>[et_pb_section bb_built=&#8220;1&#8243; _builder_version=&#8220;3.0.105&#8243; background_color=&#8220;#ffffff&#8220;][et_pb_row][et_pb_column type=&#8220;4_4&#8243;][et_pb_blurb _builder_version=&#8220;3.0.105&#8243; use_icon=&#8220;off&#8220; url_new_window=&#8220;off&#8220; title=&#8220;K\u00fcchen&#8220; use_circle=&#8220;off&#8220; use_circle_border=&#8220;off&#8220; icon_placement=&#8220;top&#8220; use_icon_font_size=&#8220;off&#8220; background_layout=&#8220;light&#8220; image=&#8220;http:\/\/m-interijer.hr\/site\/wp-content\/uploads\/2018\/02\/Kuhinje.jpg&#8220; content_max_width=&#8220;800px&#8220;]<\/p>\n<p>K\u00fcchen sind unser wichtigstes Erzeugnis und gerade bei der Herstellung von K\u00fcchen hat M- INTERIJER seine Qualit\u00e4t und Funktionalit\u00e4t auf dem Gebiet von Pore\u010d bewiesen und in den letzten Jahren auch in ganz Istrien &#8211;\u00a0 neben unseren anderen Erzeugnissen erreichen wir bei K\u00fcchen DAS BESTE&#8230;<\/p>\n<p>Auf das Aussehen unserer K\u00fcchen hat,\u00a0 neben den Forderungen unserer K\u00e4ufer,\u00a0 der italienische K\u00fcchendesign besonderen Einfluss, der auf diesem Gebiet von Pore\u010d und Istrien mit seinem mediterranen Flair\u00a0 besonders beliebt und sozusagen als unser eigener betrachtet wird \u2013 schauen Sie, ob Sie sich etwas \u00c4hnliches f\u00fcr Ihre K\u00fcche vorgestellt haben&#8230;<\/p>\n<p>Deshalb k\u00f6nnen Sie bei all unseren Produkten etwas finden, das ins einheimische Interieur moderne Linien und Farben integriert, moderne Ideen und Kreationen als auch die neuesten technischen L\u00f6sungen im Aussehen aber vor allem bei der Funktionalit\u00e4t einer modernen K\u00fcche, der K\u00fcche nach Ma\u00df &#8211; in Ihren Raum passend&#8230;<\/p>\n<p>Heutzutage ist die K\u00fcche nicht nur ein Arbeitsplatz sondern in den modernen Wohnungen und H\u00e4usern ein Teil des Wohnzimmers, weshalb wir m\u00f6chten, dass unsere K\u00fcche anders ist, dass sie sich mit jedem Zentimeter und ihrem Aussehen funktional und angenehm in unseren Raum integriert..<\/p>\n<p>Das sind die Gr\u00fcnde weshalb Sie sich in Ihrer K\u00fcche angenehm f\u00fchlen sollen, denn sie darf nicht nur ein\u00a0 Ort sein zum Kochen, Braten, Mixen&#8230;(sich Abrackern&#8230;),\u00a0 sie ist ein Teil Ihres Umfeldes und\u00a0\u00a0\u00a0\u00a0\u00a0\u00a0 \u00a0M- INTERIJER kann Ihnen dabei helfen!<\/p>\n<p>Willkommen in unserer Welt von 3000 Farben und dem Design modernster K\u00fcchen.<\/p>\n<p>[\/et_pb_blurb][\/et_pb_column][\/et_pb_row][et_pb_row _builder_version=&#8220;3.0.105&#8243; use_custom_width=&#8220;on&#8220; custom_width_px=&#8220;800px&#8220;][et_pb_column type=&#8220;1_4&#8243;][et_pb_blurb _builder_version=&#8220;3.0.105&#8243; use_icon=&#8220;off&#8220; image=&#8220;http:\/\/m-interijer.hr\/site\/wp-content\/uploads\/2018\/02\/Kuhinja-Modern-126.jpg&#8220; url=&#8220;http:\/\/m-interijer.hr\/site\/kuhinje\/moderne-kuhinje\/&#8220; url_new_window=&#8220;off&#8220; title=&#8220;Moderne K\u00fcchen&#8220; use_circle=&#8220;off&#8220; use_circle_border=&#8220;off&#8220; icon_placement=&#8220;top&#8220; use_icon_font_size=&#8220;off&#8220; background_layout=&#8220;light&#8220; animation_style=&#8220;fade&#8220; \/][\/et_pb_column][et_pb_column type=&#8220;1_4&#8243;][et_pb_blurb _builder_version=&#8220;3.0.105&#8243; use_icon=&#8220;off&#8220; image=&#8220;http:\/\/m-interijer.hr\/site\/wp-content\/uploads\/2018\/02\/Kuhinja-Medijapan-084.jpg&#8220; url=&#8220;http:\/\/m-interijer.hr\/site\/kuhinje\/medijapan-kuhinje\/&#8220; url_new_window=&#8220;off&#8220; title=&#8220;MDF K\u00fcchen&#8220; use_circle=&#8220;off&#8220; use_circle_border=&#8220;off&#8220; icon_placement=&#8220;top&#8220; use_icon_font_size=&#8220;off&#8220; background_layout=&#8220;light&#8220; \/][\/et_pb_column][et_pb_column type=&#8220;1_4&#8243;][et_pb_blurb _builder_version=&#8220;3.0.105&#8243; use_icon=&#8220;off&#8220; image=&#8220;http:\/\/m-interijer.hr\/site\/wp-content\/uploads\/2018\/02\/Kuhinja-masiv-28.jpg&#8220; url=&#8220;http:\/\/m-interijer.hr\/site\/kuhinje\/masiv-kuhinje\/&#8220; url_new_window=&#8220;off&#8220; title=&#8220;Massivholz K\u00fcchen&#8220; use_circle=&#8220;off&#8220; use_circle_border=&#8220;off&#8220; icon_placement=&#8220;top&#8220; use_icon_font_size=&#8220;off&#8220; background_layout=&#8220;light&#8220; \/][\/et_pb_column][et_pb_column type=&#8220;1_4&#8243;][et_pb_blurb _builder_version=&#8220;3.0.105&#8243; use_icon=&#8220;off&#8220; image=&#8220;http:\/\/m-interijer.hr\/site\/wp-content\/uploads\/2018\/02\/Kuhinja-Ostalo-19.jpg&#8220; url=&#8220;http:\/\/m-interijer.hr\/site\/kuhinje\/ostale-kuhinje\/&#8220; url_new_window=&#8220;off&#8220; title=&#8220;Andere K\u00fcchen&#8220; use_circle=&#8220;off&#8220; use_circle_border=&#8220;off&#8220; icon_placement=&#8220;top&#8220; use_icon_font_size=&#8220;off&#8220; background_layout=&#8220;light&#8220; \/][\/et_pb_column][\/et_pb_row][\/et_pb_section]<\/p>\n","protected":false},"excerpt":{"rendered":"<p>[et_pb_section bb_built=&#8220;1&#8243; _builder_version=&#8220;3.0.105&#8243; background_color=&#8220;#ffffff&#8220;][et_pb_row][et_pb_column type=&#8220;4_4&#8243;][et_pb_blurb _builder_version=&#8220;3.0.105&#8243; use_icon=&#8220;off&#8220; url_new_window=&#8220;off&#8220; title=&#8220;K\u00fcchen&#8220; use_circle=&#8220;off&#8220; use_circle_border=&#8220;off&#8220; icon_placement=&#8220;top&#8220; use_icon_font_size=&#8220;off&#8220; background_layout=&#8220;light&#8220; image=&#8220;http:\/\/m-interijer.hr\/site\/wp-content\/uploads\/2018\/02\/Kuhinje.jpg&#8220; content_max_width=&#8220;800px&#8220;] K\u00fcchen sind unser wichtigstes Erzeugnis und gerade bei der Herstellung von K\u00fcchen hat M- INTERIJER seine Qualit\u00e4t und Funktionalit\u00e4t auf dem Gebiet von Pore\u010d bewiesen und in den letzten Jahren auch in ganz Istrien &#8211;\u00a0 neben unseren anderen Erzeugnissen [&hellip;]<\/p>\n","protected":false},"author":1,"featured_media":0,"parent":0,"menu_order":0,"comment_status":"closed","ping_status":"closed","template":"","meta":{"_et_pb_use_builder":"on","_et_pb_old_content":"","footnotes":""},"class_list":["post-1705","page","type-page","status-publish","hentry"],"yoast_head":"<!-- This site is optimized with the Yoast SEO plugin v24.6 - https:\/\/yoast.com\/wordpress\/plugins\/seo\/ -->\n<title>K\u00fcchen - M-interijer<\/title>\n<meta name=\"robots\" content=\"index, follow, max-snippet:-1, max-image-preview:large, max-video-preview:-1\" \/>\n<link rel=\"canonical\" href=\"https:\/\/m-interijer.hr\/site\/kuechen\/?lang=de\" \/>\n<meta property=\"og:locale\" content=\"de_DE\" \/>\n<meta property=\"og:type\" content=\"article\" \/>\n<meta property=\"og:title\" content=\"K\u00fcchen - M-interijer\" \/>\n<meta property=\"og:description\" content=\"[et_pb_section bb_built=&#8220;1&#8243; _builder_version=&#8220;3.0.105&#8243; background_color=&#8220;#ffffff&#8220;][et_pb_row][et_pb_column type=&#8220;4_4&#8243;][et_pb_blurb _builder_version=&#8220;3.0.105&#8243; use_icon=&#8220;off&#8220; url_new_window=&#8220;off&#8220; title=&#8220;K\u00fcchen&#8220; use_circle=&#8220;off&#8220; use_circle_border=&#8220;off&#8220; icon_placement=&#8220;top&#8220; use_icon_font_size=&#8220;off&#8220; background_layout=&#8220;light&#8220; image=&#8220;http:\/\/m-interijer.hr\/site\/wp-content\/uploads\/2018\/02\/Kuhinje.jpg&#8220; content_max_width=&#8220;800px&#8220;] K\u00fcchen sind unser wichtigstes Erzeugnis und gerade bei der Herstellung von K\u00fcchen hat M- INTERIJER seine Qualit\u00e4t und Funktionalit\u00e4t auf dem Gebiet von Pore\u010d bewiesen und in den letzten Jahren auch in ganz Istrien &#8211;\u00a0 neben unseren anderen Erzeugnissen [&hellip;]\" \/>\n<meta property=\"og:url\" content=\"https:\/\/m-interijer.hr\/site\/kuechen\/?lang=de\" \/>\n<meta property=\"og:site_name\" content=\"M-interijer\" \/>\n<meta name=\"twitter:card\" content=\"summary_large_image\" \/>\n<meta name=\"twitter:label1\" content=\"Gesch\u00e4tzte Lesezeit\" \/>\n\t<meta name=\"twitter:data1\" content=\"3\u00a0Minuten\" \/>\n<script type=\"application\/ld+json\" class=\"yoast-schema-graph\">{\"@context\":\"https:\/\/schema.org\",\"@graph\":[{\"@type\":\"WebPage\",\"@id\":\"https:\/\/m-interijer.hr\/site\/kuechen\/?lang=de\",\"url\":\"https:\/\/m-interijer.hr\/site\/kuechen\/?lang=de\",\"name\":\"K\u00fcchen - M-interijer\",\"isPartOf\":{\"@id\":\"https:\/\/m-interijer.hr\/site\/#website\"},\"datePublished\":\"2018-03-05T15:52:13+00:00\",\"breadcrumb\":{\"@id\":\"https:\/\/m-interijer.hr\/site\/kuechen\/?lang=de#breadcrumb\"},\"inLanguage\":\"de\",\"potentialAction\":[{\"@type\":\"ReadAction\",\"target\":[\"https:\/\/m-interijer.hr\/site\/kuechen\/?lang=de\"]}]},{\"@type\":\"BreadcrumbList\",\"@id\":\"https:\/\/m-interijer.hr\/site\/kuechen\/?lang=de#breadcrumb\",\"itemListElement\":[{\"@type\":\"ListItem\",\"position\":1,\"name\":\"Po\u010detna stranica\",\"item\":\"https:\/\/m-interijer.hr\/site\/?lang=de\"},{\"@type\":\"ListItem\",\"position\":2,\"name\":\"K\u00fcchen\"}]},{\"@type\":\"WebSite\",\"@id\":\"https:\/\/m-interijer.hr\/site\/#website\",\"url\":\"https:\/\/m-interijer.hr\/site\/\",\"name\":\"M-interijer\",\"description\":\"Namje\u0161taj po mjeri\",\"publisher\":{\"@id\":\"https:\/\/m-interijer.hr\/site\/#organization\"},\"inLanguage\":\"de\"},{\"@type\":\"Organization\",\"@id\":\"https:\/\/m-interijer.hr\/site\/#organization\",\"name\":\"M interijer\",\"url\":\"https:\/\/m-interijer.hr\/site\/\",\"logo\":{\"@type\":\"ImageObject\",\"inLanguage\":\"de\",\"@id\":\"https:\/\/m-interijer.hr\/site\/#\/schema\/logo\/image\/\",\"url\":\"https:\/\/m-interijer.hr\/site\/wp-content\/uploads\/2018\/02\/logo_final.jpg\",\"contentUrl\":\"https:\/\/m-interijer.hr\/site\/wp-content\/uploads\/2018\/02\/logo_final.jpg\",\"width\":864,\"height\":262,\"caption\":\"M interijer\"},\"image\":{\"@id\":\"https:\/\/m-interijer.hr\/site\/#\/schema\/logo\/image\/\"}}]}<\/script>\n<!-- \/ Yoast SEO plugin. -->","yoast_head_json":{"title":"K\u00fcchen - M-interijer","robots":{"index":"index","follow":"follow","max-snippet":"max-snippet:-1","max-image-preview":"max-image-preview:large","max-video-preview":"max-video-preview:-1"},"canonical":"https:\/\/m-interijer.hr\/site\/kuechen\/?lang=de","og_locale":"de_DE","og_type":"article","og_title":"K\u00fcchen - M-interijer","og_description":"[et_pb_section bb_built=&#8220;1&#8243; _builder_version=&#8220;3.0.105&#8243; background_color=&#8220;#ffffff&#8220;][et_pb_row][et_pb_column type=&#8220;4_4&#8243;][et_pb_blurb _builder_version=&#8220;3.0.105&#8243; use_icon=&#8220;off&#8220; url_new_window=&#8220;off&#8220; title=&#8220;K\u00fcchen&#8220; use_circle=&#8220;off&#8220; use_circle_border=&#8220;off&#8220; icon_placement=&#8220;top&#8220; use_icon_font_size=&#8220;off&#8220; background_layout=&#8220;light&#8220; image=&#8220;http:\/\/m-interijer.hr\/site\/wp-content\/uploads\/2018\/02\/Kuhinje.jpg&#8220; content_max_width=&#8220;800px&#8220;] K\u00fcchen sind unser wichtigstes Erzeugnis und gerade bei der Herstellung von K\u00fcchen hat M- INTERIJER seine Qualit\u00e4t und Funktionalit\u00e4t auf dem Gebiet von Pore\u010d bewiesen und in den letzten Jahren auch in ganz Istrien &#8211;\u00a0 neben unseren anderen Erzeugnissen [&hellip;]","og_url":"https:\/\/m-interijer.hr\/site\/kuechen\/?lang=de","og_site_name":"M-interijer","twitter_card":"summary_large_image","twitter_misc":{"Gesch\u00e4tzte Lesezeit":"3\u00a0Minuten"},"schema":{"@context":"https:\/\/schema.org","@graph":[{"@type":"WebPage","@id":"https:\/\/m-interijer.hr\/site\/kuechen\/?lang=de","url":"https:\/\/m-interijer.hr\/site\/kuechen\/?lang=de","name":"K\u00fcchen - M-interijer","isPartOf":{"@id":"https:\/\/m-interijer.hr\/site\/#website"},"datePublished":"2018-03-05T15:52:13+00:00","breadcrumb":{"@id":"https:\/\/m-interijer.hr\/site\/kuechen\/?lang=de#breadcrumb"},"inLanguage":"de","potentialAction":[{"@type":"ReadAction","target":["https:\/\/m-interijer.hr\/site\/kuechen\/?lang=de"]}]},{"@type":"BreadcrumbList","@id":"https:\/\/m-interijer.hr\/site\/kuechen\/?lang=de#breadcrumb","itemListElement":[{"@type":"ListItem","position":1,"name":"Po\u010detna stranica","item":"https:\/\/m-interijer.hr\/site\/?lang=de"},{"@type":"ListItem","position":2,"name":"K\u00fcchen"}]},{"@type":"WebSite","@id":"https:\/\/m-interijer.hr\/site\/#website","url":"https:\/\/m-interijer.hr\/site\/","name":"M-interijer","description":"Namje\u0161taj po mjeri","publisher":{"@id":"https:\/\/m-interijer.hr\/site\/#organization"},"inLanguage":"de"},{"@type":"Organization","@id":"https:\/\/m-interijer.hr\/site\/#organization","name":"M interijer","url":"https:\/\/m-interijer.hr\/site\/","logo":{"@type":"ImageObject","inLanguage":"de","@id":"https:\/\/m-interijer.hr\/site\/#\/schema\/logo\/image\/","url":"https:\/\/m-interijer.hr\/site\/wp-content\/uploads\/2018\/02\/logo_final.jpg","contentUrl":"https:\/\/m-interijer.hr\/site\/wp-content\/uploads\/2018\/02\/logo_final.jpg","width":864,"height":262,"caption":"M interijer"},"image":{"@id":"https:\/\/m-interijer.hr\/site\/#\/schema\/logo\/image\/"}}]}},"_links":{"self":[{"href":"https:\/\/m-interijer.hr\/site\/wp-json\/wp\/v2\/pages\/1705\/?lang=de"}],"collection":[{"href":"https:\/\/m-interijer.hr\/site\/wp-json\/wp\/v2\/pages\/?lang=de"}],"about":[{"href":"https:\/\/m-interijer.hr\/site\/wp-json\/wp\/v2\/types\/page\/?lang=de"}],"author":[{"embeddable":true,"href":"https:\/\/m-interijer.hr\/site\/wp-json\/wp\/v2\/users\/1\/?lang=de"}],"replies":[{"embeddable":true,"href":"https:\/\/m-interijer.hr\/site\/wp-json\/wp\/v2\/comments\/?lang=de&post=1705"}],"version-history":[{"count":1,"href":"https:\/\/m-interijer.hr\/site\/wp-json\/wp\/v2\/pages\/1705\/revisions\/?lang=de"}],"predecessor-version":[{"id":1706,"href":"https:\/\/m-interijer.hr\/site\/wp-json\/wp\/v2\/pages\/1705\/revisions\/1706\/?lang=de"}],"wp:attachment":[{"href":"https:\/\/m-interijer.hr\/site\/wp-json\/wp\/v2\/media\/?lang=de&parent=1705"}],"curies":[{"name":"wp","href":"https:\/\/api.w.org\/{rel}","templated":true}]}}