{"id":1642,"date":"2018-03-05T14:39:09","date_gmt":"2018-03-05T14:39:09","guid":{"rendered":"http:\/\/m-interijer.hr\/site\/?page_id=1642"},"modified":"2018-03-05T14:39:09","modified_gmt":"2018-03-05T14:39:09","slug":"3d-design-studio-m","status":"publish","type":"page","link":"https:\/\/m-interijer.hr\/site\/ueber-uns\/3d-design-studio-m\/?lang=de","title":{"rendered":"3D Design Studio M"},"content":{"rendered":"<p>[et_pb_section bb_built=&#8220;1&#8243; _builder_version=&#8220;3.0.105&#8243; background_color=&#8220;#ffffff&#8220;][et_pb_row _builder_version=&#8220;3.0.105&#8243;][et_pb_column type=&#8220;4_4&#8243;][et_pb_blurb _builder_version=&#8220;3.0.105&#8243; use_icon=&#8220;off&#8220; url_new_window=&#8220;off&#8220; title=&#8220;3D Design Studio M&#8220; use_circle=&#8220;off&#8220; use_circle_border=&#8220;off&#8220; icon_placement=&#8220;top&#8220; use_icon_font_size=&#8220;off&#8220; background_layout=&#8220;light&#8220; image=&#8220;http:\/\/m-interijer.hr\/site\/wp-content\/uploads\/2018\/02\/3Dstudio.jpg&#8220; content_max_width=&#8220;800px&#8220;]<\/p>\n<p>Um eine optimale Konzeption Ihrer Idee f\u00fcr die Herstellung Ihrer K\u00fcche und anderer M\u00f6belst\u00fccke \u00a0zu bekommen, bieten wir Ihnen fachliche Hilfe unserer Architektin, die neben Ratschl\u00e4gen und ersten Skizzen,\u00a0 auch eine Komputersimulation Ihrer neuen K\u00fcche oder Ihrer M\u00f6belst\u00fccke in Ihrem Zuhause erstellen wird.<\/p>\n<p>Mit einer solchen Simulation erm\u00f6glichen wir Ihnen Farben und Materialien zu testen, indem Sie Ihre eigene Phantasie und Ihre Ideen auf das Aussehen Ihrer neuen K\u00fcche \u00fcbertragen.<\/p>\n<p>Bevor Sie sich f\u00fcr\u00a0 die Herstellung Ihrer neuen K\u00fcche entschlie\u00dfen, lassen Sie doch Ihrer Phantasie freien Lauf&#8230;.<\/p>\n<p>\u2026..wir sind hier,\u00a0 um Ihre Ideen zu simulieren!<\/p>\n<p>Alles andere steht Ihnen zur Verf\u00fcgung!<\/p>\n<p>[\/et_pb_blurb][et_pb_divider _builder_version=&#8220;3.0.105&#8243; show_divider=&#8220;on&#8220; max_width_last_edited=&#8220;on|desktop&#8220; height=&#8220;15px&#8220; color=&#8220;#000000&#8243; \/][et_pb_blurb _builder_version=&#8220;3.0.105&#8243; use_icon=&#8220;off&#8220; url_new_window=&#8220;off&#8220; use_circle=&#8220;off&#8220; use_circle_border=&#8220;off&#8220; icon_placement=&#8220;top&#8220; use_icon_font_size=&#8220;off&#8220; background_layout=&#8220;light&#8220; content_max_width=&#8220;800px&#8220;]<\/p>\n<p><strong>3D DESIGN STUDIO M<\/strong><\/p>\n<p><em>\u00f6ffnungszeiten:<\/em>\u00a0werktags 8-15h<br \/>\n<em>Telefon<\/em>\u00a0\/ Fax: + +385 52 421 383<br \/>\n<em>e-mail:<\/em>\u00a0<a href=\"mailto:info@m-interijer.hr\">info@m-interijer.hr\u00a0<\/a><br \/>\n<em>manager:\u00a0<\/em><strong>Anamarija Berkovic<\/strong><\/p>\n<p>[\/et_pb_blurb][\/et_pb_column][\/et_pb_row][\/et_pb_section]<\/p>\n","protected":false},"excerpt":{"rendered":"<p>[et_pb_section bb_built=&#8220;1&#8243; _builder_version=&#8220;3.0.105&#8243; background_color=&#8220;#ffffff&#8220;][et_pb_row _builder_version=&#8220;3.0.105&#8243;][et_pb_column type=&#8220;4_4&#8243;][et_pb_blurb _builder_version=&#8220;3.0.105&#8243; use_icon=&#8220;off&#8220; url_new_window=&#8220;off&#8220; title=&#8220;3D Design Studio M&#8220; use_circle=&#8220;off&#8220; use_circle_border=&#8220;off&#8220; icon_placement=&#8220;top&#8220; use_icon_font_size=&#8220;off&#8220; background_layout=&#8220;light&#8220; image=&#8220;http:\/\/m-interijer.hr\/site\/wp-content\/uploads\/2018\/02\/3Dstudio.jpg&#8220; content_max_width=&#8220;800px&#8220;] Um eine optimale Konzeption Ihrer Idee f\u00fcr die Herstellung Ihrer K\u00fcche und anderer M\u00f6belst\u00fccke \u00a0zu bekommen, bieten wir Ihnen fachliche Hilfe unserer Architektin, die neben Ratschl\u00e4gen und ersten Skizzen,\u00a0 auch eine Komputersimulation Ihrer neuen K\u00fcche [&hellip;]<\/p>\n","protected":false},"author":1,"featured_media":0,"parent":1634,"menu_order":0,"comment_status":"closed","ping_status":"closed","template":"","meta":{"_et_pb_use_builder":"on","_et_pb_old_content":"","footnotes":""},"class_list":["post-1642","page","type-page","status-publish","hentry"],"yoast_head":"<!-- This site is optimized with the Yoast SEO plugin v24.6 - https:\/\/yoast.com\/wordpress\/plugins\/seo\/ -->\n<title>3D Design Studio M - M-interijer<\/title>\n<meta name=\"robots\" content=\"index, follow, max-snippet:-1, max-image-preview:large, max-video-preview:-1\" \/>\n<link rel=\"canonical\" href=\"https:\/\/m-interijer.hr\/site\/ueber-uns\/3d-design-studio-m\/?lang=de\" \/>\n<meta property=\"og:locale\" content=\"de_DE\" \/>\n<meta property=\"og:type\" content=\"article\" \/>\n<meta property=\"og:title\" content=\"3D Design Studio M - M-interijer\" \/>\n<meta property=\"og:description\" content=\"[et_pb_section bb_built=&#8220;1&#8243; _builder_version=&#8220;3.0.105&#8243; background_color=&#8220;#ffffff&#8220;][et_pb_row _builder_version=&#8220;3.0.105&#8243;][et_pb_column type=&#8220;4_4&#8243;][et_pb_blurb _builder_version=&#8220;3.0.105&#8243; use_icon=&#8220;off&#8220; url_new_window=&#8220;off&#8220; title=&#8220;3D Design Studio M&#8220; use_circle=&#8220;off&#8220; use_circle_border=&#8220;off&#8220; icon_placement=&#8220;top&#8220; use_icon_font_size=&#8220;off&#8220; background_layout=&#8220;light&#8220; image=&#8220;http:\/\/m-interijer.hr\/site\/wp-content\/uploads\/2018\/02\/3Dstudio.jpg&#8220; content_max_width=&#8220;800px&#8220;] Um eine optimale Konzeption Ihrer Idee f\u00fcr die Herstellung Ihrer K\u00fcche und anderer M\u00f6belst\u00fccke \u00a0zu bekommen, bieten wir Ihnen fachliche Hilfe unserer Architektin, die neben Ratschl\u00e4gen und ersten Skizzen,\u00a0 auch eine Komputersimulation Ihrer neuen K\u00fcche [&hellip;]\" \/>\n<meta property=\"og:url\" content=\"https:\/\/m-interijer.hr\/site\/ueber-uns\/3d-design-studio-m\/?lang=de\" \/>\n<meta property=\"og:site_name\" content=\"M-interijer\" \/>\n<meta name=\"twitter:card\" content=\"summary_large_image\" \/>\n<meta name=\"twitter:label1\" content=\"Gesch\u00e4tzte Lesezeit\" \/>\n\t<meta name=\"twitter:data1\" content=\"1\u00a0Minute\" \/>\n<script type=\"application\/ld+json\" class=\"yoast-schema-graph\">{\"@context\":\"https:\/\/schema.org\",\"@graph\":[{\"@type\":\"WebPage\",\"@id\":\"https:\/\/m-interijer.hr\/site\/ueber-uns\/3d-design-studio-m\/?lang=de\",\"url\":\"https:\/\/m-interijer.hr\/site\/ueber-uns\/3d-design-studio-m\/?lang=de\",\"name\":\"3D Design Studio M - M-interijer\",\"isPartOf\":{\"@id\":\"https:\/\/m-interijer.hr\/site\/#website\"},\"datePublished\":\"2018-03-05T14:39:09+00:00\",\"breadcrumb\":{\"@id\":\"https:\/\/m-interijer.hr\/site\/ueber-uns\/3d-design-studio-m\/?lang=de#breadcrumb\"},\"inLanguage\":\"de\",\"potentialAction\":[{\"@type\":\"ReadAction\",\"target\":[\"https:\/\/m-interijer.hr\/site\/ueber-uns\/3d-design-studio-m\/?lang=de\"]}]},{\"@type\":\"BreadcrumbList\",\"@id\":\"https:\/\/m-interijer.hr\/site\/ueber-uns\/3d-design-studio-m\/?lang=de#breadcrumb\",\"itemListElement\":[{\"@type\":\"ListItem\",\"position\":1,\"name\":\"Po\u010detna stranica\",\"item\":\"https:\/\/m-interijer.hr\/site\/?lang=de\"},{\"@type\":\"ListItem\",\"position\":2,\"name\":\"\u00dcber uns\",\"item\":\"https:\/\/m-interijer.hr\/site\/ueber-uns\/?lang=de\"},{\"@type\":\"ListItem\",\"position\":3,\"name\":\"3D Design Studio M\"}]},{\"@type\":\"WebSite\",\"@id\":\"https:\/\/m-interijer.hr\/site\/#website\",\"url\":\"https:\/\/m-interijer.hr\/site\/\",\"name\":\"M-interijer\",\"description\":\"Namje\u0161taj po mjeri\",\"publisher\":{\"@id\":\"https:\/\/m-interijer.hr\/site\/#organization\"},\"inLanguage\":\"de\"},{\"@type\":\"Organization\",\"@id\":\"https:\/\/m-interijer.hr\/site\/#organization\",\"name\":\"M interijer\",\"url\":\"https:\/\/m-interijer.hr\/site\/\",\"logo\":{\"@type\":\"ImageObject\",\"inLanguage\":\"de\",\"@id\":\"https:\/\/m-interijer.hr\/site\/#\/schema\/logo\/image\/\",\"url\":\"https:\/\/m-interijer.hr\/site\/wp-content\/uploads\/2018\/02\/logo_final.jpg\",\"contentUrl\":\"https:\/\/m-interijer.hr\/site\/wp-content\/uploads\/2018\/02\/logo_final.jpg\",\"width\":864,\"height\":262,\"caption\":\"M interijer\"},\"image\":{\"@id\":\"https:\/\/m-interijer.hr\/site\/#\/schema\/logo\/image\/\"}}]}<\/script>\n<!-- \/ Yoast SEO plugin. -->","yoast_head_json":{"title":"3D Design Studio M - M-interijer","robots":{"index":"index","follow":"follow","max-snippet":"max-snippet:-1","max-image-preview":"max-image-preview:large","max-video-preview":"max-video-preview:-1"},"canonical":"https:\/\/m-interijer.hr\/site\/ueber-uns\/3d-design-studio-m\/?lang=de","og_locale":"de_DE","og_type":"article","og_title":"3D Design Studio M - M-interijer","og_description":"[et_pb_section bb_built=&#8220;1&#8243; _builder_version=&#8220;3.0.105&#8243; background_color=&#8220;#ffffff&#8220;][et_pb_row _builder_version=&#8220;3.0.105&#8243;][et_pb_column type=&#8220;4_4&#8243;][et_pb_blurb _builder_version=&#8220;3.0.105&#8243; use_icon=&#8220;off&#8220; url_new_window=&#8220;off&#8220; title=&#8220;3D Design Studio M&#8220; use_circle=&#8220;off&#8220; use_circle_border=&#8220;off&#8220; icon_placement=&#8220;top&#8220; use_icon_font_size=&#8220;off&#8220; background_layout=&#8220;light&#8220; image=&#8220;http:\/\/m-interijer.hr\/site\/wp-content\/uploads\/2018\/02\/3Dstudio.jpg&#8220; content_max_width=&#8220;800px&#8220;] Um eine optimale Konzeption Ihrer Idee f\u00fcr die Herstellung Ihrer K\u00fcche und anderer M\u00f6belst\u00fccke \u00a0zu bekommen, bieten wir Ihnen fachliche Hilfe unserer Architektin, die neben Ratschl\u00e4gen und ersten Skizzen,\u00a0 auch eine Komputersimulation Ihrer neuen K\u00fcche [&hellip;]","og_url":"https:\/\/m-interijer.hr\/site\/ueber-uns\/3d-design-studio-m\/?lang=de","og_site_name":"M-interijer","twitter_card":"summary_large_image","twitter_misc":{"Gesch\u00e4tzte Lesezeit":"1\u00a0Minute"},"schema":{"@context":"https:\/\/schema.org","@graph":[{"@type":"WebPage","@id":"https:\/\/m-interijer.hr\/site\/ueber-uns\/3d-design-studio-m\/?lang=de","url":"https:\/\/m-interijer.hr\/site\/ueber-uns\/3d-design-studio-m\/?lang=de","name":"3D Design Studio M - M-interijer","isPartOf":{"@id":"https:\/\/m-interijer.hr\/site\/#website"},"datePublished":"2018-03-05T14:39:09+00:00","breadcrumb":{"@id":"https:\/\/m-interijer.hr\/site\/ueber-uns\/3d-design-studio-m\/?lang=de#breadcrumb"},"inLanguage":"de","potentialAction":[{"@type":"ReadAction","target":["https:\/\/m-interijer.hr\/site\/ueber-uns\/3d-design-studio-m\/?lang=de"]}]},{"@type":"BreadcrumbList","@id":"https:\/\/m-interijer.hr\/site\/ueber-uns\/3d-design-studio-m\/?lang=de#breadcrumb","itemListElement":[{"@type":"ListItem","position":1,"name":"Po\u010detna stranica","item":"https:\/\/m-interijer.hr\/site\/?lang=de"},{"@type":"ListItem","position":2,"name":"\u00dcber uns","item":"https:\/\/m-interijer.hr\/site\/ueber-uns\/?lang=de"},{"@type":"ListItem","position":3,"name":"3D Design Studio M"}]},{"@type":"WebSite","@id":"https:\/\/m-interijer.hr\/site\/#website","url":"https:\/\/m-interijer.hr\/site\/","name":"M-interijer","description":"Namje\u0161taj po mjeri","publisher":{"@id":"https:\/\/m-interijer.hr\/site\/#organization"},"inLanguage":"de"},{"@type":"Organization","@id":"https:\/\/m-interijer.hr\/site\/#organization","name":"M interijer","url":"https:\/\/m-interijer.hr\/site\/","logo":{"@type":"ImageObject","inLanguage":"de","@id":"https:\/\/m-interijer.hr\/site\/#\/schema\/logo\/image\/","url":"https:\/\/m-interijer.hr\/site\/wp-content\/uploads\/2018\/02\/logo_final.jpg","contentUrl":"https:\/\/m-interijer.hr\/site\/wp-content\/uploads\/2018\/02\/logo_final.jpg","width":864,"height":262,"caption":"M interijer"},"image":{"@id":"https:\/\/m-interijer.hr\/site\/#\/schema\/logo\/image\/"}}]}},"_links":{"self":[{"href":"https:\/\/m-interijer.hr\/site\/wp-json\/wp\/v2\/pages\/1642\/?lang=de"}],"collection":[{"href":"https:\/\/m-interijer.hr\/site\/wp-json\/wp\/v2\/pages\/?lang=de"}],"about":[{"href":"https:\/\/m-interijer.hr\/site\/wp-json\/wp\/v2\/types\/page\/?lang=de"}],"author":[{"embeddable":true,"href":"https:\/\/m-interijer.hr\/site\/wp-json\/wp\/v2\/users\/1\/?lang=de"}],"replies":[{"embeddable":true,"href":"https:\/\/m-interijer.hr\/site\/wp-json\/wp\/v2\/comments\/?lang=de&post=1642"}],"version-history":[{"count":1,"href":"https:\/\/m-interijer.hr\/site\/wp-json\/wp\/v2\/pages\/1642\/revisions\/?lang=de"}],"predecessor-version":[{"id":1643,"href":"https:\/\/m-interijer.hr\/site\/wp-json\/wp\/v2\/pages\/1642\/revisions\/1643\/?lang=de"}],"up":[{"embeddable":true,"href":"https:\/\/m-interijer.hr\/site\/wp-json\/wp\/v2\/pages\/1634\/?lang=de"}],"wp:attachment":[{"href":"https:\/\/m-interijer.hr\/site\/wp-json\/wp\/v2\/media\/?lang=de&parent=1642"}],"curies":[{"name":"wp","href":"https:\/\/api.w.org\/{rel}","templated":true}]}}