{"id":1636,"date":"2018-03-05T14:33:46","date_gmt":"2018-03-05T14:33:46","guid":{"rendered":"http:\/\/m-interijer.hr\/site\/?page_id=1636"},"modified":"2018-03-05T14:33:46","modified_gmt":"2018-03-05T14:33:46","slug":"chi-siamo","status":"publish","type":"page","link":"https:\/\/m-interijer.hr\/site\/chi-siamo\/?lang=it","title":{"rendered":"Chi siamo"},"content":{"rendered":"<p>[et_pb_section bb_built=&#8221;1&#8243; background_color=&#8221;#ffffff&#8221; _builder_version=&#8221;3.0.105&#8243;][et_pb_row _builder_version=&#8221;3.0.105&#8243; make_fullwidth=&#8221;on&#8221;][et_pb_column type=&#8221;4_4&#8243;][et_pb_blurb title=&#8221;Chi siamo&#8221; background_layout=&#8221;light&#8221; _builder_version=&#8221;3.0.105&#8243; header_level=&#8221;h3&#8243; header_font=&#8221;|700|||||||&#8221; use_icon=&#8221;off&#8221; url_new_window=&#8221;off&#8221; use_circle=&#8221;off&#8221; use_circle_border=&#8221;off&#8221; icon_placement=&#8221;top&#8221; use_icon_font_size=&#8221;off&#8221; image=&#8221;http:\/\/m-interijer.hr\/site\/wp-content\/uploads\/2018\/02\/O-nama.jpg&#8221; content_max_width_last_edited=&#8221;on|desktop&#8221; content_max_width=&#8221;800px&#8221;]<\/p>\n<p>Durante la nostra pluriennale esperienza nella produzione di mobili (prima all&#8217;estero e poi in Istria, Croazia), ci siamo resi conto che il cliente medio al giorno d&#8217;oggi non \u00e8 solo un cliente medio bens\u00ec qualcuno che vuole plasmare l&#8217; ambiente di vita secondo i propri desideri e le proprie esigenze e vuole che lo spazio e l&#8217;ambiente in cui vive abbia un aspetto diverso, migliore, pi\u00f9 moderno, pi\u00f9 funzionale, fuori dal comune.<\/p>\n<p>In tutti questi anni abbiamo imparato la cosa pi\u00f9 importante. Nei tempi moderni in cui viviamo e che richiedono individualit\u00e0,diversit\u00e0, originalit\u00e0, NOI possiamo aiutare e consigliare tutti i nostri clienti, indipendentemente dal reddito, nella progettazione e nella creazione degli spazi di vita secondo le loro esigneze e necessit\u00e0 mantenendo sempre quella dose di originalit\u00e0 e funzionalit\u00e0.<\/p>\n<p>&#8230; motivo per cui nel 1994 fondiamo la nostra azienda che continuer\u00e0 a lavorare secondo gli stessi principi di sempre: moderno, originale, e &#8211; fatto su misura per Voi.<\/p>\n<p>&#8230; \u00e8 per questo che abbiamo fondato il M-INTERIJERI.<\/p>\n<p>&#8230; All&#8217;inizio \u00e8 stata dura, non abbiamo avuto le condizioni che abbiamo oggi, non siamo riusciti a soddisfare tutti i desideri, non abbiamo avuto tutto il necessario, il nostro nome era CARPENTERIA &#8220;M&#8221; e si lavorava in una piccola officina, cercando di dare il massimo &#8230;<\/p>\n<p>Oggi \u00e8 diverso, oggi siamo in grado di soddisfare ogni vostro desiderio, e grazie alle capacit\u00e0 manuali e produttive alle quale si sono affiancate freschezza innovativa e specializzazione, siamo riusciti a dare ulteriore vigore ed entusiasmo alla gi\u00e0 avviata realt\u00e0.<\/p>\n<p>Oggi siamo felici di poter dire ai nostri clienti: GRAZIE!<\/p>\n<p>Vi invitiamo a unirvi ai nostri clienti e darci l&#8217;opportunit\u00e0 e il piacere di creare tutto ci\u00f2 che volete per il vostro ambiente di vita!<\/p>\n<p>Garantiamo che anche voi dopo ogni lavoro sarete SODDISFATTI&#8230;.<\/p>\n<p>Nella met\u00e0 del novemre 2006 l&#8217;impresa M INTERIJERI riceve il certificato di qualit\u00e0 HR EN ISO 9001:2002<\/p>\n<p>Il vostro M INTERIJERI<\/p>\n<p>[\/et_pb_blurb][\/et_pb_column][\/et_pb_row][\/et_pb_section]<\/p>\n","protected":false},"excerpt":{"rendered":"<p>[et_pb_section bb_built=&#8221;1&#8243; background_color=&#8221;#ffffff&#8221; _builder_version=&#8221;3.0.105&#8243;][et_pb_row _builder_version=&#8221;3.0.105&#8243; make_fullwidth=&#8221;on&#8221;][et_pb_column type=&#8221;4_4&#8243;][et_pb_blurb title=&#8221;Chi siamo&#8221; background_layout=&#8221;light&#8221; _builder_version=&#8221;3.0.105&#8243; header_level=&#8221;h3&#8243; header_font=&#8221;|700|||||||&#8221; use_icon=&#8221;off&#8221; url_new_window=&#8221;off&#8221; use_circle=&#8221;off&#8221; use_circle_border=&#8221;off&#8221; icon_placement=&#8221;top&#8221; use_icon_font_size=&#8221;off&#8221; image=&#8221;http:\/\/m-interijer.hr\/site\/wp-content\/uploads\/2018\/02\/O-nama.jpg&#8221; content_max_width_last_edited=&#8221;on|desktop&#8221; content_max_width=&#8221;800px&#8221;] Durante la nostra pluriennale esperienza nella produzione di mobili (prima all&#8217;estero e poi in Istria, Croazia), ci siamo resi conto che il cliente medio al giorno d&#8217;oggi non \u00e8 solo un cliente medio [&hellip;]<\/p>\n","protected":false},"author":1,"featured_media":0,"parent":0,"menu_order":0,"comment_status":"closed","ping_status":"closed","template":"","meta":{"_et_pb_use_builder":"on","_et_pb_old_content":"","footnotes":""},"class_list":["post-1636","page","type-page","status-publish","hentry"],"yoast_head":"<!-- This site is optimized with the Yoast SEO plugin v24.6 - https:\/\/yoast.com\/wordpress\/plugins\/seo\/ -->\n<title>Chi siamo - M-interijer<\/title>\n<meta name=\"robots\" content=\"index, follow, max-snippet:-1, max-image-preview:large, max-video-preview:-1\" \/>\n<link rel=\"canonical\" href=\"https:\/\/m-interijer.hr\/site\/chi-siamo\/?lang=it\" \/>\n<meta property=\"og:locale\" content=\"it_IT\" \/>\n<meta property=\"og:type\" content=\"article\" \/>\n<meta property=\"og:title\" content=\"Chi siamo - M-interijer\" \/>\n<meta property=\"og:description\" content=\"[et_pb_section bb_built=&#8221;1&#8243; background_color=&#8221;#ffffff&#8221; _builder_version=&#8221;3.0.105&#8243;][et_pb_row _builder_version=&#8221;3.0.105&#8243; make_fullwidth=&#8221;on&#8221;][et_pb_column type=&#8221;4_4&#8243;][et_pb_blurb title=&#8221;Chi siamo&#8221; background_layout=&#8221;light&#8221; _builder_version=&#8221;3.0.105&#8243; header_level=&#8221;h3&#8243; header_font=&#8221;|700|||||||&#8221; use_icon=&#8221;off&#8221; url_new_window=&#8221;off&#8221; use_circle=&#8221;off&#8221; use_circle_border=&#8221;off&#8221; icon_placement=&#8221;top&#8221; use_icon_font_size=&#8221;off&#8221; image=&#8221;http:\/\/m-interijer.hr\/site\/wp-content\/uploads\/2018\/02\/O-nama.jpg&#8221; content_max_width_last_edited=&#8221;on|desktop&#8221; content_max_width=&#8221;800px&#8221;] Durante la nostra pluriennale esperienza nella produzione di mobili (prima all&#8217;estero e poi in Istria, Croazia), ci siamo resi conto che il cliente medio al giorno d&#8217;oggi non \u00e8 solo un cliente medio [&hellip;]\" \/>\n<meta property=\"og:url\" content=\"https:\/\/m-interijer.hr\/site\/chi-siamo\/?lang=it\" \/>\n<meta property=\"og:site_name\" content=\"M-interijer\" \/>\n<meta name=\"twitter:card\" content=\"summary_large_image\" \/>\n<meta name=\"twitter:label1\" content=\"Tempo di lettura stimato\" \/>\n\t<meta name=\"twitter:data1\" content=\"2 minuti\" \/>\n<script type=\"application\/ld+json\" class=\"yoast-schema-graph\">{\"@context\":\"https:\/\/schema.org\",\"@graph\":[{\"@type\":\"WebPage\",\"@id\":\"https:\/\/m-interijer.hr\/site\/chi-siamo\/?lang=it\",\"url\":\"https:\/\/m-interijer.hr\/site\/chi-siamo\/?lang=it\",\"name\":\"Chi siamo - M-interijer\",\"isPartOf\":{\"@id\":\"https:\/\/m-interijer.hr\/site\/#website\"},\"datePublished\":\"2018-03-05T14:33:46+00:00\",\"breadcrumb\":{\"@id\":\"https:\/\/m-interijer.hr\/site\/chi-siamo\/?lang=it#breadcrumb\"},\"inLanguage\":\"it-IT\",\"potentialAction\":[{\"@type\":\"ReadAction\",\"target\":[\"https:\/\/m-interijer.hr\/site\/chi-siamo\/?lang=it\"]}]},{\"@type\":\"BreadcrumbList\",\"@id\":\"https:\/\/m-interijer.hr\/site\/chi-siamo\/?lang=it#breadcrumb\",\"itemListElement\":[{\"@type\":\"ListItem\",\"position\":1,\"name\":\"Po\u010detna stranica\",\"item\":\"https:\/\/m-interijer.hr\/site\/?lang=it\"},{\"@type\":\"ListItem\",\"position\":2,\"name\":\"Chi siamo\"}]},{\"@type\":\"WebSite\",\"@id\":\"https:\/\/m-interijer.hr\/site\/#website\",\"url\":\"https:\/\/m-interijer.hr\/site\/\",\"name\":\"M-interijer\",\"description\":\"Namje\u0161taj po mjeri\",\"publisher\":{\"@id\":\"https:\/\/m-interijer.hr\/site\/#organization\"},\"inLanguage\":\"it-IT\"},{\"@type\":\"Organization\",\"@id\":\"https:\/\/m-interijer.hr\/site\/#organization\",\"name\":\"M interijer\",\"url\":\"https:\/\/m-interijer.hr\/site\/\",\"logo\":{\"@type\":\"ImageObject\",\"inLanguage\":\"it-IT\",\"@id\":\"https:\/\/m-interijer.hr\/site\/#\/schema\/logo\/image\/\",\"url\":\"https:\/\/m-interijer.hr\/site\/wp-content\/uploads\/2018\/02\/logo_final.jpg\",\"contentUrl\":\"https:\/\/m-interijer.hr\/site\/wp-content\/uploads\/2018\/02\/logo_final.jpg\",\"width\":864,\"height\":262,\"caption\":\"M interijer\"},\"image\":{\"@id\":\"https:\/\/m-interijer.hr\/site\/#\/schema\/logo\/image\/\"}}]}<\/script>\n<!-- \/ Yoast SEO plugin. -->","yoast_head_json":{"title":"Chi siamo - M-interijer","robots":{"index":"index","follow":"follow","max-snippet":"max-snippet:-1","max-image-preview":"max-image-preview:large","max-video-preview":"max-video-preview:-1"},"canonical":"https:\/\/m-interijer.hr\/site\/chi-siamo\/?lang=it","og_locale":"it_IT","og_type":"article","og_title":"Chi siamo - M-interijer","og_description":"[et_pb_section bb_built=&#8221;1&#8243; background_color=&#8221;#ffffff&#8221; _builder_version=&#8221;3.0.105&#8243;][et_pb_row _builder_version=&#8221;3.0.105&#8243; make_fullwidth=&#8221;on&#8221;][et_pb_column type=&#8221;4_4&#8243;][et_pb_blurb title=&#8221;Chi siamo&#8221; background_layout=&#8221;light&#8221; _builder_version=&#8221;3.0.105&#8243; header_level=&#8221;h3&#8243; header_font=&#8221;|700|||||||&#8221; use_icon=&#8221;off&#8221; url_new_window=&#8221;off&#8221; use_circle=&#8221;off&#8221; use_circle_border=&#8221;off&#8221; icon_placement=&#8221;top&#8221; use_icon_font_size=&#8221;off&#8221; image=&#8221;http:\/\/m-interijer.hr\/site\/wp-content\/uploads\/2018\/02\/O-nama.jpg&#8221; content_max_width_last_edited=&#8221;on|desktop&#8221; content_max_width=&#8221;800px&#8221;] Durante la nostra pluriennale esperienza nella produzione di mobili (prima all&#8217;estero e poi in Istria, Croazia), ci siamo resi conto che il cliente medio al giorno d&#8217;oggi non \u00e8 solo un cliente medio [&hellip;]","og_url":"https:\/\/m-interijer.hr\/site\/chi-siamo\/?lang=it","og_site_name":"M-interijer","twitter_card":"summary_large_image","twitter_misc":{"Tempo di lettura stimato":"2 minuti"},"schema":{"@context":"https:\/\/schema.org","@graph":[{"@type":"WebPage","@id":"https:\/\/m-interijer.hr\/site\/chi-siamo\/?lang=it","url":"https:\/\/m-interijer.hr\/site\/chi-siamo\/?lang=it","name":"Chi siamo - M-interijer","isPartOf":{"@id":"https:\/\/m-interijer.hr\/site\/#website"},"datePublished":"2018-03-05T14:33:46+00:00","breadcrumb":{"@id":"https:\/\/m-interijer.hr\/site\/chi-siamo\/?lang=it#breadcrumb"},"inLanguage":"it-IT","potentialAction":[{"@type":"ReadAction","target":["https:\/\/m-interijer.hr\/site\/chi-siamo\/?lang=it"]}]},{"@type":"BreadcrumbList","@id":"https:\/\/m-interijer.hr\/site\/chi-siamo\/?lang=it#breadcrumb","itemListElement":[{"@type":"ListItem","position":1,"name":"Po\u010detna stranica","item":"https:\/\/m-interijer.hr\/site\/?lang=it"},{"@type":"ListItem","position":2,"name":"Chi siamo"}]},{"@type":"WebSite","@id":"https:\/\/m-interijer.hr\/site\/#website","url":"https:\/\/m-interijer.hr\/site\/","name":"M-interijer","description":"Namje\u0161taj po mjeri","publisher":{"@id":"https:\/\/m-interijer.hr\/site\/#organization"},"inLanguage":"it-IT"},{"@type":"Organization","@id":"https:\/\/m-interijer.hr\/site\/#organization","name":"M interijer","url":"https:\/\/m-interijer.hr\/site\/","logo":{"@type":"ImageObject","inLanguage":"it-IT","@id":"https:\/\/m-interijer.hr\/site\/#\/schema\/logo\/image\/","url":"https:\/\/m-interijer.hr\/site\/wp-content\/uploads\/2018\/02\/logo_final.jpg","contentUrl":"https:\/\/m-interijer.hr\/site\/wp-content\/uploads\/2018\/02\/logo_final.jpg","width":864,"height":262,"caption":"M interijer"},"image":{"@id":"https:\/\/m-interijer.hr\/site\/#\/schema\/logo\/image\/"}}]}},"_links":{"self":[{"href":"https:\/\/m-interijer.hr\/site\/wp-json\/wp\/v2\/pages\/1636\/?lang=it"}],"collection":[{"href":"https:\/\/m-interijer.hr\/site\/wp-json\/wp\/v2\/pages\/?lang=it"}],"about":[{"href":"https:\/\/m-interijer.hr\/site\/wp-json\/wp\/v2\/types\/page\/?lang=it"}],"author":[{"embeddable":true,"href":"https:\/\/m-interijer.hr\/site\/wp-json\/wp\/v2\/users\/1\/?lang=it"}],"replies":[{"embeddable":true,"href":"https:\/\/m-interijer.hr\/site\/wp-json\/wp\/v2\/comments\/?lang=it&post=1636"}],"version-history":[{"count":1,"href":"https:\/\/m-interijer.hr\/site\/wp-json\/wp\/v2\/pages\/1636\/revisions\/?lang=it"}],"predecessor-version":[{"id":1637,"href":"https:\/\/m-interijer.hr\/site\/wp-json\/wp\/v2\/pages\/1636\/revisions\/1637\/?lang=it"}],"wp:attachment":[{"href":"https:\/\/m-interijer.hr\/site\/wp-json\/wp\/v2\/media\/?lang=it&parent=1636"}],"curies":[{"name":"wp","href":"https:\/\/api.w.org\/{rel}","templated":true}]}}