{"id":1634,"date":"2018-03-05T14:31:28","date_gmt":"2018-03-05T14:31:28","guid":{"rendered":"http:\/\/m-interijer.hr\/site\/?page_id=1634"},"modified":"2018-03-05T14:31:28","modified_gmt":"2018-03-05T14:31:28","slug":"ueber-uns","status":"publish","type":"page","link":"https:\/\/m-interijer.hr\/site\/ueber-uns\/?lang=de","title":{"rendered":"\u00dcber uns"},"content":{"rendered":"<p>[et_pb_section bb_built=&#8220;1&#8243; background_color=&#8220;#ffffff&#8220; _builder_version=&#8220;3.0.105&#8243;][et_pb_row _builder_version=&#8220;3.0.105&#8243; make_fullwidth=&#8220;on&#8220;][et_pb_column type=&#8220;4_4&#8243;][et_pb_blurb title=&#8220;\u00dcber uns&#8220; background_layout=&#8220;light&#8220; _builder_version=&#8220;3.0.105&#8243; header_level=&#8220;h3&#8243; header_font=&#8220;|700|||||||&#8220; use_icon=&#8220;off&#8220; url_new_window=&#8220;off&#8220; use_circle=&#8220;off&#8220; use_circle_border=&#8220;off&#8220; icon_placement=&#8220;top&#8220; use_icon_font_size=&#8220;off&#8220; image=&#8220;http:\/\/m-interijer.hr\/site\/wp-content\/uploads\/2018\/02\/O-nama.jpg&#8220; content_max_width_last_edited=&#8220;on|desktop&#8220; content_max_width=&#8220;800px&#8220;]<\/p>\n<div class=\"story\">\n<p>Nach langj\u00e4hriger Erfahrung in der Herstellung von\u00a0 zweckm\u00e4\u00dfigen Serienm\u00f6beln (zuerst \u00a0im Ausland dann auch in Kroatien \/ Istrien) sind wir zu\u00a0 dem Schluss \u00a0gekommen, dass der durchschnittliche K\u00e4ufer nicht nur ein durchschnittlicher K\u00e4ufer ist, sondern jemand, der sein Lebensambient nach seinen Bed\u00fcrfnissen und\u00a0 Visionen gestalten m\u00f6chte und der m\u00f6chte, dass seine Umwelt und sein Lebens-und Wohnraum anders aussieht, besser, moderner, funktionaler und sch\u00f6ner als durchschnittlich &#8230;&#8230;<\/p>\n<p>Nach all diesen Jahren sind wir zu einer wichtigen Erkenntnis gekommen \u2013 die moderne Zeit, in der wir leben, verlangt Individualit\u00e4t, etwas Anderes, Originelles, Eigenes, warum nicht im eigenen Zuhause?\u00a0 Warum sollte das nicht auch f\u00fcr durchschnittliche Menschen mit einem durchschnittlichen Gehalt m\u00f6glich sein \u2013 aber auf keinen Fall mit durchschnittlichen Visionen. Sie k\u00f6nnten das beim Einrichten Ihres eigenen\u00a0 Zuhauses verwirklichen. Zusammen mit Ihnen unseren K\u00e4ufern k\u00f6nnen wir etwas Neues projektieren und herstellen, etwas Anderes, Funktionaleres, Erfinderisches und Sch\u00f6neres.<\/p>\n<p>Deshalb haben wir 1994 eine eigene Firma gegr\u00fcndet, die \u00a0solange sie existiert immer die gleiche IDEE haben und nach denselben Prinzipien funktionieren wird : modern, originell, gute Qualit\u00e4t \u2013 genauso wie Sie es w\u00fcnschen.<\/p>\n<p>Am Anfang war es schwierig, wir arbeiteten\u00a0 unter anderen Umst\u00e4nden, konnten nicht alle W\u00fcnsche erf\u00fcllen,\u00a0 hatten nicht alles Notwendige dazu. Wir hatten eine kleine Tischlerei STOLARIJA &#8222;M&#8220; in einer Werkstatt\/Garage und versuchten das Maximum daraus zu machen&#8230;<\/p>\n<p>Heute ist das anders, heute k\u00f6nnen wir jeden Wunsch erf\u00fcllen, die neuesten Technologien und Materialien anwenden. In unserer grossen und modernen Werkstatt M- INTERIJER k\u00f6nnen wir alles herstellen , was ein K\u00e4ufer und ein modernes Ambiente verlangen.<\/p>\n<p>Heute sind wir gl\u00fccklich, dass wir arbeiten und die Arbeit genie\u00dfen k\u00f6nnen und dass unsere K\u00e4ufer das erkannt haben \u2013 zu ihrer eigenen Zufriedenheit.<\/p>\n<p>Heute sind wir froh, dass wir zu Ihnen DANKESCH\u00d6N\u00a0 sagen k\u00f6nnen.<\/p>\n<p>Wir versichern, dass Sie nach jeder erledigten Bestellung ZUFRIEDENHEIT sp\u00fcren werden.<\/p>\n<p>Ihr \u00a0M- INTERIJER&#8230;<\/p>\n<\/div>\n<p>[\/et_pb_blurb][\/et_pb_column][\/et_pb_row][\/et_pb_section]<\/p>\n","protected":false},"excerpt":{"rendered":"<p>[et_pb_section bb_built=&#8220;1&#8243; background_color=&#8220;#ffffff&#8220; _builder_version=&#8220;3.0.105&#8243;][et_pb_row _builder_version=&#8220;3.0.105&#8243; make_fullwidth=&#8220;on&#8220;][et_pb_column type=&#8220;4_4&#8243;][et_pb_blurb title=&#8220;\u00dcber uns&#8220; background_layout=&#8220;light&#8220; _builder_version=&#8220;3.0.105&#8243; header_level=&#8220;h3&#8243; header_font=&#8220;|700|||||||&#8220; use_icon=&#8220;off&#8220; url_new_window=&#8220;off&#8220; use_circle=&#8220;off&#8220; use_circle_border=&#8220;off&#8220; icon_placement=&#8220;top&#8220; use_icon_font_size=&#8220;off&#8220; image=&#8220;http:\/\/m-interijer.hr\/site\/wp-content\/uploads\/2018\/02\/O-nama.jpg&#8220; content_max_width_last_edited=&#8220;on|desktop&#8220; content_max_width=&#8220;800px&#8220;] Nach langj\u00e4hriger Erfahrung in der Herstellung von\u00a0 zweckm\u00e4\u00dfigen Serienm\u00f6beln (zuerst \u00a0im Ausland dann auch in Kroatien \/ Istrien) sind wir zu\u00a0 dem Schluss \u00a0gekommen, dass der durchschnittliche K\u00e4ufer nicht nur ein durchschnittlicher K\u00e4ufer [&hellip;]<\/p>\n","protected":false},"author":1,"featured_media":0,"parent":0,"menu_order":0,"comment_status":"closed","ping_status":"closed","template":"","meta":{"_et_pb_use_builder":"on","_et_pb_old_content":"","footnotes":""},"class_list":["post-1634","page","type-page","status-publish","hentry"],"yoast_head":"<!-- This site is optimized with the Yoast SEO plugin v24.6 - https:\/\/yoast.com\/wordpress\/plugins\/seo\/ -->\n<title>\u00dcber uns - M-interijer<\/title>\n<meta name=\"robots\" content=\"index, follow, max-snippet:-1, max-image-preview:large, max-video-preview:-1\" \/>\n<link rel=\"canonical\" href=\"https:\/\/m-interijer.hr\/site\/ueber-uns\/?lang=de\" \/>\n<meta property=\"og:locale\" content=\"de_DE\" \/>\n<meta property=\"og:type\" content=\"article\" \/>\n<meta property=\"og:title\" content=\"\u00dcber uns - M-interijer\" \/>\n<meta property=\"og:description\" content=\"[et_pb_section bb_built=&#8220;1&#8243; background_color=&#8220;#ffffff&#8220; _builder_version=&#8220;3.0.105&#8243;][et_pb_row _builder_version=&#8220;3.0.105&#8243; make_fullwidth=&#8220;on&#8220;][et_pb_column type=&#8220;4_4&#8243;][et_pb_blurb title=&#8220;\u00dcber uns&#8220; background_layout=&#8220;light&#8220; _builder_version=&#8220;3.0.105&#8243; header_level=&#8220;h3&#8243; header_font=&#8220;|700|||||||&#8220; use_icon=&#8220;off&#8220; url_new_window=&#8220;off&#8220; use_circle=&#8220;off&#8220; use_circle_border=&#8220;off&#8220; icon_placement=&#8220;top&#8220; use_icon_font_size=&#8220;off&#8220; image=&#8220;http:\/\/m-interijer.hr\/site\/wp-content\/uploads\/2018\/02\/O-nama.jpg&#8220; content_max_width_last_edited=&#8220;on|desktop&#8220; content_max_width=&#8220;800px&#8220;] Nach langj\u00e4hriger Erfahrung in der Herstellung von\u00a0 zweckm\u00e4\u00dfigen Serienm\u00f6beln (zuerst \u00a0im Ausland dann auch in Kroatien \/ Istrien) sind wir zu\u00a0 dem Schluss \u00a0gekommen, dass der durchschnittliche K\u00e4ufer nicht nur ein durchschnittlicher K\u00e4ufer [&hellip;]\" \/>\n<meta property=\"og:url\" content=\"https:\/\/m-interijer.hr\/site\/ueber-uns\/?lang=de\" \/>\n<meta property=\"og:site_name\" content=\"M-interijer\" \/>\n<meta name=\"twitter:card\" content=\"summary_large_image\" \/>\n<meta name=\"twitter:label1\" content=\"Gesch\u00e4tzte Lesezeit\" \/>\n\t<meta name=\"twitter:data1\" content=\"2\u00a0Minuten\" \/>\n<script type=\"application\/ld+json\" class=\"yoast-schema-graph\">{\"@context\":\"https:\/\/schema.org\",\"@graph\":[{\"@type\":\"WebPage\",\"@id\":\"https:\/\/m-interijer.hr\/site\/ueber-uns\/?lang=de\",\"url\":\"https:\/\/m-interijer.hr\/site\/ueber-uns\/?lang=de\",\"name\":\"\u00dcber uns - M-interijer\",\"isPartOf\":{\"@id\":\"https:\/\/m-interijer.hr\/site\/#website\"},\"datePublished\":\"2018-03-05T14:31:28+00:00\",\"breadcrumb\":{\"@id\":\"https:\/\/m-interijer.hr\/site\/ueber-uns\/?lang=de#breadcrumb\"},\"inLanguage\":\"de\",\"potentialAction\":[{\"@type\":\"ReadAction\",\"target\":[\"https:\/\/m-interijer.hr\/site\/ueber-uns\/?lang=de\"]}]},{\"@type\":\"BreadcrumbList\",\"@id\":\"https:\/\/m-interijer.hr\/site\/ueber-uns\/?lang=de#breadcrumb\",\"itemListElement\":[{\"@type\":\"ListItem\",\"position\":1,\"name\":\"Po\u010detna stranica\",\"item\":\"https:\/\/m-interijer.hr\/site\/?lang=de\"},{\"@type\":\"ListItem\",\"position\":2,\"name\":\"\u00dcber uns\"}]},{\"@type\":\"WebSite\",\"@id\":\"https:\/\/m-interijer.hr\/site\/#website\",\"url\":\"https:\/\/m-interijer.hr\/site\/\",\"name\":\"M-interijer\",\"description\":\"Namje\u0161taj po mjeri\",\"publisher\":{\"@id\":\"https:\/\/m-interijer.hr\/site\/#organization\"},\"inLanguage\":\"de\"},{\"@type\":\"Organization\",\"@id\":\"https:\/\/m-interijer.hr\/site\/#organization\",\"name\":\"M interijer\",\"url\":\"https:\/\/m-interijer.hr\/site\/\",\"logo\":{\"@type\":\"ImageObject\",\"inLanguage\":\"de\",\"@id\":\"https:\/\/m-interijer.hr\/site\/#\/schema\/logo\/image\/\",\"url\":\"https:\/\/m-interijer.hr\/site\/wp-content\/uploads\/2018\/02\/logo_final.jpg\",\"contentUrl\":\"https:\/\/m-interijer.hr\/site\/wp-content\/uploads\/2018\/02\/logo_final.jpg\",\"width\":864,\"height\":262,\"caption\":\"M interijer\"},\"image\":{\"@id\":\"https:\/\/m-interijer.hr\/site\/#\/schema\/logo\/image\/\"}}]}<\/script>\n<!-- \/ Yoast SEO plugin. -->","yoast_head_json":{"title":"\u00dcber uns - M-interijer","robots":{"index":"index","follow":"follow","max-snippet":"max-snippet:-1","max-image-preview":"max-image-preview:large","max-video-preview":"max-video-preview:-1"},"canonical":"https:\/\/m-interijer.hr\/site\/ueber-uns\/?lang=de","og_locale":"de_DE","og_type":"article","og_title":"\u00dcber uns - M-interijer","og_description":"[et_pb_section bb_built=&#8220;1&#8243; background_color=&#8220;#ffffff&#8220; _builder_version=&#8220;3.0.105&#8243;][et_pb_row _builder_version=&#8220;3.0.105&#8243; make_fullwidth=&#8220;on&#8220;][et_pb_column type=&#8220;4_4&#8243;][et_pb_blurb title=&#8220;\u00dcber uns&#8220; background_layout=&#8220;light&#8220; _builder_version=&#8220;3.0.105&#8243; header_level=&#8220;h3&#8243; header_font=&#8220;|700|||||||&#8220; use_icon=&#8220;off&#8220; url_new_window=&#8220;off&#8220; use_circle=&#8220;off&#8220; use_circle_border=&#8220;off&#8220; icon_placement=&#8220;top&#8220; use_icon_font_size=&#8220;off&#8220; image=&#8220;http:\/\/m-interijer.hr\/site\/wp-content\/uploads\/2018\/02\/O-nama.jpg&#8220; content_max_width_last_edited=&#8220;on|desktop&#8220; content_max_width=&#8220;800px&#8220;] Nach langj\u00e4hriger Erfahrung in der Herstellung von\u00a0 zweckm\u00e4\u00dfigen Serienm\u00f6beln (zuerst \u00a0im Ausland dann auch in Kroatien \/ Istrien) sind wir zu\u00a0 dem Schluss \u00a0gekommen, dass der durchschnittliche K\u00e4ufer nicht nur ein durchschnittlicher K\u00e4ufer [&hellip;]","og_url":"https:\/\/m-interijer.hr\/site\/ueber-uns\/?lang=de","og_site_name":"M-interijer","twitter_card":"summary_large_image","twitter_misc":{"Gesch\u00e4tzte Lesezeit":"2\u00a0Minuten"},"schema":{"@context":"https:\/\/schema.org","@graph":[{"@type":"WebPage","@id":"https:\/\/m-interijer.hr\/site\/ueber-uns\/?lang=de","url":"https:\/\/m-interijer.hr\/site\/ueber-uns\/?lang=de","name":"\u00dcber uns - M-interijer","isPartOf":{"@id":"https:\/\/m-interijer.hr\/site\/#website"},"datePublished":"2018-03-05T14:31:28+00:00","breadcrumb":{"@id":"https:\/\/m-interijer.hr\/site\/ueber-uns\/?lang=de#breadcrumb"},"inLanguage":"de","potentialAction":[{"@type":"ReadAction","target":["https:\/\/m-interijer.hr\/site\/ueber-uns\/?lang=de"]}]},{"@type":"BreadcrumbList","@id":"https:\/\/m-interijer.hr\/site\/ueber-uns\/?lang=de#breadcrumb","itemListElement":[{"@type":"ListItem","position":1,"name":"Po\u010detna stranica","item":"https:\/\/m-interijer.hr\/site\/?lang=de"},{"@type":"ListItem","position":2,"name":"\u00dcber uns"}]},{"@type":"WebSite","@id":"https:\/\/m-interijer.hr\/site\/#website","url":"https:\/\/m-interijer.hr\/site\/","name":"M-interijer","description":"Namje\u0161taj po mjeri","publisher":{"@id":"https:\/\/m-interijer.hr\/site\/#organization"},"inLanguage":"de"},{"@type":"Organization","@id":"https:\/\/m-interijer.hr\/site\/#organization","name":"M interijer","url":"https:\/\/m-interijer.hr\/site\/","logo":{"@type":"ImageObject","inLanguage":"de","@id":"https:\/\/m-interijer.hr\/site\/#\/schema\/logo\/image\/","url":"https:\/\/m-interijer.hr\/site\/wp-content\/uploads\/2018\/02\/logo_final.jpg","contentUrl":"https:\/\/m-interijer.hr\/site\/wp-content\/uploads\/2018\/02\/logo_final.jpg","width":864,"height":262,"caption":"M interijer"},"image":{"@id":"https:\/\/m-interijer.hr\/site\/#\/schema\/logo\/image\/"}}]}},"_links":{"self":[{"href":"https:\/\/m-interijer.hr\/site\/wp-json\/wp\/v2\/pages\/1634\/?lang=de"}],"collection":[{"href":"https:\/\/m-interijer.hr\/site\/wp-json\/wp\/v2\/pages\/?lang=de"}],"about":[{"href":"https:\/\/m-interijer.hr\/site\/wp-json\/wp\/v2\/types\/page\/?lang=de"}],"author":[{"embeddable":true,"href":"https:\/\/m-interijer.hr\/site\/wp-json\/wp\/v2\/users\/1\/?lang=de"}],"replies":[{"embeddable":true,"href":"https:\/\/m-interijer.hr\/site\/wp-json\/wp\/v2\/comments\/?lang=de&post=1634"}],"version-history":[{"count":1,"href":"https:\/\/m-interijer.hr\/site\/wp-json\/wp\/v2\/pages\/1634\/revisions\/?lang=de"}],"predecessor-version":[{"id":1635,"href":"https:\/\/m-interijer.hr\/site\/wp-json\/wp\/v2\/pages\/1634\/revisions\/1635\/?lang=de"}],"wp:attachment":[{"href":"https:\/\/m-interijer.hr\/site\/wp-json\/wp\/v2\/media\/?lang=de&parent=1634"}],"curies":[{"name":"wp","href":"https:\/\/api.w.org\/{rel}","templated":true}]}}