{"id":157,"date":"2018-02-07T12:52:14","date_gmt":"2018-02-07T12:52:14","guid":{"rendered":"http:\/\/m-interijer.hr\/site\/?page_id=157"},"modified":"2018-03-11T18:57:30","modified_gmt":"2018-03-11T18:57:30","slug":"kerrock","status":"publish","type":"page","link":"https:\/\/m-interijer.hr\/site\/kerrock\/","title":{"rendered":"Kerrock"},"content":{"rendered":"<p>[et_pb_section bb_built=&#8221;1&#8243; background_color=&#8221;#ffffff&#8221; _builder_version=&#8221;3.0.105&#8243;][et_pb_row _builder_version=&#8221;3.0.105&#8243; use_custom_width=&#8221;on&#8221; custom_width_px=&#8221;800px&#8221;][et_pb_column type=&#8221;4_4&#8243;][et_pb_blurb admin_label=&#8221;Kerrock text&#8221; title=&#8221;Kerrock&#8221; background_layout=&#8221;light&#8221; _builder_version=&#8221;3.0.106&#8243; header_level=&#8221;h3&#8243; header_font=&#8221;|700|||||||&#8221; use_icon=&#8221;off&#8221; url_new_window=&#8221;off&#8221; use_circle=&#8221;off&#8221; use_circle_border=&#8221;off&#8221; icon_placement=&#8221;top&#8221; use_icon_font_size=&#8221;off&#8221; image=&#8221;http:\/\/m-interijer.hr\/site\/wp-content\/uploads\/2018\/03\/Kerrock-title.jpg&#8221; content_max_width=&#8221;800px&#8221;]<\/p>\n<p><strong>M INTERIJER je ovla\u0161teni prera\u0111iva\u010d kerrock-a u Republici Hrvatskoj<\/strong><\/p>\n<p>Kerrock je umjetni materijal kreiran na bazi plasti\u010dnih masa koji savr\u0161eno imitira kamen, i koji je posljednjih godina prona\u0161ao zna\u010dajno mjesto u industriji opremanja interijera gdje se sa svojom prilagodljivo\u0161\u0107u, funkcionalno\u0161\u0107u, kvalitetom, trajno\u0161\u0107u, izgledom i posebno neograni\u010denom mogu\u0107no\u0161\u0107u modeliranja istaknuo kao materijal budu\u0107nosti, kao materijal \u010dije zna\u010dajke odre\u0111uju i njegovu upotrebljivost.<\/p>\n<p>To je materijal koji je finalnom kvalitetom i izgledom neusporediv u izradama:<\/p>\n<p>&#8211; radnih povr\u0161ina u kuhinjama, kupaonicama, laboratorijima i ordinacijama;<br \/>\n&#8211; oplatama zidova i fasada te obruba prozora i balkona;<br \/>\n&#8211; pultovima na recepcijama i u trgovinama, pultovima za uredski namje\u0161taj;<br \/>\n&#8211; \u0161ankovima, povr\u0161inama za oblaganje u javnim lokacijama i restoranima;<br \/>\n&#8211; obrubima u bazenima, salonima i garderobama;<br \/>\n&#8211; termooblikovanih zdjela i umivaonika;<br \/>\n&#8211; malih predmeta, galerija za namje\u0161taj;<br \/>\n&#8211; reklamne zidne grafike.<\/p>\n<p><strong>7 ZNA\u010cAJKI KERROCKA ZA SAM VRH KVALITETE:<\/strong><\/p>\n<p>&#8211; ugodan, topao i neporozan materijala bez okusa i mirisa;<br \/>\n&#8211; jednostavno \u010di\u0161\u0107enje i odr\u017eavanje te trajno svje\u017e izgled povr\u0161ina;<br \/>\n&#8211; izvanredna \u010dvrsto\u0107a, \u017eilavost i kemijska otpornost materijala;<br \/>\n&#8211; termostabilnost do 160 C, samougasivost i otpornost na atmosferske utjecaje;<br \/>\n&#8211; jednostavna obrada, lijepljenje bez uo\u010dljivih spojeva;<br \/>\n&#8211; bogat izbor boja (100) u jednobojnom, granitnom i teraco efektu;<br \/>\n&#8211; neograni\u010dena sloboda u projektiranju, izradi detalja te kombiniranju sa drugim materijalima (drvo, staklo, metal ..)<\/p>\n<p>Obradom kerrocka bavimo se od 1997. godine u \u010demu smo prva tvrtka u Istarskoj \u017eupaniji koja je po\u010dela s obradom tog materijala.<br \/>\nUz kerrock nudimo jo\u0161 4 kompozitna materijala sli\u010dnih karakteristika. Dolaskom u na\u0161 izlo\u017ebeni salom mo\u017eete vidjeti puno primjena tog nadasve kreativnog materijala.<\/p>\n<p>&nbsp;<\/p>\n<p>[\/et_pb_blurb][\/et_pb_column][\/et_pb_row][et_pb_row _builder_version=&#8221;3.0.105&#8243; use_custom_width=&#8221;on&#8221; custom_width_px=&#8221;800px&#8221;][et_pb_column type=&#8221;1_2&#8243;][et_pb_image _builder_version=&#8221;3.0.105&#8243; show_in_lightbox=&#8221;off&#8221; url_new_window=&#8221;on&#8221; src=&#8221;https:\/\/m-interijer.hr\/site\/wp-content\/uploads\/2018\/03\/logo-kolpa.png&#8221; always_center_on_mobile=&#8221;on&#8221; use_overlay=&#8221;off&#8221; force_fullwidth=&#8221;off&#8221; show_bottom_space=&#8221;on&#8221; url=&#8221;http:\/\/www.kerrock.hr\/hr\/boje-i-strukture&#8221; \/][\/et_pb_column][et_pb_column type=&#8221;1_2&#8243;][et_pb_image _builder_version=&#8221;3.0.105&#8243; show_in_lightbox=&#8221;off&#8221; url_new_window=&#8221;on&#8221; src=&#8221;https:\/\/m-interijer.hr\/site\/wp-content\/uploads\/2018\/03\/logo-spina.png&#8221; always_center_on_mobile=&#8221;on&#8221; use_overlay=&#8221;off&#8221; force_fullwidth=&#8221;off&#8221; show_bottom_space=&#8221;on&#8221; url=&#8221;http:\/\/www.spina.hr\/&#8221; \/][\/et_pb_column][\/et_pb_row][et_pb_row _builder_version=&#8221;3.0.105&#8243; use_custom_width=&#8221;on&#8221; custom_width_px=&#8221;800px&#8221;][et_pb_column type=&#8221;4_4&#8243;][et_pb_text admin_label=&#8221;Kerrock reference&#8221; _builder_version=&#8221;3.0.106&#8243; background_layout=&#8221;light&#8221;]<\/p>\n<p><strong>Izrada i monta\u017ea kerrock-a na nekim objektima:<\/strong><\/p>\n<p>&#8211; HOTEL FORTUNA Pore\u010d &#8211; ( kerrock umivaonici u sobama\u00a0)<br \/>\n&#8211; HOTEL\u00a0PORE\u010c\u00a0\u00a0Pore\u010d &#8211; ( kerrock eta\u017eeri po sobama )<br \/>\n&#8211; HOTEL MAESTRAL Novigrad &#8211; ( kerrock pultevi san.\u010dvorovima )<br \/>\n&#8211; HOTEL HOSTIN Pore\u010d &#8211; ( kerrock pultevi u kupaonica )<br \/>\n&#8211; HOTEL EDEN Rovinj &#8211; ( kerock pultevi u san.\u010dvorovima )<br \/>\n&#8211; HOTEL PARK Rovinj &#8211; ( kerrock pultevi u san.\u010dvorivima )<br \/>\n&#8211; HOTEL HISTRIJA Pula &#8211; ( kerrock plo\u010de u kupaonicama )<br \/>\n&#8211; HOTEL TAMARIS Rovinj &#8211; ( kerrock pultevi u san.\u010dvorovima )<br \/>\n&#8211; MARINA PULA Pula &#8211; ( kerrock pultevi u san.\u010dvorovima )<br \/>\n&#8211; MARINA \u010cERVAR Pore\u010d &#8211; ( kerrock pultevi u san.\u010dvorovima )<br \/>\n&#8211; AUTO CAMP\u00a0LANTERNA Pore\u010d &#8211; ( kerrock pultevi )<br \/>\n&#8211; ISTARSKA BANKA Pula &#8211; ( kerrock pult u banci )<br \/>\n&#8211; TURISTI\u010cKO NASELJE Funtana &#8211; ( kerrock zaobljeni umivaonici u kapaonicama )<br \/>\n&#8211; AUTO CAMP\u00a0SOLARIS Pore\u010d &#8211; ( kerrock pultevi )<br \/>\n&#8211; GRADSKA KNJI\u017dNICA Pula &#8211; ( kerrock pultevi )<br \/>\n&#8211;\u00a0AUTO CAMP\u00a0VALKANELA Vrsar &#8211; ( kerrock pultevi u san.\u010dvorovima )<br \/>\n&#8211; HOTEL PULA Pula &#8211; ( kerrock plo\u010de u kupaonicama )<br \/>\n&#8211; MARINA OTOK Cres &#8211; ( kerrock poluokrugli pultevi s ogledalima\u00a0)<br \/>\n&#8211; MARINA Novigrad &#8211; ( kerrock pultevi )<br \/>\n&#8211; MARINA Umag &#8211; ( kerrock pultevi )<br \/>\n&#8211; INTERSPAR Osijek &#8211; ( kerrock pultevi u san.\u010dvorovima )<br \/>\n&#8211; KZC Vodice \u0160ibenik &#8211; ( kerrock pultevi )<br \/>\n&#8211; HOTEL ALBATROS Pore\u010d &#8211; ( kerrock pultevi u san.\u010dvorovima )<br \/>\n&#8211; AUTO CAMP\u00a0POLARI Rovinj &#8211; ( kerrock pultevi u san.\u010dvorovima )<br \/>\n&#8211; AUTO CAMP\u00a0VE\u0160TAR Rovinj &#8211; ( kerrock pultevi u san.\u010dvorovima )<br \/>\n&#8211; MARINA VERUDA Pula &#8211; ( kerrock pultevi )<br \/>\n&#8211; VILA MATERADA Pore\u010d &#8211;\u00a0( kerrock pultevi )<br \/>\n&#8211; HOTEL ISTRA Crveni otok Rovinj &#8211; ( kerrock pultevi )<br \/>\n&#8211; HOTEL LOTOS PLAVI Pore\u010d &#8211; ( kerrock pultevi )<br \/>\n&#8211; MERCATOR CENTAR Rijeka &#8211; ( kerrock pultevi u san.\u010dvorovima )<br \/>\n&#8211; ACI MARINA Otok Cres &#8211; ( kerrock zaobljeni pultevi s ogledalima )<br \/>\n&#8211; HOTEL JADRANKA Crikvenica &#8211; ( kupaonski elementi od HC plo\u010da po kupaonicama )<br \/>\n&#8211; AUTO CAMP\u00a0VALALTA Rovinj &#8211; ( kerrock pultevi u san.\u010dvorovima )<br \/>\n&#8211; HOTEL PLAVI Pore\u010d &#8211; ( kerrock pultevi u san.\u010dvorovima )<br \/>\n&#8211; HOTEL SOL\/GARDEN Umag &#8211; ( kerrock pultevi u san.\u010dvorovima )<br \/>\n&#8211; APARTMANI DEPANDANSA Umag &#8211; ( elementi u kupaonicama )<br \/>\n&#8211; SPORSKA DVORANA Pula &#8211; ( kerrock pultevi u san.\u010dvorovovima )<br \/>\n&#8211; AVENUE MALL Osijek &#8211; ( kerrock pultevi u san.\u010dvorovovima )<br \/>\n&#8211; HOTEL HISTRIJA Pula &#8211; ( kerrock pultevi po kupaonicama\u00a0i police\u00a0)<br \/>\n&#8211; HOTEL VERUDALA Pula &#8211; ( kerrock pultevi )<br \/>\n&#8211; HOTEL MEDULIN Pula &#8211; ( plo\u010de u kupaonicama od panel plo\u010de )<br \/>\n&#8211; HOTEL SELCE Selce &#8211; ( kupaonski elementi od HC plo\u010da po kupaonicama )<br \/>\n&#8211; SPORTSKA DVORANA\u00a0\u017datika Pore\u010d &#8211; ( kerrock pultevi u san.\u010dvorovima )<br \/>\n&#8211; INA benzinska\u00a0 Pula &#8211; ( kerrock pultevi u san.\u010dvorovima )<br \/>\n&#8211; INA benzinska Split &#8211; ( kerrock pultevi u san.\u010dvorovima )<br \/>\n&#8211; ZDRAVSTVENI CENTAR Matulji &#8211; ( kerrock pultevi )<br \/>\n&#8211; HOTEL LOVAC Pazin &#8211; ( kerrock pultevi u san.\u010dvorovima )<br \/>\n&#8211; TDR Zagreb &#8211;\u00a0( kerrock pultevi u san.\u010dvorovima )<br \/>\n&#8211; ZTC Rijeka trgova\u010dki centar &#8211; ( kerrock pultevi u san.\u010dvorovima )<br \/>\n&#8211; TC KATORO Umag &#8211; ( kerrock pultevi )<br \/>\n&#8211; AUTO CAMP\u00a0PORTO SOLE Vrsar &#8211; ( kerrock pultevi u\u00a0zaljepljeni na beton\u00a0)<br \/>\n&#8211; AUTO CAMP\u00a0VALKANELA ( kerrock pultevi )<br \/>\n&#8211; AUTO CAMP\u00a0LADIN GAJ Umag &#8211; ( kerrock pultevi u san.\u010dvorovima i na betonu\u00a0)<br \/>\n&#8211; HOTEL AMBASADOR Opatija &#8211; ( kerrock pultevi u san.\u010dvorovima )<br \/>\n&#8211; SPORTSKA DVORANA Pazin &#8211; ( kerrock pultevi u san.\u010dvorovima )<br \/>\n&#8211; ZRA\u010cNA LUKA Pula &#8211; ( kerrock pultevi u san.\u010dvorovima )<\/p>\n<p>&#8230; i u mnogim kuhinjama i kupaonicama kod fizi\u010dkih osoba<\/p>\n<p>[\/et_pb_text][\/et_pb_column][\/et_pb_row][\/et_pb_section]<\/p>\n","protected":false},"excerpt":{"rendered":"<p>[et_pb_section bb_built=&#8221;1&#8243; background_color=&#8221;#ffffff&#8221; _builder_version=&#8221;3.0.105&#8243;][et_pb_row _builder_version=&#8221;3.0.105&#8243; use_custom_width=&#8221;on&#8221; custom_width_px=&#8221;800px&#8221;][et_pb_column type=&#8221;4_4&#8243;][et_pb_blurb admin_label=&#8221;Kerrock text&#8221; title=&#8221;Kerrock&#8221; background_layout=&#8221;light&#8221; _builder_version=&#8221;3.0.106&#8243; header_level=&#8221;h3&#8243; header_font=&#8221;|700|||||||&#8221; use_icon=&#8221;off&#8221; url_new_window=&#8221;off&#8221; use_circle=&#8221;off&#8221; use_circle_border=&#8221;off&#8221; icon_placement=&#8221;top&#8221; use_icon_font_size=&#8221;off&#8221; image=&#8221;http:\/\/m-interijer.hr\/site\/wp-content\/uploads\/2018\/03\/Kerrock-title.jpg&#8221; content_max_width=&#8221;800px&#8221;] M INTERIJER je ovla\u0161teni prera\u0111iva\u010d kerrock-a u Republici Hrvatskoj Kerrock je umjetni materijal kreiran na bazi plasti\u010dnih masa koji savr\u0161eno imitira kamen, i koji je posljednjih godina prona\u0161ao zna\u010dajno mjesto u industriji [&hellip;]<\/p>\n","protected":false},"author":1,"featured_media":0,"parent":0,"menu_order":0,"comment_status":"closed","ping_status":"closed","template":"","meta":{"_et_pb_use_builder":"on","_et_pb_old_content":"","footnotes":""},"class_list":["post-157","page","type-page","status-publish","hentry"],"yoast_head":"<!-- This site is optimized with the Yoast SEO plugin v24.6 - https:\/\/yoast.com\/wordpress\/plugins\/seo\/ -->\n<title>Kerrock - M-interijer<\/title>\n<meta name=\"description\" content=\"M INTERIJER je ovla\u0161teni prera\u0111iva\u010d Kerrock-a u Republici Hrvatskoj. Kerrock je umjetni materijal kreiran na bazi plasti\u010dnih masa koji savr\u0161eno imitira kamen, i koji je posljednjih godina prona\u0161ao zna\u010dajno mjesto u industriji opremanja interijera.\" \/>\n<meta name=\"robots\" content=\"index, follow, max-snippet:-1, max-image-preview:large, max-video-preview:-1\" \/>\n<link rel=\"canonical\" href=\"https:\/\/m-interijer.hr\/site\/kerrock\/\" \/>\n<meta property=\"og:locale\" content=\"hr_HR\" \/>\n<meta property=\"og:type\" content=\"article\" \/>\n<meta property=\"og:title\" content=\"Kerrock - M-interijer\" \/>\n<meta property=\"og:description\" content=\"M INTERIJER je ovla\u0161teni prera\u0111iva\u010d Kerrock-a u Republici Hrvatskoj. Kerrock je umjetni materijal kreiran na bazi plasti\u010dnih masa koji savr\u0161eno imitira kamen, i koji je posljednjih godina prona\u0161ao zna\u010dajno mjesto u industriji opremanja interijera.\" \/>\n<meta property=\"og:url\" content=\"https:\/\/m-interijer.hr\/site\/kerrock\/\" \/>\n<meta property=\"og:site_name\" content=\"M-interijer\" \/>\n<meta property=\"article:modified_time\" content=\"2018-03-11T18:57:30+00:00\" \/>\n<meta name=\"twitter:card\" content=\"summary_large_image\" \/>\n<meta name=\"twitter:label1\" content=\"Est. reading time\" \/>\n\t<meta name=\"twitter:data1\" content=\"5 minutes\" \/>\n<script type=\"application\/ld+json\" class=\"yoast-schema-graph\">{\"@context\":\"https:\/\/schema.org\",\"@graph\":[{\"@type\":\"WebPage\",\"@id\":\"https:\/\/m-interijer.hr\/site\/kerrock\/\",\"url\":\"https:\/\/m-interijer.hr\/site\/kerrock\/\",\"name\":\"Kerrock - M-interijer\",\"isPartOf\":{\"@id\":\"https:\/\/m-interijer.hr\/site\/#website\"},\"datePublished\":\"2018-02-07T12:52:14+00:00\",\"dateModified\":\"2018-03-11T18:57:30+00:00\",\"description\":\"M INTERIJER je ovla\u0161teni prera\u0111iva\u010d Kerrock-a u Republici Hrvatskoj. Kerrock je umjetni materijal kreiran na bazi plasti\u010dnih masa koji savr\u0161eno imitira kamen, i koji je posljednjih godina prona\u0161ao zna\u010dajno mjesto u industriji opremanja interijera.\",\"breadcrumb\":{\"@id\":\"https:\/\/m-interijer.hr\/site\/kerrock\/#breadcrumb\"},\"inLanguage\":\"hr-HR\",\"potentialAction\":[{\"@type\":\"ReadAction\",\"target\":[\"https:\/\/m-interijer.hr\/site\/kerrock\/\"]}]},{\"@type\":\"BreadcrumbList\",\"@id\":\"https:\/\/m-interijer.hr\/site\/kerrock\/#breadcrumb\",\"itemListElement\":[{\"@type\":\"ListItem\",\"position\":1,\"name\":\"Po\u010detna stranica\",\"item\":\"https:\/\/m-interijer.hr\/site\/\"},{\"@type\":\"ListItem\",\"position\":2,\"name\":\"Kerrock\"}]},{\"@type\":\"WebSite\",\"@id\":\"https:\/\/m-interijer.hr\/site\/#website\",\"url\":\"https:\/\/m-interijer.hr\/site\/\",\"name\":\"M-interijer\",\"description\":\"Namje\u0161taj po mjeri\",\"publisher\":{\"@id\":\"https:\/\/m-interijer.hr\/site\/#organization\"},\"inLanguage\":\"hr-HR\"},{\"@type\":\"Organization\",\"@id\":\"https:\/\/m-interijer.hr\/site\/#organization\",\"name\":\"M interijer\",\"url\":\"https:\/\/m-interijer.hr\/site\/\",\"logo\":{\"@type\":\"ImageObject\",\"inLanguage\":\"hr-HR\",\"@id\":\"https:\/\/m-interijer.hr\/site\/#\/schema\/logo\/image\/\",\"url\":\"https:\/\/m-interijer.hr\/site\/wp-content\/uploads\/2018\/02\/logo_final.jpg\",\"contentUrl\":\"https:\/\/m-interijer.hr\/site\/wp-content\/uploads\/2018\/02\/logo_final.jpg\",\"width\":864,\"height\":262,\"caption\":\"M interijer\"},\"image\":{\"@id\":\"https:\/\/m-interijer.hr\/site\/#\/schema\/logo\/image\/\"}}]}<\/script>\n<!-- \/ Yoast SEO plugin. -->","yoast_head_json":{"title":"Kerrock - M-interijer","description":"M INTERIJER je ovla\u0161teni prera\u0111iva\u010d Kerrock-a u Republici Hrvatskoj. Kerrock je umjetni materijal kreiran na bazi plasti\u010dnih masa koji savr\u0161eno imitira kamen, i koji je posljednjih godina prona\u0161ao zna\u010dajno mjesto u industriji opremanja interijera.","robots":{"index":"index","follow":"follow","max-snippet":"max-snippet:-1","max-image-preview":"max-image-preview:large","max-video-preview":"max-video-preview:-1"},"canonical":"https:\/\/m-interijer.hr\/site\/kerrock\/","og_locale":"hr_HR","og_type":"article","og_title":"Kerrock - M-interijer","og_description":"M INTERIJER je ovla\u0161teni prera\u0111iva\u010d Kerrock-a u Republici Hrvatskoj. Kerrock je umjetni materijal kreiran na bazi plasti\u010dnih masa koji savr\u0161eno imitira kamen, i koji je posljednjih godina prona\u0161ao zna\u010dajno mjesto u industriji opremanja interijera.","og_url":"https:\/\/m-interijer.hr\/site\/kerrock\/","og_site_name":"M-interijer","article_modified_time":"2018-03-11T18:57:30+00:00","twitter_card":"summary_large_image","twitter_misc":{"Est. reading time":"5 minutes"},"schema":{"@context":"https:\/\/schema.org","@graph":[{"@type":"WebPage","@id":"https:\/\/m-interijer.hr\/site\/kerrock\/","url":"https:\/\/m-interijer.hr\/site\/kerrock\/","name":"Kerrock - M-interijer","isPartOf":{"@id":"https:\/\/m-interijer.hr\/site\/#website"},"datePublished":"2018-02-07T12:52:14+00:00","dateModified":"2018-03-11T18:57:30+00:00","description":"M INTERIJER je ovla\u0161teni prera\u0111iva\u010d Kerrock-a u Republici Hrvatskoj. Kerrock je umjetni materijal kreiran na bazi plasti\u010dnih masa koji savr\u0161eno imitira kamen, i koji je posljednjih godina prona\u0161ao zna\u010dajno mjesto u industriji opremanja interijera.","breadcrumb":{"@id":"https:\/\/m-interijer.hr\/site\/kerrock\/#breadcrumb"},"inLanguage":"hr-HR","potentialAction":[{"@type":"ReadAction","target":["https:\/\/m-interijer.hr\/site\/kerrock\/"]}]},{"@type":"BreadcrumbList","@id":"https:\/\/m-interijer.hr\/site\/kerrock\/#breadcrumb","itemListElement":[{"@type":"ListItem","position":1,"name":"Po\u010detna stranica","item":"https:\/\/m-interijer.hr\/site\/"},{"@type":"ListItem","position":2,"name":"Kerrock"}]},{"@type":"WebSite","@id":"https:\/\/m-interijer.hr\/site\/#website","url":"https:\/\/m-interijer.hr\/site\/","name":"M-interijer","description":"Namje\u0161taj po mjeri","publisher":{"@id":"https:\/\/m-interijer.hr\/site\/#organization"},"inLanguage":"hr-HR"},{"@type":"Organization","@id":"https:\/\/m-interijer.hr\/site\/#organization","name":"M interijer","url":"https:\/\/m-interijer.hr\/site\/","logo":{"@type":"ImageObject","inLanguage":"hr-HR","@id":"https:\/\/m-interijer.hr\/site\/#\/schema\/logo\/image\/","url":"https:\/\/m-interijer.hr\/site\/wp-content\/uploads\/2018\/02\/logo_final.jpg","contentUrl":"https:\/\/m-interijer.hr\/site\/wp-content\/uploads\/2018\/02\/logo_final.jpg","width":864,"height":262,"caption":"M interijer"},"image":{"@id":"https:\/\/m-interijer.hr\/site\/#\/schema\/logo\/image\/"}}]}},"_links":{"self":[{"href":"https:\/\/m-interijer.hr\/site\/wp-json\/wp\/v2\/pages\/157"}],"collection":[{"href":"https:\/\/m-interijer.hr\/site\/wp-json\/wp\/v2\/pages"}],"about":[{"href":"https:\/\/m-interijer.hr\/site\/wp-json\/wp\/v2\/types\/page"}],"author":[{"embeddable":true,"href":"https:\/\/m-interijer.hr\/site\/wp-json\/wp\/v2\/users\/1"}],"replies":[{"embeddable":true,"href":"https:\/\/m-interijer.hr\/site\/wp-json\/wp\/v2\/comments?post=157"}],"version-history":[{"count":14,"href":"https:\/\/m-interijer.hr\/site\/wp-json\/wp\/v2\/pages\/157\/revisions"}],"predecessor-version":[{"id":2207,"href":"https:\/\/m-interijer.hr\/site\/wp-json\/wp\/v2\/pages\/157\/revisions\/2207"}],"wp:attachment":[{"href":"https:\/\/m-interijer.hr\/site\/wp-json\/wp\/v2\/media?parent=157"}],"curies":[{"name":"wp","href":"https:\/\/api.w.org\/{rel}","templated":true}]}}