{"id":1411,"date":"2018-02-28T12:52:31","date_gmt":"2018-02-28T12:52:31","guid":{"rendered":"http:\/\/m-interijer.hr\/site\/?page_id=1411"},"modified":"2018-03-11T22:45:48","modified_gmt":"2018-03-11T22:45:48","slug":"sajmovi","status":"publish","type":"page","link":"https:\/\/m-interijer.hr\/site\/o-nama\/sajmovi\/","title":{"rendered":"Sajmovi"},"content":{"rendered":"<p>[et_pb_section bb_built=&#8221;1&#8243; background_color=&#8221;#ffffff&#8221; _builder_version=&#8221;3.0.105&#8243;][et_pb_row][et_pb_column type=&#8221;4_4&#8243;][et_pb_blurb title=&#8221;Sajmovi&#8221; background_layout=&#8221;light&#8221; _builder_version=&#8221;3.0.106&#8243; header_level=&#8221;h3&#8243; header_font=&#8221;|700|||||||&#8221; use_icon=&#8221;off&#8221; url_new_window=&#8221;off&#8221; use_circle=&#8221;off&#8221; use_circle_border=&#8221;off&#8221; icon_placement=&#8221;top&#8221; use_icon_font_size=&#8221;off&#8221; image=&#8221;http:\/\/m-interijer.hr\/site\/wp-content\/uploads\/2018\/02\/DSCF9569.jpg&#8221; content_max_width=&#8221;800px&#8221;]<\/p>\n<p><strong>2002<\/strong>\u00a0godine &#8211; ZAGREB &#8211; izla\u017eemo na Ambienti &#8211; Me\u0111unarodni sajam namje\u0161taja, unutarnjeg ure\u0111enja i prate\u0107e industrije. Kao ovla\u0161teni prera\u0111iva\u010d kerrocka za Istarsku \u017eupaniju i komitent tvrtke KOLPA iz Slovenije M INTERIJER izla\u017ee kuhinju s radnom plo\u010dom i zidnom oblogom od kerrocka na zajedni\u010dkom \u0161tandu br. 7 u paviljon br. 8 na 29. me\u0111unarodnom sajmu namje\u0161taja, unutarnjeg ure\u0111enja i prate\u0107e industrije 16. &#8211; 20. listopada 2002. godine.<\/p>\n<p><strong>2002<\/strong>\u00a0godine &#8211; PULA &#8211; na izvanredno posje\u0107enom \u0161tandu veli\u010dine 25 m2 M-INTERIJER izlo\u017eio je uzorke proizvoda iz vlastitog programa proizvodnje te integralnu kuhinju od medijapana sa radnom plo\u010dom i zidnom oblogom od kerrocka na 5. sajmu obrtnika Istre 03. &#8211; 06. listopada 2002. godine.<\/p>\n<p><strong>2003<\/strong>\u00a0godine &#8211; PULA &#8211; izla\u017eemo na 6-tom po redu Obrtni\u010dkom sajmu Istre i to sa dvije kuhinje. Jedna s frontama od mediapana lakirane u\u00a0visoki sjaj a druga s frontama od mediapana lakirana u\u00a0polu mat. Tako\u0111er imamo na \u0161tandu dva velika regala s frontama, radnim plo\u010dama i ru\u010dkicama.<\/p>\n<p><strong>2004<\/strong>\u00a0godine &#8211; PULA &#8211; izla\u017eemo i po tre\u0107i put i\u00a0to\u00a0na 7-tom po redu Obrtni\u010dkom sajmu Istre.\u00a0Izradili smo\u00a0dvije kuhinje od koje je jedna bila od punog drva s pokrivnom bojom i patinom a druga od mediapana polumat i par staklenih fronti s okvirom od drva. Obje kuhinje su nakon sajma prodane kupcima po reklamnim cijenama.<\/p>\n<p><strong>2018<\/strong>\u00a0godine\u00a0&#8211; MUNCHEN &#8211; izla\u017eamo na najve\u0107em sajmu Obrtni\u0161tva na svijetu ( Internacionale Handwerksmesse Munchen ). Na sjamu smo s jednom vrlo zahtjevnom i kvalitetnom kuhinjom, punom inovacija i kvalitetnih repromaterijala. Reakcije posjetitelja na dizajn i kavalitetu su bile sjajne.<\/p>\n<p>[\/et_pb_blurb][\/et_pb_column][\/et_pb_row][\/et_pb_section]<\/p>\n","protected":false},"excerpt":{"rendered":"<p>[et_pb_section bb_built=&#8221;1&#8243; background_color=&#8221;#ffffff&#8221; _builder_version=&#8221;3.0.105&#8243;][et_pb_row][et_pb_column type=&#8221;4_4&#8243;][et_pb_blurb title=&#8221;Sajmovi&#8221; background_layout=&#8221;light&#8221; _builder_version=&#8221;3.0.106&#8243; header_level=&#8221;h3&#8243; header_font=&#8221;|700|||||||&#8221; use_icon=&#8221;off&#8221; url_new_window=&#8221;off&#8221; use_circle=&#8221;off&#8221; use_circle_border=&#8221;off&#8221; icon_placement=&#8221;top&#8221; use_icon_font_size=&#8221;off&#8221; image=&#8221;http:\/\/m-interijer.hr\/site\/wp-content\/uploads\/2018\/02\/DSCF9569.jpg&#8221; content_max_width=&#8221;800px&#8221;] 2002\u00a0godine &#8211; ZAGREB &#8211; izla\u017eemo na Ambienti &#8211; Me\u0111unarodni sajam namje\u0161taja, unutarnjeg ure\u0111enja i prate\u0107e industrije. Kao ovla\u0161teni prera\u0111iva\u010d kerrocka za Istarsku \u017eupaniju i komitent tvrtke KOLPA iz Slovenije M INTERIJER izla\u017ee kuhinju s radnom plo\u010dom i [&hellip;]<\/p>\n","protected":false},"author":1,"featured_media":0,"parent":135,"menu_order":0,"comment_status":"closed","ping_status":"closed","template":"","meta":{"_et_pb_use_builder":"on","_et_pb_old_content":"","footnotes":""},"class_list":["post-1411","page","type-page","status-publish","hentry"],"yoast_head":"<!-- This site is optimized with the Yoast SEO plugin v24.6 - https:\/\/yoast.com\/wordpress\/plugins\/seo\/ -->\n<title>Sajmovi - M-interijer<\/title>\n<meta name=\"robots\" content=\"index, follow, max-snippet:-1, max-image-preview:large, max-video-preview:-1\" \/>\n<link rel=\"canonical\" href=\"https:\/\/m-interijer.hr\/site\/o-nama\/sajmovi\/\" \/>\n<meta property=\"og:locale\" content=\"hr_HR\" \/>\n<meta property=\"og:type\" content=\"article\" \/>\n<meta property=\"og:title\" content=\"Sajmovi - M-interijer\" \/>\n<meta property=\"og:description\" content=\"[et_pb_section bb_built=&#8221;1&#8243; background_color=&#8221;#ffffff&#8221; _builder_version=&#8221;3.0.105&#8243;][et_pb_row][et_pb_column type=&#8221;4_4&#8243;][et_pb_blurb title=&#8221;Sajmovi&#8221; background_layout=&#8221;light&#8221; _builder_version=&#8221;3.0.106&#8243; header_level=&#8221;h3&#8243; header_font=&#8221;|700|||||||&#8221; use_icon=&#8221;off&#8221; url_new_window=&#8221;off&#8221; use_circle=&#8221;off&#8221; use_circle_border=&#8221;off&#8221; icon_placement=&#8221;top&#8221; use_icon_font_size=&#8221;off&#8221; image=&#8221;http:\/\/m-interijer.hr\/site\/wp-content\/uploads\/2018\/02\/DSCF9569.jpg&#8221; content_max_width=&#8221;800px&#8221;] 2002\u00a0godine &#8211; ZAGREB &#8211; izla\u017eemo na Ambienti &#8211; Me\u0111unarodni sajam namje\u0161taja, unutarnjeg ure\u0111enja i prate\u0107e industrije. Kao ovla\u0161teni prera\u0111iva\u010d kerrocka za Istarsku \u017eupaniju i komitent tvrtke KOLPA iz Slovenije M INTERIJER izla\u017ee kuhinju s radnom plo\u010dom i [&hellip;]\" \/>\n<meta property=\"og:url\" content=\"https:\/\/m-interijer.hr\/site\/o-nama\/sajmovi\/\" \/>\n<meta property=\"og:site_name\" content=\"M-interijer\" \/>\n<meta property=\"article:modified_time\" content=\"2018-03-11T22:45:48+00:00\" \/>\n<meta name=\"twitter:card\" content=\"summary_large_image\" \/>\n<meta name=\"twitter:label1\" content=\"Est. reading time\" \/>\n\t<meta name=\"twitter:data1\" content=\"2 minutes\" \/>\n<script type=\"application\/ld+json\" class=\"yoast-schema-graph\">{\"@context\":\"https:\/\/schema.org\",\"@graph\":[{\"@type\":\"WebPage\",\"@id\":\"https:\/\/m-interijer.hr\/site\/o-nama\/sajmovi\/\",\"url\":\"https:\/\/m-interijer.hr\/site\/o-nama\/sajmovi\/\",\"name\":\"Sajmovi - M-interijer\",\"isPartOf\":{\"@id\":\"https:\/\/m-interijer.hr\/site\/#website\"},\"datePublished\":\"2018-02-28T12:52:31+00:00\",\"dateModified\":\"2018-03-11T22:45:48+00:00\",\"breadcrumb\":{\"@id\":\"https:\/\/m-interijer.hr\/site\/o-nama\/sajmovi\/#breadcrumb\"},\"inLanguage\":\"hr-HR\",\"potentialAction\":[{\"@type\":\"ReadAction\",\"target\":[\"https:\/\/m-interijer.hr\/site\/o-nama\/sajmovi\/\"]}]},{\"@type\":\"BreadcrumbList\",\"@id\":\"https:\/\/m-interijer.hr\/site\/o-nama\/sajmovi\/#breadcrumb\",\"itemListElement\":[{\"@type\":\"ListItem\",\"position\":1,\"name\":\"Po\u010detna stranica\",\"item\":\"https:\/\/m-interijer.hr\/site\/\"},{\"@type\":\"ListItem\",\"position\":2,\"name\":\"O nama\",\"item\":\"https:\/\/m-interijer.hr\/site\/o-nama\/\"},{\"@type\":\"ListItem\",\"position\":3,\"name\":\"Sajmovi\"}]},{\"@type\":\"WebSite\",\"@id\":\"https:\/\/m-interijer.hr\/site\/#website\",\"url\":\"https:\/\/m-interijer.hr\/site\/\",\"name\":\"M-interijer\",\"description\":\"Namje\u0161taj po mjeri\",\"publisher\":{\"@id\":\"https:\/\/m-interijer.hr\/site\/#organization\"},\"inLanguage\":\"hr-HR\"},{\"@type\":\"Organization\",\"@id\":\"https:\/\/m-interijer.hr\/site\/#organization\",\"name\":\"M interijer\",\"url\":\"https:\/\/m-interijer.hr\/site\/\",\"logo\":{\"@type\":\"ImageObject\",\"inLanguage\":\"hr-HR\",\"@id\":\"https:\/\/m-interijer.hr\/site\/#\/schema\/logo\/image\/\",\"url\":\"https:\/\/m-interijer.hr\/site\/wp-content\/uploads\/2018\/02\/logo_final.jpg\",\"contentUrl\":\"https:\/\/m-interijer.hr\/site\/wp-content\/uploads\/2018\/02\/logo_final.jpg\",\"width\":864,\"height\":262,\"caption\":\"M interijer\"},\"image\":{\"@id\":\"https:\/\/m-interijer.hr\/site\/#\/schema\/logo\/image\/\"}}]}<\/script>\n<!-- \/ Yoast SEO plugin. -->","yoast_head_json":{"title":"Sajmovi - M-interijer","robots":{"index":"index","follow":"follow","max-snippet":"max-snippet:-1","max-image-preview":"max-image-preview:large","max-video-preview":"max-video-preview:-1"},"canonical":"https:\/\/m-interijer.hr\/site\/o-nama\/sajmovi\/","og_locale":"hr_HR","og_type":"article","og_title":"Sajmovi - M-interijer","og_description":"[et_pb_section bb_built=&#8221;1&#8243; background_color=&#8221;#ffffff&#8221; _builder_version=&#8221;3.0.105&#8243;][et_pb_row][et_pb_column type=&#8221;4_4&#8243;][et_pb_blurb title=&#8221;Sajmovi&#8221; background_layout=&#8221;light&#8221; _builder_version=&#8221;3.0.106&#8243; header_level=&#8221;h3&#8243; header_font=&#8221;|700|||||||&#8221; use_icon=&#8221;off&#8221; url_new_window=&#8221;off&#8221; use_circle=&#8221;off&#8221; use_circle_border=&#8221;off&#8221; icon_placement=&#8221;top&#8221; use_icon_font_size=&#8221;off&#8221; image=&#8221;http:\/\/m-interijer.hr\/site\/wp-content\/uploads\/2018\/02\/DSCF9569.jpg&#8221; content_max_width=&#8221;800px&#8221;] 2002\u00a0godine &#8211; ZAGREB &#8211; izla\u017eemo na Ambienti &#8211; Me\u0111unarodni sajam namje\u0161taja, unutarnjeg ure\u0111enja i prate\u0107e industrije. Kao ovla\u0161teni prera\u0111iva\u010d kerrocka za Istarsku \u017eupaniju i komitent tvrtke KOLPA iz Slovenije M INTERIJER izla\u017ee kuhinju s radnom plo\u010dom i [&hellip;]","og_url":"https:\/\/m-interijer.hr\/site\/o-nama\/sajmovi\/","og_site_name":"M-interijer","article_modified_time":"2018-03-11T22:45:48+00:00","twitter_card":"summary_large_image","twitter_misc":{"Est. reading time":"2 minutes"},"schema":{"@context":"https:\/\/schema.org","@graph":[{"@type":"WebPage","@id":"https:\/\/m-interijer.hr\/site\/o-nama\/sajmovi\/","url":"https:\/\/m-interijer.hr\/site\/o-nama\/sajmovi\/","name":"Sajmovi - M-interijer","isPartOf":{"@id":"https:\/\/m-interijer.hr\/site\/#website"},"datePublished":"2018-02-28T12:52:31+00:00","dateModified":"2018-03-11T22:45:48+00:00","breadcrumb":{"@id":"https:\/\/m-interijer.hr\/site\/o-nama\/sajmovi\/#breadcrumb"},"inLanguage":"hr-HR","potentialAction":[{"@type":"ReadAction","target":["https:\/\/m-interijer.hr\/site\/o-nama\/sajmovi\/"]}]},{"@type":"BreadcrumbList","@id":"https:\/\/m-interijer.hr\/site\/o-nama\/sajmovi\/#breadcrumb","itemListElement":[{"@type":"ListItem","position":1,"name":"Po\u010detna stranica","item":"https:\/\/m-interijer.hr\/site\/"},{"@type":"ListItem","position":2,"name":"O nama","item":"https:\/\/m-interijer.hr\/site\/o-nama\/"},{"@type":"ListItem","position":3,"name":"Sajmovi"}]},{"@type":"WebSite","@id":"https:\/\/m-interijer.hr\/site\/#website","url":"https:\/\/m-interijer.hr\/site\/","name":"M-interijer","description":"Namje\u0161taj po mjeri","publisher":{"@id":"https:\/\/m-interijer.hr\/site\/#organization"},"inLanguage":"hr-HR"},{"@type":"Organization","@id":"https:\/\/m-interijer.hr\/site\/#organization","name":"M interijer","url":"https:\/\/m-interijer.hr\/site\/","logo":{"@type":"ImageObject","inLanguage":"hr-HR","@id":"https:\/\/m-interijer.hr\/site\/#\/schema\/logo\/image\/","url":"https:\/\/m-interijer.hr\/site\/wp-content\/uploads\/2018\/02\/logo_final.jpg","contentUrl":"https:\/\/m-interijer.hr\/site\/wp-content\/uploads\/2018\/02\/logo_final.jpg","width":864,"height":262,"caption":"M interijer"},"image":{"@id":"https:\/\/m-interijer.hr\/site\/#\/schema\/logo\/image\/"}}]}},"_links":{"self":[{"href":"https:\/\/m-interijer.hr\/site\/wp-json\/wp\/v2\/pages\/1411"}],"collection":[{"href":"https:\/\/m-interijer.hr\/site\/wp-json\/wp\/v2\/pages"}],"about":[{"href":"https:\/\/m-interijer.hr\/site\/wp-json\/wp\/v2\/types\/page"}],"author":[{"embeddable":true,"href":"https:\/\/m-interijer.hr\/site\/wp-json\/wp\/v2\/users\/1"}],"replies":[{"embeddable":true,"href":"https:\/\/m-interijer.hr\/site\/wp-json\/wp\/v2\/comments?post=1411"}],"version-history":[{"count":4,"href":"https:\/\/m-interijer.hr\/site\/wp-json\/wp\/v2\/pages\/1411\/revisions"}],"predecessor-version":[{"id":2222,"href":"https:\/\/m-interijer.hr\/site\/wp-json\/wp\/v2\/pages\/1411\/revisions\/2222"}],"up":[{"embeddable":true,"href":"https:\/\/m-interijer.hr\/site\/wp-json\/wp\/v2\/pages\/135"}],"wp:attachment":[{"href":"https:\/\/m-interijer.hr\/site\/wp-json\/wp\/v2\/media?parent=1411"}],"curies":[{"name":"wp","href":"https:\/\/api.w.org\/{rel}","templated":true}]}}