{"id":1389,"date":"2018-02-28T12:21:39","date_gmt":"2018-02-28T12:21:39","guid":{"rendered":"http:\/\/m-interijer.hr\/site\/?page_id=1389"},"modified":"2018-12-18T15:13:40","modified_gmt":"2018-12-18T15:13:40","slug":"okovi-ruckice","status":"publish","type":"page","link":"https:\/\/m-interijer.hr\/site\/materijali\/okovi-ruckice\/","title":{"rendered":"Okovi i ru\u010dkice"},"content":{"rendered":"<p>[et_pb_section fb_built=&#8221;1&#8243; _builder_version=&#8221;3.0.105&#8243; background_color=&#8221;#ffffff&#8221;][et_pb_row use_custom_width=&#8221;on&#8221; custom_width_px=&#8221;800px&#8221; _builder_version=&#8221;3.0.106&#8243; background_size=&#8221;initial&#8221; background_position=&#8221;top_left&#8221; background_repeat=&#8221;repeat&#8221;][et_pb_column type=&#8221;4_4&#8243; _builder_version=&#8221;3.0.47&#8243; parallax=&#8221;off&#8221; parallax_method=&#8221;on&#8221;][et_pb_blurb title=&#8221;Materijali &#8211; Okovi i ru\u010dkice&#8221; image=&#8221;https:\/\/m-interijer.hr\/site\/wp-content\/uploads\/2018\/03\/ruckice.jpg&#8221; content_max_width=&#8221;800px&#8221; _builder_version=&#8221;3.0.106&#8243; header_level=&#8221;h3&#8243; header_font=&#8221;|700|||||||&#8221;]<\/p>\n<p>M INTERIJER u proizvodnji kuhinja uglavnom upotrebljava program tvrtki <a href=\"https:\/\/webshop.schachermayer.com\/cat\/hr-HR\/products\/okovi-za-namjestaj\/10000_61_1?query=ru%C4%8Dkice+za+namje%C5%A1taj&amp;max=10\" target=\"_blank\" rel=\"noopener\">SCHACHERMAYER<\/a>, <a href=\"https:\/\/webshop.schachermayer.com\/cat\/hr-HR\/products\/okovi-za-namjestaj\/10000_61_1?query=ru%C4%8Dkice+za+namje%C5%A1taj&amp;max=10\" target=\"_blank\" rel=\"noopener\">RUJZ<\/a>,\u00a0 <a href=\"https:\/\/webshop.schachermayer.com\/cat\/hr-HR\/products\/okovi-za-namjestaj\/10000_61_1?query=ru%C4%8Dkice+za+namje%C5%A1taj&amp;max=10\" target=\"_blank\" rel=\"noopener\">IVERPAN<\/a>,\u00a0<a href=\"http:\/\/www.sigma-plus.hr\/index.php\" target=\"_blank\" rel=\"noopener\">SIGMA PLUS<\/a>,&#8230; u kojem mo\u017eete izabrati izme\u0111u vi\u0161e od 1000 vrsta ru\u010dkica, desetine raznih ugradbenih ko\u0161ara, umetaka pribora za jelo, ugradbenih kanti otpada, vodilica marke BLUM i drugih, raznih nogica, specijalne spojnica za fronte, razne konzole, podiza\u010de za fronte i mnogo toga.<\/p>\n<p>&#8230; birajte!<\/p>\n<p>[\/et_pb_blurb][\/et_pb_column][\/et_pb_row][et_pb_row use_custom_width=&#8221;on&#8221; custom_width_px=&#8221;800px&#8221; custom_padding=&#8221;27px|0px|68px|0px&#8221; _builder_version=&#8221;3.0.105&#8243;][et_pb_column type=&#8221;1_3&#8243; _builder_version=&#8221;3.0.47&#8243; parallax=&#8221;off&#8221; parallax_method=&#8221;on&#8221;][et_pb_image src=&#8221;http:\/\/m-interijer.hr\/site\/wp-content\/uploads\/2018\/03\/logo-rd.png&#8221; url=&#8221;http:\/\/www.rujzdesign.com\/en\/&#8221; url_new_window=&#8221;on&#8221; _builder_version=&#8221;3.0.106&#8243;]&nbsp;<br \/>\n[\/et_pb_image][\/et_pb_column][et_pb_column type=&#8221;1_3&#8243; _builder_version=&#8221;3.0.47&#8243; parallax=&#8221;off&#8221; parallax_method=&#8221;on&#8221;][et_pb_image src=&#8221;http:\/\/m-interijer.hr\/site\/wp-content\/uploads\/2018\/03\/logo-sch.png&#8221; url=&#8221;https:\/\/webshop.schachermayer.com\/cat\/hr-HR&#8221; url_new_window=&#8221;on&#8221; _builder_version=&#8221;3.0.105&#8243;]&nbsp;<br \/>\n[\/et_pb_image][\/et_pb_column][et_pb_column type=&#8221;1_3&#8243; _builder_version=&#8221;3.0.47&#8243; parallax=&#8221;off&#8221; parallax_method=&#8221;on&#8221;][et_pb_image src=&#8221;http:\/\/m-interijer.hr\/site\/wp-content\/uploads\/2018\/03\/logo-sigmaplus.png&#8221; url=&#8221;http:\/\/www.sigma-plus.hr\/index.php&#8221; url_new_window=&#8221;on&#8221; _builder_version=&#8221;3.0.105&#8243;]&nbsp;<br \/>\n[\/et_pb_image][\/et_pb_column][\/et_pb_row][\/et_pb_section]<\/p>\n","protected":false},"excerpt":{"rendered":"<p>[et_pb_section fb_built=&#8221;1&#8243; _builder_version=&#8221;3.0.105&#8243; background_color=&#8221;#ffffff&#8221;][et_pb_row use_custom_width=&#8221;on&#8221; custom_width_px=&#8221;800px&#8221; _builder_version=&#8221;3.0.106&#8243; background_size=&#8221;initial&#8221; background_position=&#8221;top_left&#8221; background_repeat=&#8221;repeat&#8221;][et_pb_column type=&#8221;4_4&#8243; _builder_version=&#8221;3.0.47&#8243; parallax=&#8221;off&#8221; parallax_method=&#8221;on&#8221;][et_pb_blurb title=&#8221;Materijali &#8211; Okovi i ru\u010dkice&#8221; image=&#8221;https:\/\/m-interijer.hr\/site\/wp-content\/uploads\/2018\/03\/ruckice.jpg&#8221; content_max_width=&#8221;800px&#8221; _builder_version=&#8221;3.0.106&#8243; header_level=&#8221;h3&#8243; header_font=&#8221;|700|||||||&#8221;] M INTERIJER u proizvodnji kuhinja uglavnom upotrebljava program tvrtki SCHACHERMAYER, RUJZ,\u00a0 IVERPAN,\u00a0SIGMA PLUS,&#8230; u kojem mo\u017eete izabrati izme\u0111u vi\u0161e od 1000 vrsta ru\u010dkica, desetine raznih ugradbenih ko\u0161ara, umetaka pribora za jelo, [&hellip;]<\/p>\n","protected":false},"author":1,"featured_media":0,"parent":1370,"menu_order":0,"comment_status":"closed","ping_status":"closed","template":"","meta":{"_et_pb_use_builder":"on","_et_pb_old_content":"","footnotes":""},"class_list":["post-1389","page","type-page","status-publish","hentry"],"yoast_head":"<!-- This site is optimized with the Yoast SEO plugin v24.6 - https:\/\/yoast.com\/wordpress\/plugins\/seo\/ -->\n<title>Okovi i ru\u010dkice - M-interijer<\/title>\n<meta name=\"description\" content=\"Materijali - Okovi i ru\u010dkice M INTERIJER u proizvodnji kuhinja uglavnom upotrebljava program tvrtki SCHACHERMAYER i SIGMA PLUS u kojem mo\u017eete izabrati izme\u0111u vi\u0161e od 1000 vrsta ru\u010dkica, desetina raznih ugradbenih ko\u0161ara, umetaka za pribor za jelo, ugradbenih kanti posuda, vodilica marke GRASS i drugih.\" \/>\n<meta name=\"robots\" content=\"index, follow, max-snippet:-1, max-image-preview:large, max-video-preview:-1\" \/>\n<link rel=\"canonical\" href=\"https:\/\/m-interijer.hr\/site\/materijali\/okovi-ruckice\/\" \/>\n<meta property=\"og:locale\" content=\"hr_HR\" \/>\n<meta property=\"og:type\" content=\"article\" \/>\n<meta property=\"og:title\" content=\"Okovi i ru\u010dkice - M-interijer\" \/>\n<meta property=\"og:description\" content=\"Materijali - Okovi i ru\u010dkice M INTERIJER u proizvodnji kuhinja uglavnom upotrebljava program tvrtki SCHACHERMAYER i SIGMA PLUS u kojem mo\u017eete izabrati izme\u0111u vi\u0161e od 1000 vrsta ru\u010dkica, desetina raznih ugradbenih ko\u0161ara, umetaka za pribor za jelo, ugradbenih kanti posuda, vodilica marke GRASS i drugih.\" \/>\n<meta property=\"og:url\" content=\"https:\/\/m-interijer.hr\/site\/materijali\/okovi-ruckice\/\" \/>\n<meta property=\"og:site_name\" content=\"M-interijer\" \/>\n<meta property=\"article:modified_time\" content=\"2018-12-18T15:13:40+00:00\" \/>\n<meta name=\"twitter:card\" content=\"summary_large_image\" \/>\n<meta name=\"twitter:label1\" content=\"Est. reading time\" \/>\n\t<meta name=\"twitter:data1\" content=\"1 minute\" \/>\n<script type=\"application\/ld+json\" class=\"yoast-schema-graph\">{\"@context\":\"https:\/\/schema.org\",\"@graph\":[{\"@type\":\"WebPage\",\"@id\":\"https:\/\/m-interijer.hr\/site\/materijali\/okovi-ruckice\/\",\"url\":\"https:\/\/m-interijer.hr\/site\/materijali\/okovi-ruckice\/\",\"name\":\"Okovi i ru\u010dkice - M-interijer\",\"isPartOf\":{\"@id\":\"https:\/\/m-interijer.hr\/site\/#website\"},\"datePublished\":\"2018-02-28T12:21:39+00:00\",\"dateModified\":\"2018-12-18T15:13:40+00:00\",\"description\":\"Materijali - Okovi i ru\u010dkice M INTERIJER u proizvodnji kuhinja uglavnom upotrebljava program tvrtki SCHACHERMAYER i SIGMA PLUS u kojem mo\u017eete izabrati izme\u0111u vi\u0161e od 1000 vrsta ru\u010dkica, desetina raznih ugradbenih ko\u0161ara, umetaka za pribor za jelo, ugradbenih kanti posuda, vodilica marke GRASS i drugih.\",\"breadcrumb\":{\"@id\":\"https:\/\/m-interijer.hr\/site\/materijali\/okovi-ruckice\/#breadcrumb\"},\"inLanguage\":\"hr-HR\",\"potentialAction\":[{\"@type\":\"ReadAction\",\"target\":[\"https:\/\/m-interijer.hr\/site\/materijali\/okovi-ruckice\/\"]}]},{\"@type\":\"BreadcrumbList\",\"@id\":\"https:\/\/m-interijer.hr\/site\/materijali\/okovi-ruckice\/#breadcrumb\",\"itemListElement\":[{\"@type\":\"ListItem\",\"position\":1,\"name\":\"Po\u010detna stranica\",\"item\":\"https:\/\/m-interijer.hr\/site\/\"},{\"@type\":\"ListItem\",\"position\":2,\"name\":\"Materijali\",\"item\":\"https:\/\/m-interijer.hr\/site\/materijali\/\"},{\"@type\":\"ListItem\",\"position\":3,\"name\":\"Okovi i ru\u010dkice\"}]},{\"@type\":\"WebSite\",\"@id\":\"https:\/\/m-interijer.hr\/site\/#website\",\"url\":\"https:\/\/m-interijer.hr\/site\/\",\"name\":\"M-interijer\",\"description\":\"Namje\u0161taj po mjeri\",\"publisher\":{\"@id\":\"https:\/\/m-interijer.hr\/site\/#organization\"},\"inLanguage\":\"hr-HR\"},{\"@type\":\"Organization\",\"@id\":\"https:\/\/m-interijer.hr\/site\/#organization\",\"name\":\"M interijer\",\"url\":\"https:\/\/m-interijer.hr\/site\/\",\"logo\":{\"@type\":\"ImageObject\",\"inLanguage\":\"hr-HR\",\"@id\":\"https:\/\/m-interijer.hr\/site\/#\/schema\/logo\/image\/\",\"url\":\"https:\/\/m-interijer.hr\/site\/wp-content\/uploads\/2018\/02\/logo_final.jpg\",\"contentUrl\":\"https:\/\/m-interijer.hr\/site\/wp-content\/uploads\/2018\/02\/logo_final.jpg\",\"width\":864,\"height\":262,\"caption\":\"M interijer\"},\"image\":{\"@id\":\"https:\/\/m-interijer.hr\/site\/#\/schema\/logo\/image\/\"}}]}<\/script>\n<!-- \/ Yoast SEO plugin. -->","yoast_head_json":{"title":"Okovi i ru\u010dkice - M-interijer","description":"Materijali - Okovi i ru\u010dkice M INTERIJER u proizvodnji kuhinja uglavnom upotrebljava program tvrtki SCHACHERMAYER i SIGMA PLUS u kojem mo\u017eete izabrati izme\u0111u vi\u0161e od 1000 vrsta ru\u010dkica, desetina raznih ugradbenih ko\u0161ara, umetaka za pribor za jelo, ugradbenih kanti posuda, vodilica marke GRASS i drugih.","robots":{"index":"index","follow":"follow","max-snippet":"max-snippet:-1","max-image-preview":"max-image-preview:large","max-video-preview":"max-video-preview:-1"},"canonical":"https:\/\/m-interijer.hr\/site\/materijali\/okovi-ruckice\/","og_locale":"hr_HR","og_type":"article","og_title":"Okovi i ru\u010dkice - M-interijer","og_description":"Materijali - Okovi i ru\u010dkice M INTERIJER u proizvodnji kuhinja uglavnom upotrebljava program tvrtki SCHACHERMAYER i SIGMA PLUS u kojem mo\u017eete izabrati izme\u0111u vi\u0161e od 1000 vrsta ru\u010dkica, desetina raznih ugradbenih ko\u0161ara, umetaka za pribor za jelo, ugradbenih kanti posuda, vodilica marke GRASS i drugih.","og_url":"https:\/\/m-interijer.hr\/site\/materijali\/okovi-ruckice\/","og_site_name":"M-interijer","article_modified_time":"2018-12-18T15:13:40+00:00","twitter_card":"summary_large_image","twitter_misc":{"Est. reading time":"1 minute"},"schema":{"@context":"https:\/\/schema.org","@graph":[{"@type":"WebPage","@id":"https:\/\/m-interijer.hr\/site\/materijali\/okovi-ruckice\/","url":"https:\/\/m-interijer.hr\/site\/materijali\/okovi-ruckice\/","name":"Okovi i ru\u010dkice - M-interijer","isPartOf":{"@id":"https:\/\/m-interijer.hr\/site\/#website"},"datePublished":"2018-02-28T12:21:39+00:00","dateModified":"2018-12-18T15:13:40+00:00","description":"Materijali - Okovi i ru\u010dkice M INTERIJER u proizvodnji kuhinja uglavnom upotrebljava program tvrtki SCHACHERMAYER i SIGMA PLUS u kojem mo\u017eete izabrati izme\u0111u vi\u0161e od 1000 vrsta ru\u010dkica, desetina raznih ugradbenih ko\u0161ara, umetaka za pribor za jelo, ugradbenih kanti posuda, vodilica marke GRASS i drugih.","breadcrumb":{"@id":"https:\/\/m-interijer.hr\/site\/materijali\/okovi-ruckice\/#breadcrumb"},"inLanguage":"hr-HR","potentialAction":[{"@type":"ReadAction","target":["https:\/\/m-interijer.hr\/site\/materijali\/okovi-ruckice\/"]}]},{"@type":"BreadcrumbList","@id":"https:\/\/m-interijer.hr\/site\/materijali\/okovi-ruckice\/#breadcrumb","itemListElement":[{"@type":"ListItem","position":1,"name":"Po\u010detna stranica","item":"https:\/\/m-interijer.hr\/site\/"},{"@type":"ListItem","position":2,"name":"Materijali","item":"https:\/\/m-interijer.hr\/site\/materijali\/"},{"@type":"ListItem","position":3,"name":"Okovi i ru\u010dkice"}]},{"@type":"WebSite","@id":"https:\/\/m-interijer.hr\/site\/#website","url":"https:\/\/m-interijer.hr\/site\/","name":"M-interijer","description":"Namje\u0161taj po mjeri","publisher":{"@id":"https:\/\/m-interijer.hr\/site\/#organization"},"inLanguage":"hr-HR"},{"@type":"Organization","@id":"https:\/\/m-interijer.hr\/site\/#organization","name":"M interijer","url":"https:\/\/m-interijer.hr\/site\/","logo":{"@type":"ImageObject","inLanguage":"hr-HR","@id":"https:\/\/m-interijer.hr\/site\/#\/schema\/logo\/image\/","url":"https:\/\/m-interijer.hr\/site\/wp-content\/uploads\/2018\/02\/logo_final.jpg","contentUrl":"https:\/\/m-interijer.hr\/site\/wp-content\/uploads\/2018\/02\/logo_final.jpg","width":864,"height":262,"caption":"M interijer"},"image":{"@id":"https:\/\/m-interijer.hr\/site\/#\/schema\/logo\/image\/"}}]}},"_links":{"self":[{"href":"https:\/\/m-interijer.hr\/site\/wp-json\/wp\/v2\/pages\/1389"}],"collection":[{"href":"https:\/\/m-interijer.hr\/site\/wp-json\/wp\/v2\/pages"}],"about":[{"href":"https:\/\/m-interijer.hr\/site\/wp-json\/wp\/v2\/types\/page"}],"author":[{"embeddable":true,"href":"https:\/\/m-interijer.hr\/site\/wp-json\/wp\/v2\/users\/1"}],"replies":[{"embeddable":true,"href":"https:\/\/m-interijer.hr\/site\/wp-json\/wp\/v2\/comments?post=1389"}],"version-history":[{"count":11,"href":"https:\/\/m-interijer.hr\/site\/wp-json\/wp\/v2\/pages\/1389\/revisions"}],"predecessor-version":[{"id":2357,"href":"https:\/\/m-interijer.hr\/site\/wp-json\/wp\/v2\/pages\/1389\/revisions\/2357"}],"up":[{"embeddable":true,"href":"https:\/\/m-interijer.hr\/site\/wp-json\/wp\/v2\/pages\/1370"}],"wp:attachment":[{"href":"https:\/\/m-interijer.hr\/site\/wp-json\/wp\/v2\/media?parent=1389"}],"curies":[{"name":"wp","href":"https:\/\/api.w.org\/{rel}","templated":true}]}}