{"id":1374,"date":"2018-02-28T10:55:07","date_gmt":"2018-02-28T10:55:07","guid":{"rendered":"http:\/\/m-interijer.hr\/site\/?page_id=1374"},"modified":"2022-05-12T08:56:04","modified_gmt":"2022-05-12T08:56:04","slug":"materijali-fronte","status":"publish","type":"page","link":"https:\/\/m-interijer.hr\/site\/materijali\/materijali-fronte\/","title":{"rendered":"Fronte"},"content":{"rendered":"<p>[et_pb_section bb_built=&#8221;1&#8243; background_color=&#8221;#ffffff&#8221; _builder_version=&#8221;3.0.105&#8243;][et_pb_row _builder_version=&#8221;3.0.47&#8243; background_size=&#8221;initial&#8221; background_position=&#8221;top_left&#8221; background_repeat=&#8221;repeat&#8221;][et_pb_column type=&#8221;4_4&#8243;][et_pb_blurb title=&#8221;Materijali &#8211; Fronte&#8221; background_layout=&#8221;light&#8221; _builder_version=&#8221;3.0.106&#8243; header_level=&#8221;h3&#8243; header_font=&#8221;|700|||||||&#8221; use_icon=&#8221;off&#8221; url_new_window=&#8221;off&#8221; use_circle=&#8221;off&#8221; use_circle_border=&#8221;off&#8221; icon_placement=&#8221;top&#8221; use_icon_font_size=&#8221;off&#8221; content_max_width=&#8221;800px&#8221;]<\/p>\n<p>SVE FRONTE KOJE VIDITE NA WEBU IZRA\u0110UJEMO I DIZAJNIRAMO SAMI !<\/p>\n<p>Kupac ima jako veliki izbor boja i dezena fronti koje mo\u017eemo prilagoditi po sva\u010dijem ukusu tj. neku frontu mo\u017eemo izraditi po kup\u010devoj \u017eelji. Naravno i korpuse krojimo sami po mjeri i to raznih \u0161irina, dubina i visina &#8230;Fronte smo poredali u slijede\u0107e skupine :<\/p>\n<p><strong>NE IZRA\u0110UJEMO FRONTE ZA VANJSKE NARU\u010cITELJE ( samo za vlastite potrebe )<\/strong><\/p>\n<p>IVERAL:<br \/>\nFronte od iverala mogu biti kantirane abs-om 0,5, 1 i 2 mm ili bojana s pokrivnim pigmentiranim PU lakom. Na raspolaganju Vam je 200-tinjak dezena fronti od iveral-a obrubljenih ABS trakom uzorkom prema Va\u0161em izboru i to od renomiranih Austrijskih proizvo\u0111a\u010da ( Egger, Kaindl i Funder)<\/p>\n<p>MEDIJAPAN:<br \/>\nFronte od medijapana mogu imati kanale po sebi, patinu, biti u visokom sjaju, matu ili efektu strukturi. Medijapan je naj\u010de\u0161\u0107i izbor u dana\u0161njoj proizvodnji kuhinja. Nudimo Vam izbor od 3000 BOJA u tri sjaja. Nudimo izbor sa NCS, RAL i WC palete karte i tako obojati Va\u0161u kuhinju a fronte \u0107emo prilagoditi Va\u0161im \u017eeljama koriste\u0107i razne oblike kanala i oblina.<br \/>\nInteresantna ponuda je fronta od medijapana s patinom koja izgleda kao masiv drvo, zatim ofarbano staklo zaljepljeno na mediapanu ili savijena fronta od flex mdf-a<\/p>\n<p>MASIV:<br \/>\nNezamjenjiv materijal u izradi klasi\u010dnih kuhinja. M INTERIJER u proizvodnji preferira tvrde vrste drva kao \u0161to su jasen, hrast, orah&#8230; Masiv fronte imamo podijeljene u 2 osnovna razreda a to su masiv s \u0161perplo\u010dom i masiv s ukladom. Prema Va\u0161em izboru na te fronte nanosimo bajc, lak, ( patinu ) i naravno 4 ruke PU ili AKRIL laka. Kao posebnu ponudu isti\u010demo na\u0161e fronte sa patinom, proizvod tvrtke SAYERLACK . Boje za masiv fronte radimo po va\u0161oj \u017eelji u jednom od 5 profila no\u017eeva.<\/p>\n<p>FURNIRANA IVERICA:<br \/>\nFronte izra\u0111ujemo od furnirane iverica u\u00a0 hrastu, jasenu, tre\u0161nji, bukvi&#8230;i drugih egzota, te ih po Va\u0161oj \u017eelji bajcamo i lakiramo u \u017eeljni ton. Fronte obrubljujemo s masiv letvicama ili rubnom trakom, sa i bez pora u vi\u0161e sjaja laka&#8230;<\/p>\n<p>PANEL PLO\u010cA:<br \/>\nFronte izra\u0111ujemo i od panel plo\u010de u hrastu, jasenu, tre\u0161nji, bukvi&#8230;, te ih po Va\u0161oj \u017eelji bajcamo i lakiramo u \u017eeljni ton. Fronte obrubljujemo s masiv letvicama ili rubnom trakom, sa ili bez pora u vi\u0161e sjaja laka&#8230;<\/p>\n<p>Napomena:<\/p>\n<p>U na\u0161em salonu imamo stalno izlo\u017eeno oko 170 razli\u010ditih fronti od medijapana, masiva, furnirane iverice i panel plo\u010de te 200-tinjak od iverala.<\/p>\n<p>[\/et_pb_blurb][et_pb_gallery admin_label=&#8221;Gallery Fronts&#8221; _builder_version=&#8221;3.0.105&#8243; show_title_and_caption=&#8221;off&#8221; show_pagination=&#8221;on&#8221; posts_number=&#8221;28&#8243; gallery_ids=&#8221;2038,2037,2018,2013,2036,2035,2034,2033,2032,2031,2030,2029,2028,2027,2026,2025,2024,2023,2022,2021,2020,2019,2017,2016,2015,2014,2012,2011,2010,2009,2008,2007,2006,2005,2004,2003,2002,2001,2000,1999,1998,1997,1996,1995,1994,1993,1992,1991,1990,1989,1988,1987,1986,1985,1984,1983,1982,1981,1980,1979,1978,1977,1976,1975,1974,1973,1972,1971,1970,1969,1968,1967,1966,1965,1964,1963,1962,1961,1960,1959,1958,1957,1956,1955,1954,1953,1952,1951,1950,1949,1948,1947,1946,1945,1944,1943,1942,1941,1940,1939,1938,1937,1936,1935,1934,1933,1932,1931,1930,1929,1928,1927,1926,1925,1924,1923,1922,1921,1920,1919,1918,1917,1916,1915,1914,1913,1912,1911,1910,1909,1908,1907,1906,1905,1904,1903,1902,1901,1900,1899,1898,1897,1896,1895,1894,1893,1892,1891,1890,1889,1888,1887,1886,1885,1884,1883,1882,1881,1880,1879,1878,1877,1876,1875,1874,1873&#8243; zoom_icon_color=&#8221;#e02b20&#8243; hover_overlay_color=&#8221;rgba(255,255,255,0.9)&#8221; fullwidth=&#8221;off&#8221; orientation=&#8221;landscape&#8221; box_shadow_style_image=&#8221;preset2&#8243; background_layout=&#8221;light&#8221; pagination_font_size_tablet=&#8221;51&#8243; pagination_line_height_tablet=&#8221;2&#8243; saved_tabs=&#8221;all&#8221; global_module=&#8221;2040&#8243; \/][\/et_pb_column][\/et_pb_row][\/et_pb_section]<\/p>\n","protected":false},"excerpt":{"rendered":"<p>[et_pb_section bb_built=&#8221;1&#8243; background_color=&#8221;#ffffff&#8221; _builder_version=&#8221;3.0.105&#8243;][et_pb_row _builder_version=&#8221;3.0.47&#8243; background_size=&#8221;initial&#8221; background_position=&#8221;top_left&#8221; background_repeat=&#8221;repeat&#8221;][et_pb_column type=&#8221;4_4&#8243;][et_pb_blurb title=&#8221;Materijali &#8211; Fronte&#8221; background_layout=&#8221;light&#8221; _builder_version=&#8221;3.0.106&#8243; header_level=&#8221;h3&#8243; header_font=&#8221;|700|||||||&#8221; use_icon=&#8221;off&#8221; url_new_window=&#8221;off&#8221; use_circle=&#8221;off&#8221; use_circle_border=&#8221;off&#8221; icon_placement=&#8221;top&#8221; use_icon_font_size=&#8221;off&#8221; content_max_width=&#8221;800px&#8221;] SVE FRONTE KOJE VIDITE NA WEBU IZRA\u0110UJEMO I DIZAJNIRAMO SAMI ! Kupac ima jako veliki izbor boja i dezena fronti koje mo\u017eemo prilagoditi po sva\u010dijem ukusu tj. neku frontu mo\u017eemo izraditi po [&hellip;]<\/p>\n","protected":false},"author":1,"featured_media":0,"parent":1370,"menu_order":0,"comment_status":"closed","ping_status":"closed","template":"","meta":{"_et_pb_use_builder":"on","_et_pb_old_content":"","footnotes":""},"class_list":["post-1374","page","type-page","status-publish","hentry"],"yoast_head":"<!-- This site is optimized with the Yoast SEO plugin v24.6 - https:\/\/yoast.com\/wordpress\/plugins\/seo\/ -->\n<title>Fronte - M-interijer<\/title>\n<meta name=\"description\" content=\"Materijali - Fronte SVE FRONTE KOJE VIDITE NA WEBU IZRA\u0110UJEMO I DIZAJNIRAMO SAMI ! Kupac ima jako veliki izbor boja i dezena fronti koje mo\u017eemo prilagoditi po sva\u010dijem ukusu tj. neku frontu mo\u017eemo uzraditi po kup\u010devoj \u017eelji.\" \/>\n<meta name=\"robots\" content=\"index, follow, max-snippet:-1, max-image-preview:large, max-video-preview:-1\" \/>\n<link rel=\"canonical\" href=\"https:\/\/m-interijer.hr\/site\/materijali\/materijali-fronte\/\" \/>\n<meta property=\"og:locale\" content=\"hr_HR\" \/>\n<meta property=\"og:type\" content=\"article\" \/>\n<meta property=\"og:title\" content=\"Fronte - M-interijer\" \/>\n<meta property=\"og:description\" content=\"Materijali - Fronte SVE FRONTE KOJE VIDITE NA WEBU IZRA\u0110UJEMO I DIZAJNIRAMO SAMI ! Kupac ima jako veliki izbor boja i dezena fronti koje mo\u017eemo prilagoditi po sva\u010dijem ukusu tj. neku frontu mo\u017eemo uzraditi po kup\u010devoj \u017eelji.\" \/>\n<meta property=\"og:url\" content=\"https:\/\/m-interijer.hr\/site\/materijali\/materijali-fronte\/\" \/>\n<meta property=\"og:site_name\" content=\"M-interijer\" \/>\n<meta property=\"article:modified_time\" content=\"2022-05-12T08:56:04+00:00\" \/>\n<meta name=\"twitter:card\" content=\"summary_large_image\" \/>\n<meta name=\"twitter:label1\" content=\"Est. reading time\" \/>\n\t<meta name=\"twitter:data1\" content=\"3 minutes\" \/>\n<script type=\"application\/ld+json\" class=\"yoast-schema-graph\">{\"@context\":\"https:\/\/schema.org\",\"@graph\":[{\"@type\":\"WebPage\",\"@id\":\"https:\/\/m-interijer.hr\/site\/materijali\/materijali-fronte\/\",\"url\":\"https:\/\/m-interijer.hr\/site\/materijali\/materijali-fronte\/\",\"name\":\"Fronte - M-interijer\",\"isPartOf\":{\"@id\":\"https:\/\/m-interijer.hr\/site\/#website\"},\"datePublished\":\"2018-02-28T10:55:07+00:00\",\"dateModified\":\"2022-05-12T08:56:04+00:00\",\"description\":\"Materijali - Fronte SVE FRONTE KOJE VIDITE NA WEBU IZRA\u0110UJEMO I DIZAJNIRAMO SAMI ! Kupac ima jako veliki izbor boja i dezena fronti koje mo\u017eemo prilagoditi po sva\u010dijem ukusu tj. neku frontu mo\u017eemo uzraditi po kup\u010devoj \u017eelji.\",\"breadcrumb\":{\"@id\":\"https:\/\/m-interijer.hr\/site\/materijali\/materijali-fronte\/#breadcrumb\"},\"inLanguage\":\"hr-HR\",\"potentialAction\":[{\"@type\":\"ReadAction\",\"target\":[\"https:\/\/m-interijer.hr\/site\/materijali\/materijali-fronte\/\"]}]},{\"@type\":\"BreadcrumbList\",\"@id\":\"https:\/\/m-interijer.hr\/site\/materijali\/materijali-fronte\/#breadcrumb\",\"itemListElement\":[{\"@type\":\"ListItem\",\"position\":1,\"name\":\"Po\u010detna stranica\",\"item\":\"https:\/\/m-interijer.hr\/site\/\"},{\"@type\":\"ListItem\",\"position\":2,\"name\":\"Materijali\",\"item\":\"https:\/\/m-interijer.hr\/site\/materijali\/\"},{\"@type\":\"ListItem\",\"position\":3,\"name\":\"Fronte\"}]},{\"@type\":\"WebSite\",\"@id\":\"https:\/\/m-interijer.hr\/site\/#website\",\"url\":\"https:\/\/m-interijer.hr\/site\/\",\"name\":\"M-interijer\",\"description\":\"Namje\u0161taj po mjeri\",\"publisher\":{\"@id\":\"https:\/\/m-interijer.hr\/site\/#organization\"},\"inLanguage\":\"hr-HR\"},{\"@type\":\"Organization\",\"@id\":\"https:\/\/m-interijer.hr\/site\/#organization\",\"name\":\"M interijer\",\"url\":\"https:\/\/m-interijer.hr\/site\/\",\"logo\":{\"@type\":\"ImageObject\",\"inLanguage\":\"hr-HR\",\"@id\":\"https:\/\/m-interijer.hr\/site\/#\/schema\/logo\/image\/\",\"url\":\"https:\/\/m-interijer.hr\/site\/wp-content\/uploads\/2018\/02\/logo_final.jpg\",\"contentUrl\":\"https:\/\/m-interijer.hr\/site\/wp-content\/uploads\/2018\/02\/logo_final.jpg\",\"width\":864,\"height\":262,\"caption\":\"M interijer\"},\"image\":{\"@id\":\"https:\/\/m-interijer.hr\/site\/#\/schema\/logo\/image\/\"}}]}<\/script>\n<!-- \/ Yoast SEO plugin. -->","yoast_head_json":{"title":"Fronte - M-interijer","description":"Materijali - Fronte SVE FRONTE KOJE VIDITE NA WEBU IZRA\u0110UJEMO I DIZAJNIRAMO SAMI ! Kupac ima jako veliki izbor boja i dezena fronti koje mo\u017eemo prilagoditi po sva\u010dijem ukusu tj. neku frontu mo\u017eemo uzraditi po kup\u010devoj \u017eelji.","robots":{"index":"index","follow":"follow","max-snippet":"max-snippet:-1","max-image-preview":"max-image-preview:large","max-video-preview":"max-video-preview:-1"},"canonical":"https:\/\/m-interijer.hr\/site\/materijali\/materijali-fronte\/","og_locale":"hr_HR","og_type":"article","og_title":"Fronte - M-interijer","og_description":"Materijali - Fronte SVE FRONTE KOJE VIDITE NA WEBU IZRA\u0110UJEMO I DIZAJNIRAMO SAMI ! Kupac ima jako veliki izbor boja i dezena fronti koje mo\u017eemo prilagoditi po sva\u010dijem ukusu tj. neku frontu mo\u017eemo uzraditi po kup\u010devoj \u017eelji.","og_url":"https:\/\/m-interijer.hr\/site\/materijali\/materijali-fronte\/","og_site_name":"M-interijer","article_modified_time":"2022-05-12T08:56:04+00:00","twitter_card":"summary_large_image","twitter_misc":{"Est. reading time":"3 minutes"},"schema":{"@context":"https:\/\/schema.org","@graph":[{"@type":"WebPage","@id":"https:\/\/m-interijer.hr\/site\/materijali\/materijali-fronte\/","url":"https:\/\/m-interijer.hr\/site\/materijali\/materijali-fronte\/","name":"Fronte - M-interijer","isPartOf":{"@id":"https:\/\/m-interijer.hr\/site\/#website"},"datePublished":"2018-02-28T10:55:07+00:00","dateModified":"2022-05-12T08:56:04+00:00","description":"Materijali - Fronte SVE FRONTE KOJE VIDITE NA WEBU IZRA\u0110UJEMO I DIZAJNIRAMO SAMI ! Kupac ima jako veliki izbor boja i dezena fronti koje mo\u017eemo prilagoditi po sva\u010dijem ukusu tj. neku frontu mo\u017eemo uzraditi po kup\u010devoj \u017eelji.","breadcrumb":{"@id":"https:\/\/m-interijer.hr\/site\/materijali\/materijali-fronte\/#breadcrumb"},"inLanguage":"hr-HR","potentialAction":[{"@type":"ReadAction","target":["https:\/\/m-interijer.hr\/site\/materijali\/materijali-fronte\/"]}]},{"@type":"BreadcrumbList","@id":"https:\/\/m-interijer.hr\/site\/materijali\/materijali-fronte\/#breadcrumb","itemListElement":[{"@type":"ListItem","position":1,"name":"Po\u010detna stranica","item":"https:\/\/m-interijer.hr\/site\/"},{"@type":"ListItem","position":2,"name":"Materijali","item":"https:\/\/m-interijer.hr\/site\/materijali\/"},{"@type":"ListItem","position":3,"name":"Fronte"}]},{"@type":"WebSite","@id":"https:\/\/m-interijer.hr\/site\/#website","url":"https:\/\/m-interijer.hr\/site\/","name":"M-interijer","description":"Namje\u0161taj po mjeri","publisher":{"@id":"https:\/\/m-interijer.hr\/site\/#organization"},"inLanguage":"hr-HR"},{"@type":"Organization","@id":"https:\/\/m-interijer.hr\/site\/#organization","name":"M interijer","url":"https:\/\/m-interijer.hr\/site\/","logo":{"@type":"ImageObject","inLanguage":"hr-HR","@id":"https:\/\/m-interijer.hr\/site\/#\/schema\/logo\/image\/","url":"https:\/\/m-interijer.hr\/site\/wp-content\/uploads\/2018\/02\/logo_final.jpg","contentUrl":"https:\/\/m-interijer.hr\/site\/wp-content\/uploads\/2018\/02\/logo_final.jpg","width":864,"height":262,"caption":"M interijer"},"image":{"@id":"https:\/\/m-interijer.hr\/site\/#\/schema\/logo\/image\/"}}]}},"_links":{"self":[{"href":"https:\/\/m-interijer.hr\/site\/wp-json\/wp\/v2\/pages\/1374"}],"collection":[{"href":"https:\/\/m-interijer.hr\/site\/wp-json\/wp\/v2\/pages"}],"about":[{"href":"https:\/\/m-interijer.hr\/site\/wp-json\/wp\/v2\/types\/page"}],"author":[{"embeddable":true,"href":"https:\/\/m-interijer.hr\/site\/wp-json\/wp\/v2\/users\/1"}],"replies":[{"embeddable":true,"href":"https:\/\/m-interijer.hr\/site\/wp-json\/wp\/v2\/comments?post=1374"}],"version-history":[{"count":15,"href":"https:\/\/m-interijer.hr\/site\/wp-json\/wp\/v2\/pages\/1374\/revisions"}],"predecessor-version":[{"id":2543,"href":"https:\/\/m-interijer.hr\/site\/wp-json\/wp\/v2\/pages\/1374\/revisions\/2543"}],"up":[{"embeddable":true,"href":"https:\/\/m-interijer.hr\/site\/wp-json\/wp\/v2\/pages\/1370"}],"wp:attachment":[{"href":"https:\/\/m-interijer.hr\/site\/wp-json\/wp\/v2\/media?parent=1374"}],"curies":[{"name":"wp","href":"https:\/\/api.w.org\/{rel}","templated":true}]}}