{"id":1355,"date":"2018-02-27T15:42:01","date_gmt":"2018-02-27T15:42:01","guid":{"rendered":"http:\/\/m-interijer.hr\/site\/?page_id=1355"},"modified":"2018-03-02T09:49:10","modified_gmt":"2018-03-02T09:49:10","slug":"namjestaj","status":"publish","type":"page","link":"https:\/\/m-interijer.hr\/site\/namjestaj\/","title":{"rendered":"Namje\u0161taj"},"content":{"rendered":"<p>[et_pb_section bb_built=&#8221;1&#8243; background_color=&#8221;#ffffff&#8221; _builder_version=&#8221;3.0.105&#8243;][et_pb_row][et_pb_column type=&#8221;4_4&#8243;][et_pb_blurb title=&#8221;Namje\u0161taj&#8221; background_layout=&#8221;light&#8221; _builder_version=&#8221;3.0.105&#8243; header_level=&#8221;h3&#8243; header_font=&#8221;|700|||||||&#8221; use_icon=&#8221;off&#8221; url_new_window=&#8221;off&#8221; use_circle=&#8221;off&#8221; use_circle_border=&#8221;off&#8221; icon_placement=&#8221;top&#8221; use_icon_font_size=&#8221;off&#8221; image=&#8221;http:\/\/m-interijer.hr\/site\/wp-content\/uploads\/2018\/02\/namjestaj.jpg&#8221; content_max_width=&#8221;800px&#8221;]<\/p>\n<p>Osim kuhinja,\u00a0 izra\u0111ujemo i ostali namje\u0161taj, kao \u0161to su kupaonice, dje\u010dje sobe, ormari, dnevni boravci, kancelarijski namje\u0161taj i sli\u010dni proizvodi od plo\u010dastog materijala<\/p>\n<p>Prednost izrade ostalog namje\u0161taja je u tome \u0161to si u M INTERIJER-u uistinu mo\u017eete predo\u010diti cijeli stan u softveru sa svim teksturama i bojama te u realnom omjeru va\u0161eg prostora. Prednost izrade namje\u0161taja na jednom mjestu je i u tome \u0161to sav namje\u0161taj u stanu mo\u017eete prilagoditi po vlastitoj \u017eelji, boji ili dizajnu.<\/p>\n<p>Od 2005. godine iznimno uspje\u0161an projekt nam je\u00a0<strong>&#8220;Stan u M &#8220;-<\/strong>\u00a0klju\u010d u ruke \u0161to se ti\u010de namje\u0161taja, od ideje preko 3D projekta pa sve do kona\u010dne monta\u017ee i ugradnje aparata.<\/p>\n<p>Jedini limiti u izradi takvog namje\u0161taja su Va\u0161a ma\u0161ta i dimenzije prostora koji \u017eelite opremiti&#8230;<\/p>\n<p>&#8230;za sve ostalo na raspolaganju Vam je M INTERIJER!<\/p>\n<p>[\/et_pb_blurb][\/et_pb_column][\/et_pb_row][\/et_pb_section]<\/p>\n","protected":false},"excerpt":{"rendered":"<p>[et_pb_section bb_built=&#8221;1&#8243; background_color=&#8221;#ffffff&#8221; _builder_version=&#8221;3.0.105&#8243;][et_pb_row][et_pb_column type=&#8221;4_4&#8243;][et_pb_blurb title=&#8221;Namje\u0161taj&#8221; background_layout=&#8221;light&#8221; _builder_version=&#8221;3.0.105&#8243; header_level=&#8221;h3&#8243; header_font=&#8221;|700|||||||&#8221; use_icon=&#8221;off&#8221; url_new_window=&#8221;off&#8221; use_circle=&#8221;off&#8221; use_circle_border=&#8221;off&#8221; icon_placement=&#8221;top&#8221; use_icon_font_size=&#8221;off&#8221; image=&#8221;http:\/\/m-interijer.hr\/site\/wp-content\/uploads\/2018\/02\/namjestaj.jpg&#8221; content_max_width=&#8221;800px&#8221;] Osim kuhinja,\u00a0 izra\u0111ujemo i ostali namje\u0161taj, kao \u0161to su kupaonice, dje\u010dje sobe, ormari, dnevni boravci, kancelarijski namje\u0161taj i sli\u010dni proizvodi od plo\u010dastog materijala Prednost izrade ostalog namje\u0161taja je u tome \u0161to si u M INTERIJER-u uistinu mo\u017eete [&hellip;]<\/p>\n","protected":false},"author":1,"featured_media":0,"parent":0,"menu_order":0,"comment_status":"closed","ping_status":"closed","template":"","meta":{"_et_pb_use_builder":"on","_et_pb_old_content":"","footnotes":""},"class_list":["post-1355","page","type-page","status-publish","hentry"],"yoast_head":"<!-- This site is optimized with the Yoast SEO plugin v24.6 - https:\/\/yoast.com\/wordpress\/plugins\/seo\/ -->\n<title>Namje\u0161taj - M-interijer<\/title>\n<meta name=\"description\" content=\"Osim kuhinja, izra\u0111ujemo i ostali namje\u0161taj, kao \u0161to su kupaonice, dje\u010dje sobe, ormari, dnevni boravci, kancelarijski namje\u0161taj i sli\u010dni proizvodi od plo\u010dastog materijala\" \/>\n<meta name=\"robots\" content=\"index, follow, max-snippet:-1, max-image-preview:large, max-video-preview:-1\" \/>\n<link rel=\"canonical\" href=\"https:\/\/m-interijer.hr\/site\/namjestaj\/\" \/>\n<meta property=\"og:locale\" content=\"hr_HR\" \/>\n<meta property=\"og:type\" content=\"article\" \/>\n<meta property=\"og:title\" content=\"Namje\u0161taj - M-interijer\" \/>\n<meta property=\"og:description\" content=\"Osim kuhinja, izra\u0111ujemo i ostali namje\u0161taj, kao \u0161to su kupaonice, dje\u010dje sobe, ormari, dnevni boravci, kancelarijski namje\u0161taj i sli\u010dni proizvodi od plo\u010dastog materijala\" \/>\n<meta property=\"og:url\" content=\"https:\/\/m-interijer.hr\/site\/namjestaj\/\" \/>\n<meta property=\"og:site_name\" content=\"M-interijer\" \/>\n<meta property=\"article:modified_time\" content=\"2018-03-02T09:49:10+00:00\" \/>\n<meta name=\"twitter:card\" content=\"summary_large_image\" \/>\n<meta name=\"twitter:label1\" content=\"Est. reading time\" \/>\n\t<meta name=\"twitter:data1\" content=\"1 minute\" \/>\n<script type=\"application\/ld+json\" class=\"yoast-schema-graph\">{\"@context\":\"https:\/\/schema.org\",\"@graph\":[{\"@type\":\"WebPage\",\"@id\":\"https:\/\/m-interijer.hr\/site\/namjestaj\/\",\"url\":\"https:\/\/m-interijer.hr\/site\/namjestaj\/\",\"name\":\"Namje\u0161taj - M-interijer\",\"isPartOf\":{\"@id\":\"https:\/\/m-interijer.hr\/site\/#website\"},\"datePublished\":\"2018-02-27T15:42:01+00:00\",\"dateModified\":\"2018-03-02T09:49:10+00:00\",\"description\":\"Osim kuhinja, izra\u0111ujemo i ostali namje\u0161taj, kao \u0161to su kupaonice, dje\u010dje sobe, ormari, dnevni boravci, kancelarijski namje\u0161taj i sli\u010dni proizvodi od plo\u010dastog materijala\",\"breadcrumb\":{\"@id\":\"https:\/\/m-interijer.hr\/site\/namjestaj\/#breadcrumb\"},\"inLanguage\":\"hr-HR\",\"potentialAction\":[{\"@type\":\"ReadAction\",\"target\":[\"https:\/\/m-interijer.hr\/site\/namjestaj\/\"]}]},{\"@type\":\"BreadcrumbList\",\"@id\":\"https:\/\/m-interijer.hr\/site\/namjestaj\/#breadcrumb\",\"itemListElement\":[{\"@type\":\"ListItem\",\"position\":1,\"name\":\"Po\u010detna stranica\",\"item\":\"https:\/\/m-interijer.hr\/site\/\"},{\"@type\":\"ListItem\",\"position\":2,\"name\":\"Namje\u0161taj\"}]},{\"@type\":\"WebSite\",\"@id\":\"https:\/\/m-interijer.hr\/site\/#website\",\"url\":\"https:\/\/m-interijer.hr\/site\/\",\"name\":\"M-interijer\",\"description\":\"Namje\u0161taj po mjeri\",\"publisher\":{\"@id\":\"https:\/\/m-interijer.hr\/site\/#organization\"},\"inLanguage\":\"hr-HR\"},{\"@type\":\"Organization\",\"@id\":\"https:\/\/m-interijer.hr\/site\/#organization\",\"name\":\"M interijer\",\"url\":\"https:\/\/m-interijer.hr\/site\/\",\"logo\":{\"@type\":\"ImageObject\",\"inLanguage\":\"hr-HR\",\"@id\":\"https:\/\/m-interijer.hr\/site\/#\/schema\/logo\/image\/\",\"url\":\"https:\/\/m-interijer.hr\/site\/wp-content\/uploads\/2018\/02\/logo_final.jpg\",\"contentUrl\":\"https:\/\/m-interijer.hr\/site\/wp-content\/uploads\/2018\/02\/logo_final.jpg\",\"width\":864,\"height\":262,\"caption\":\"M interijer\"},\"image\":{\"@id\":\"https:\/\/m-interijer.hr\/site\/#\/schema\/logo\/image\/\"}}]}<\/script>\n<!-- \/ Yoast SEO plugin. -->","yoast_head_json":{"title":"Namje\u0161taj - M-interijer","description":"Osim kuhinja, izra\u0111ujemo i ostali namje\u0161taj, kao \u0161to su kupaonice, dje\u010dje sobe, ormari, dnevni boravci, kancelarijski namje\u0161taj i sli\u010dni proizvodi od plo\u010dastog materijala","robots":{"index":"index","follow":"follow","max-snippet":"max-snippet:-1","max-image-preview":"max-image-preview:large","max-video-preview":"max-video-preview:-1"},"canonical":"https:\/\/m-interijer.hr\/site\/namjestaj\/","og_locale":"hr_HR","og_type":"article","og_title":"Namje\u0161taj - M-interijer","og_description":"Osim kuhinja, izra\u0111ujemo i ostali namje\u0161taj, kao \u0161to su kupaonice, dje\u010dje sobe, ormari, dnevni boravci, kancelarijski namje\u0161taj i sli\u010dni proizvodi od plo\u010dastog materijala","og_url":"https:\/\/m-interijer.hr\/site\/namjestaj\/","og_site_name":"M-interijer","article_modified_time":"2018-03-02T09:49:10+00:00","twitter_card":"summary_large_image","twitter_misc":{"Est. reading time":"1 minute"},"schema":{"@context":"https:\/\/schema.org","@graph":[{"@type":"WebPage","@id":"https:\/\/m-interijer.hr\/site\/namjestaj\/","url":"https:\/\/m-interijer.hr\/site\/namjestaj\/","name":"Namje\u0161taj - M-interijer","isPartOf":{"@id":"https:\/\/m-interijer.hr\/site\/#website"},"datePublished":"2018-02-27T15:42:01+00:00","dateModified":"2018-03-02T09:49:10+00:00","description":"Osim kuhinja, izra\u0111ujemo i ostali namje\u0161taj, kao \u0161to su kupaonice, dje\u010dje sobe, ormari, dnevni boravci, kancelarijski namje\u0161taj i sli\u010dni proizvodi od plo\u010dastog materijala","breadcrumb":{"@id":"https:\/\/m-interijer.hr\/site\/namjestaj\/#breadcrumb"},"inLanguage":"hr-HR","potentialAction":[{"@type":"ReadAction","target":["https:\/\/m-interijer.hr\/site\/namjestaj\/"]}]},{"@type":"BreadcrumbList","@id":"https:\/\/m-interijer.hr\/site\/namjestaj\/#breadcrumb","itemListElement":[{"@type":"ListItem","position":1,"name":"Po\u010detna stranica","item":"https:\/\/m-interijer.hr\/site\/"},{"@type":"ListItem","position":2,"name":"Namje\u0161taj"}]},{"@type":"WebSite","@id":"https:\/\/m-interijer.hr\/site\/#website","url":"https:\/\/m-interijer.hr\/site\/","name":"M-interijer","description":"Namje\u0161taj po mjeri","publisher":{"@id":"https:\/\/m-interijer.hr\/site\/#organization"},"inLanguage":"hr-HR"},{"@type":"Organization","@id":"https:\/\/m-interijer.hr\/site\/#organization","name":"M interijer","url":"https:\/\/m-interijer.hr\/site\/","logo":{"@type":"ImageObject","inLanguage":"hr-HR","@id":"https:\/\/m-interijer.hr\/site\/#\/schema\/logo\/image\/","url":"https:\/\/m-interijer.hr\/site\/wp-content\/uploads\/2018\/02\/logo_final.jpg","contentUrl":"https:\/\/m-interijer.hr\/site\/wp-content\/uploads\/2018\/02\/logo_final.jpg","width":864,"height":262,"caption":"M interijer"},"image":{"@id":"https:\/\/m-interijer.hr\/site\/#\/schema\/logo\/image\/"}}]}},"_links":{"self":[{"href":"https:\/\/m-interijer.hr\/site\/wp-json\/wp\/v2\/pages\/1355"}],"collection":[{"href":"https:\/\/m-interijer.hr\/site\/wp-json\/wp\/v2\/pages"}],"about":[{"href":"https:\/\/m-interijer.hr\/site\/wp-json\/wp\/v2\/types\/page"}],"author":[{"embeddable":true,"href":"https:\/\/m-interijer.hr\/site\/wp-json\/wp\/v2\/users\/1"}],"replies":[{"embeddable":true,"href":"https:\/\/m-interijer.hr\/site\/wp-json\/wp\/v2\/comments?post=1355"}],"version-history":[{"count":5,"href":"https:\/\/m-interijer.hr\/site\/wp-json\/wp\/v2\/pages\/1355\/revisions"}],"predecessor-version":[{"id":1502,"href":"https:\/\/m-interijer.hr\/site\/wp-json\/wp\/v2\/pages\/1355\/revisions\/1502"}],"wp:attachment":[{"href":"https:\/\/m-interijer.hr\/site\/wp-json\/wp\/v2\/media?parent=1355"}],"curies":[{"name":"wp","href":"https:\/\/api.w.org\/{rel}","templated":true}]}}