{"id":1275,"date":"2018-02-27T09:43:52","date_gmt":"2018-02-27T09:43:52","guid":{"rendered":"http:\/\/m-interijer.hr\/site\/?page_id=1275"},"modified":"2021-06-10T20:12:45","modified_gmt":"2021-06-10T20:12:45","slug":"3d-studio","status":"publish","type":"page","link":"https:\/\/m-interijer.hr\/site\/o-nama\/3d-studio\/","title":{"rendered":"3D Design Studio M"},"content":{"rendered":"<p>[et_pb_section bb_built=&#8221;1&#8243; _builder_version=&#8221;3.0.105&#8243; background_color=&#8221;#ffffff&#8221;][et_pb_row _builder_version=&#8221;3.0.105&#8243;][et_pb_column type=&#8221;4_4&#8243;][et_pb_blurb _builder_version=&#8221;3.0.106&#8243; use_icon=&#8221;off&#8221; url_new_window=&#8221;off&#8221; title=&#8221;3D Design Studio M&#8221; use_circle=&#8221;off&#8221; use_circle_border=&#8221;off&#8221; icon_placement=&#8221;top&#8221; use_icon_font_size=&#8221;off&#8221; background_layout=&#8221;light&#8221; image=&#8221;http:\/\/m-interijer.hr\/site\/wp-content\/uploads\/2018\/02\/3Dstudio.jpg&#8221; content_max_width=&#8221;800px&#8221;]<\/p>\n<p>U postizanju optimalnog idejnog rje\u0161enja za izradu kuhinje i ostalog namje\u0161taja nudimo vam stru\u010dnu pomo\u0107 na\u0161e arhitektice koji \u0107e uz savjete i prve skice sa\u010diniti i vrlo realnu kompjutersku simulaciju Va\u0161e nove kuhinje i ostalog namje\u0161taja u simulaciji Va\u0161eg doma.<\/p>\n<p>Takvom simulacijom omogu\u0107avamo Vam da testirate boje i materijale prenose\u0107i vlastitu ma\u0161tu i ideje u izgled va\u0161e nove kuhinje.<\/p>\n<p>Neka prije odluke o proizvodnji Va\u0161e nove kuhinje Va\u0161a ma\u0161ta do\u0111e do izra\u017eaja\u2026..<\/p>\n<p>\u2026..mi smo tu da simuliramo va\u0161e ideje!<\/p>\n<p>Sve ostalo Vam je pri ruci<\/p>\n<p>[\/et_pb_blurb][et_pb_divider _builder_version=&#8221;3.0.105&#8243; show_divider=&#8221;on&#8221; max_width_last_edited=&#8221;on|desktop&#8221; height=&#8221;15px&#8221; color=&#8221;#000000&#8243; \/][et_pb_blurb _builder_version=&#8221;3.0.106&#8243; use_icon=&#8221;off&#8221; url_new_window=&#8221;off&#8221; use_circle=&#8221;off&#8221; use_circle_border=&#8221;off&#8221; icon_placement=&#8221;top&#8221; use_icon_font_size=&#8221;off&#8221; background_layout=&#8221;light&#8221; content_max_width=&#8221;800px&#8221;]<\/p>\n<p><em>voditelj prodaje :\u00a0<\/em><\/p>\n<p>gsm : +385 91 421 383\u00a01<br \/>\ne-mail :<strong>\u00a0<a href=\"mailto:info@m-interijer.hr\">info@m-interijer.hr<\/a>\u00a0<\/strong><\/p>\n<p>3D Design Studio M nalazi se u\u00a0izlo\u017ebenom prostoru M interijeR-a<br \/>\nstranke se primaju od ponedjeljak\u00a0do petak\u00a0:\u00a0<strong>08:00 &#8211; 16:00\u00a0<\/strong>( tel.najavom\u00a0do 18:00 )<br \/>\nsubotom\u00a0od\u00a0<strong>08:00 &#8211; 13:00\u00a0<\/strong>( tel.najavom do 16:00 )<br \/>\nnedjeljem i praznikom zatvoreno<br \/>\n<strong>* uz telefonsku najavu mogu\u0107nost dolaska u salon u bilo koje vrijeme<\/strong><br \/>\ntel \/ fax\u00a0: +385 52 421 383<\/p>\n<p>[\/et_pb_blurb][\/et_pb_column][\/et_pb_row][\/et_pb_section]<\/p>\n","protected":false},"excerpt":{"rendered":"<p>[et_pb_section bb_built=&#8221;1&#8243; _builder_version=&#8221;3.0.105&#8243; background_color=&#8221;#ffffff&#8221;][et_pb_row _builder_version=&#8221;3.0.105&#8243;][et_pb_column type=&#8221;4_4&#8243;][et_pb_blurb _builder_version=&#8221;3.0.106&#8243; use_icon=&#8221;off&#8221; url_new_window=&#8221;off&#8221; title=&#8221;3D Design Studio M&#8221; use_circle=&#8221;off&#8221; use_circle_border=&#8221;off&#8221; icon_placement=&#8221;top&#8221; use_icon_font_size=&#8221;off&#8221; background_layout=&#8221;light&#8221; image=&#8221;http:\/\/m-interijer.hr\/site\/wp-content\/uploads\/2018\/02\/3Dstudio.jpg&#8221; content_max_width=&#8221;800px&#8221;] U postizanju optimalnog idejnog rje\u0161enja za izradu kuhinje i ostalog namje\u0161taja nudimo vam stru\u010dnu pomo\u0107 na\u0161e arhitektice koji \u0107e uz savjete i prve skice sa\u010diniti i vrlo realnu kompjutersku simulaciju Va\u0161e nove kuhinje i ostalog [&hellip;]<\/p>\n","protected":false},"author":1,"featured_media":0,"parent":135,"menu_order":0,"comment_status":"closed","ping_status":"closed","template":"","meta":{"_et_pb_use_builder":"on","_et_pb_old_content":"","footnotes":""},"class_list":["post-1275","page","type-page","status-publish","hentry"],"yoast_head":"<!-- This site is optimized with the Yoast SEO plugin v24.6 - https:\/\/yoast.com\/wordpress\/plugins\/seo\/ -->\n<title>3D Design Studio M - M-interijer<\/title>\n<meta name=\"robots\" content=\"index, follow, max-snippet:-1, max-image-preview:large, max-video-preview:-1\" \/>\n<link rel=\"canonical\" href=\"https:\/\/m-interijer.hr\/site\/o-nama\/3d-studio\/\" \/>\n<meta property=\"og:locale\" content=\"hr_HR\" \/>\n<meta property=\"og:type\" content=\"article\" \/>\n<meta property=\"og:title\" content=\"3D Design Studio M - M-interijer\" \/>\n<meta property=\"og:description\" content=\"[et_pb_section bb_built=&#8221;1&#8243; _builder_version=&#8221;3.0.105&#8243; background_color=&#8221;#ffffff&#8221;][et_pb_row _builder_version=&#8221;3.0.105&#8243;][et_pb_column type=&#8221;4_4&#8243;][et_pb_blurb _builder_version=&#8221;3.0.106&#8243; use_icon=&#8221;off&#8221; url_new_window=&#8221;off&#8221; title=&#8221;3D Design Studio M&#8221; use_circle=&#8221;off&#8221; use_circle_border=&#8221;off&#8221; icon_placement=&#8221;top&#8221; use_icon_font_size=&#8221;off&#8221; background_layout=&#8221;light&#8221; image=&#8221;http:\/\/m-interijer.hr\/site\/wp-content\/uploads\/2018\/02\/3Dstudio.jpg&#8221; content_max_width=&#8221;800px&#8221;] U postizanju optimalnog idejnog rje\u0161enja za izradu kuhinje i ostalog namje\u0161taja nudimo vam stru\u010dnu pomo\u0107 na\u0161e arhitektice koji \u0107e uz savjete i prve skice sa\u010diniti i vrlo realnu kompjutersku simulaciju Va\u0161e nove kuhinje i ostalog [&hellip;]\" \/>\n<meta property=\"og:url\" content=\"https:\/\/m-interijer.hr\/site\/o-nama\/3d-studio\/\" \/>\n<meta property=\"og:site_name\" content=\"M-interijer\" \/>\n<meta property=\"article:modified_time\" content=\"2021-06-10T20:12:45+00:00\" \/>\n<meta name=\"twitter:card\" content=\"summary_large_image\" \/>\n<meta name=\"twitter:label1\" content=\"Est. reading time\" \/>\n\t<meta name=\"twitter:data1\" content=\"1 minute\" \/>\n<script type=\"application\/ld+json\" class=\"yoast-schema-graph\">{\"@context\":\"https:\/\/schema.org\",\"@graph\":[{\"@type\":\"WebPage\",\"@id\":\"https:\/\/m-interijer.hr\/site\/o-nama\/3d-studio\/\",\"url\":\"https:\/\/m-interijer.hr\/site\/o-nama\/3d-studio\/\",\"name\":\"3D Design Studio M - M-interijer\",\"isPartOf\":{\"@id\":\"https:\/\/m-interijer.hr\/site\/#website\"},\"datePublished\":\"2018-02-27T09:43:52+00:00\",\"dateModified\":\"2021-06-10T20:12:45+00:00\",\"breadcrumb\":{\"@id\":\"https:\/\/m-interijer.hr\/site\/o-nama\/3d-studio\/#breadcrumb\"},\"inLanguage\":\"hr-HR\",\"potentialAction\":[{\"@type\":\"ReadAction\",\"target\":[\"https:\/\/m-interijer.hr\/site\/o-nama\/3d-studio\/\"]}]},{\"@type\":\"BreadcrumbList\",\"@id\":\"https:\/\/m-interijer.hr\/site\/o-nama\/3d-studio\/#breadcrumb\",\"itemListElement\":[{\"@type\":\"ListItem\",\"position\":1,\"name\":\"Po\u010detna stranica\",\"item\":\"https:\/\/m-interijer.hr\/site\/\"},{\"@type\":\"ListItem\",\"position\":2,\"name\":\"O nama\",\"item\":\"https:\/\/m-interijer.hr\/site\/o-nama\/\"},{\"@type\":\"ListItem\",\"position\":3,\"name\":\"3D Design Studio M\"}]},{\"@type\":\"WebSite\",\"@id\":\"https:\/\/m-interijer.hr\/site\/#website\",\"url\":\"https:\/\/m-interijer.hr\/site\/\",\"name\":\"M-interijer\",\"description\":\"Namje\u0161taj po mjeri\",\"publisher\":{\"@id\":\"https:\/\/m-interijer.hr\/site\/#organization\"},\"inLanguage\":\"hr-HR\"},{\"@type\":\"Organization\",\"@id\":\"https:\/\/m-interijer.hr\/site\/#organization\",\"name\":\"M interijer\",\"url\":\"https:\/\/m-interijer.hr\/site\/\",\"logo\":{\"@type\":\"ImageObject\",\"inLanguage\":\"hr-HR\",\"@id\":\"https:\/\/m-interijer.hr\/site\/#\/schema\/logo\/image\/\",\"url\":\"https:\/\/m-interijer.hr\/site\/wp-content\/uploads\/2018\/02\/logo_final.jpg\",\"contentUrl\":\"https:\/\/m-interijer.hr\/site\/wp-content\/uploads\/2018\/02\/logo_final.jpg\",\"width\":864,\"height\":262,\"caption\":\"M interijer\"},\"image\":{\"@id\":\"https:\/\/m-interijer.hr\/site\/#\/schema\/logo\/image\/\"}}]}<\/script>\n<!-- \/ Yoast SEO plugin. -->","yoast_head_json":{"title":"3D Design Studio M - M-interijer","robots":{"index":"index","follow":"follow","max-snippet":"max-snippet:-1","max-image-preview":"max-image-preview:large","max-video-preview":"max-video-preview:-1"},"canonical":"https:\/\/m-interijer.hr\/site\/o-nama\/3d-studio\/","og_locale":"hr_HR","og_type":"article","og_title":"3D Design Studio M - M-interijer","og_description":"[et_pb_section bb_built=&#8221;1&#8243; _builder_version=&#8221;3.0.105&#8243; background_color=&#8221;#ffffff&#8221;][et_pb_row _builder_version=&#8221;3.0.105&#8243;][et_pb_column type=&#8221;4_4&#8243;][et_pb_blurb _builder_version=&#8221;3.0.106&#8243; use_icon=&#8221;off&#8221; url_new_window=&#8221;off&#8221; title=&#8221;3D Design Studio M&#8221; use_circle=&#8221;off&#8221; use_circle_border=&#8221;off&#8221; icon_placement=&#8221;top&#8221; use_icon_font_size=&#8221;off&#8221; background_layout=&#8221;light&#8221; image=&#8221;http:\/\/m-interijer.hr\/site\/wp-content\/uploads\/2018\/02\/3Dstudio.jpg&#8221; content_max_width=&#8221;800px&#8221;] U postizanju optimalnog idejnog rje\u0161enja za izradu kuhinje i ostalog namje\u0161taja nudimo vam stru\u010dnu pomo\u0107 na\u0161e arhitektice koji \u0107e uz savjete i prve skice sa\u010diniti i vrlo realnu kompjutersku simulaciju Va\u0161e nove kuhinje i ostalog [&hellip;]","og_url":"https:\/\/m-interijer.hr\/site\/o-nama\/3d-studio\/","og_site_name":"M-interijer","article_modified_time":"2021-06-10T20:12:45+00:00","twitter_card":"summary_large_image","twitter_misc":{"Est. reading time":"1 minute"},"schema":{"@context":"https:\/\/schema.org","@graph":[{"@type":"WebPage","@id":"https:\/\/m-interijer.hr\/site\/o-nama\/3d-studio\/","url":"https:\/\/m-interijer.hr\/site\/o-nama\/3d-studio\/","name":"3D Design Studio M - M-interijer","isPartOf":{"@id":"https:\/\/m-interijer.hr\/site\/#website"},"datePublished":"2018-02-27T09:43:52+00:00","dateModified":"2021-06-10T20:12:45+00:00","breadcrumb":{"@id":"https:\/\/m-interijer.hr\/site\/o-nama\/3d-studio\/#breadcrumb"},"inLanguage":"hr-HR","potentialAction":[{"@type":"ReadAction","target":["https:\/\/m-interijer.hr\/site\/o-nama\/3d-studio\/"]}]},{"@type":"BreadcrumbList","@id":"https:\/\/m-interijer.hr\/site\/o-nama\/3d-studio\/#breadcrumb","itemListElement":[{"@type":"ListItem","position":1,"name":"Po\u010detna stranica","item":"https:\/\/m-interijer.hr\/site\/"},{"@type":"ListItem","position":2,"name":"O nama","item":"https:\/\/m-interijer.hr\/site\/o-nama\/"},{"@type":"ListItem","position":3,"name":"3D Design Studio M"}]},{"@type":"WebSite","@id":"https:\/\/m-interijer.hr\/site\/#website","url":"https:\/\/m-interijer.hr\/site\/","name":"M-interijer","description":"Namje\u0161taj po mjeri","publisher":{"@id":"https:\/\/m-interijer.hr\/site\/#organization"},"inLanguage":"hr-HR"},{"@type":"Organization","@id":"https:\/\/m-interijer.hr\/site\/#organization","name":"M interijer","url":"https:\/\/m-interijer.hr\/site\/","logo":{"@type":"ImageObject","inLanguage":"hr-HR","@id":"https:\/\/m-interijer.hr\/site\/#\/schema\/logo\/image\/","url":"https:\/\/m-interijer.hr\/site\/wp-content\/uploads\/2018\/02\/logo_final.jpg","contentUrl":"https:\/\/m-interijer.hr\/site\/wp-content\/uploads\/2018\/02\/logo_final.jpg","width":864,"height":262,"caption":"M interijer"},"image":{"@id":"https:\/\/m-interijer.hr\/site\/#\/schema\/logo\/image\/"}}]}},"_links":{"self":[{"href":"https:\/\/m-interijer.hr\/site\/wp-json\/wp\/v2\/pages\/1275"}],"collection":[{"href":"https:\/\/m-interijer.hr\/site\/wp-json\/wp\/v2\/pages"}],"about":[{"href":"https:\/\/m-interijer.hr\/site\/wp-json\/wp\/v2\/types\/page"}],"author":[{"embeddable":true,"href":"https:\/\/m-interijer.hr\/site\/wp-json\/wp\/v2\/users\/1"}],"replies":[{"embeddable":true,"href":"https:\/\/m-interijer.hr\/site\/wp-json\/wp\/v2\/comments?post=1275"}],"version-history":[{"count":8,"href":"https:\/\/m-interijer.hr\/site\/wp-json\/wp\/v2\/pages\/1275\/revisions"}],"predecessor-version":[{"id":2535,"href":"https:\/\/m-interijer.hr\/site\/wp-json\/wp\/v2\/pages\/1275\/revisions\/2535"}],"up":[{"embeddable":true,"href":"https:\/\/m-interijer.hr\/site\/wp-json\/wp\/v2\/pages\/135"}],"wp:attachment":[{"href":"https:\/\/m-interijer.hr\/site\/wp-json\/wp\/v2\/media?parent=1275"}],"curies":[{"name":"wp","href":"https:\/\/api.w.org\/{rel}","templated":true}]}}